{"id":9284,"date":"2024-04-06T10:48:16","date_gmt":"2024-04-06T10:48:16","guid":{"rendered":"https:\/\/smart-solutions.pl\/unicomp-versatile-industrial-microtomography-system\/"},"modified":"2024-10-23T16:05:06","modified_gmt":"2024-10-23T16:05:06","slug":"unicomp-versatile-industrial-microtomography-system","status":"publish","type":"page","link":"https:\/\/smart-solutions.pl\/en\/unicomp-versatile-industrial-microtomography-system\/","title":{"rendered":"Unicomp &#8211; Versatile industrial microtomography system"},"content":{"rendered":"\t\t<div data-elementor-type=\"wp-page\" data-elementor-id=\"9284\" class=\"elementor elementor-9284\" data-elementor-post-type=\"page\">\n\t\t\t\t\t\t<section class=\"elementor-section elementor-top-section elementor-element elementor-element-c1e2904 elementor-section-height-min-height elementor-section-boxed elementor-section-height-default elementor-section-items-middle\" data-id=\"c1e2904\" data-element_type=\"section\" data-e-type=\"section\" data-settings=\"{&quot;background_background&quot;:&quot;classic&quot;}\">\n\t\t\t\t\t\t\t<div class=\"elementor-background-overlay\"><\/div>\n\t\t\t\t\t\t\t<div class=\"elementor-container elementor-column-gap-default\">\n\t\t\t\t\t<div class=\"elementor-column elementor-col-100 elementor-top-column elementor-element elementor-element-3f091ac\" data-id=\"3f091ac\" data-element_type=\"column\" data-e-type=\"column\">\n\t\t\t<div class=\"elementor-widget-wrap elementor-element-populated\">\n\t\t\t\t\t\t<div class=\"elementor-element elementor-element-d785385 elementor-widget elementor-widget-heading\" data-id=\"d785385\" data-element_type=\"widget\" data-e-type=\"widget\" data-widget_type=\"heading.default\">\n\t\t\t\t<div class=\"elementor-widget-container\">\n\t\t\t\t\t<h1 class=\"elementor-heading-title elementor-size-default\">Versatile CT industrial <br>tomography systems<\/h1>\t\t\t\t<\/div>\n\t\t\t\t<\/div>\n\t\t\t\t\t<\/div>\n\t\t<\/div>\n\t\t\t\t\t<\/div>\n\t\t<\/section>\n\t\t\t\t<section class=\"elementor-section elementor-top-section elementor-element elementor-element-a8a45b8 elementor-section-boxed elementor-section-height-default elementor-section-height-default\" data-id=\"a8a45b8\" data-element_type=\"section\" data-e-type=\"section\">\n\t\t\t\t\t\t<div class=\"elementor-container elementor-column-gap-default\">\n\t\t\t\t\t<div class=\"elementor-column elementor-col-100 elementor-top-column elementor-element elementor-element-3c401ea\" data-id=\"3c401ea\" data-element_type=\"column\" data-e-type=\"column\">\n\t\t\t<div class=\"elementor-widget-wrap elementor-element-populated\">\n\t\t\t\t\t\t<div class=\"elementor-element elementor-element-5ccff79 elementor-widget elementor-widget-text-editor\" data-id=\"5ccff79\" data-element_type=\"widget\" data-e-type=\"widget\" data-widget_type=\"text-editor.default\">\n\t\t\t\t<div class=\"elementor-widget-container\">\n\t\t\t\t\t\t\t\t\t<p>Industrial tomography has become the standard and leading method in the NDT segment.<\/p>\n<p>Most leading manufacturers in the automotive, aerospace and Li-ion battery industries require CT examinations from their contractors and use this type of diagnostics at least at one stage in the production process. More and more companies are becoming aware of the possibilities of microtomography in the constantly growing market requirements, regarding product quality.<\/p>\n<p>We offer versatile Unicomp CT systems equipped with the highest-quality components. We offer versatile Unicomp CT systems equipped with the highest-quality components. A wide range of X-ray lamps the system can be equipped with, allow scanning and analysing many types of samples in different sizes, geometry and density. Combined with the highest-class flat detectors, our systems provide sharp and high-resolution images, which allows to capture the smallest defects and characteristics possible. Thanks to CT scans and data the non-destructive analysis possibilities are limitless. Advance geometric measurements, CAD compering, wall-thickness and porosity analysis are just at hand.<\/p>\n<p>Contact us and you will find out what problems tomographic analysis can help you solve, and our qualified stuff will help you choose the right CT system that will meet all your requirements and moreover, fit your budget.<\/p>\n\t\t\t\t\t\t\t\t<\/div>\n\t\t\t\t<\/div>\n\t\t\t\t\t<\/div>\n\t\t<\/div>\n\t\t\t\t\t<\/div>\n\t\t<\/section>\n\t\t\t\t<section class=\"elementor-section elementor-top-section elementor-element elementor-element-bc024e0 elementor-section-boxed elementor-section-height-default elementor-section-height-default\" data-id=\"bc024e0\" data-element_type=\"section\" data-e-type=\"section\">\n\t\t\t\t\t\t<div class=\"elementor-container elementor-column-gap-default\">\n\t\t\t\t\t<div class=\"elementor-column elementor-col-25 elementor-top-column elementor-element elementor-element-8f9224d\" data-id=\"8f9224d\" data-element_type=\"column\" data-e-type=\"column\">\n\t\t\t<div class=\"elementor-widget-wrap\">\n\t\t\t\t\t\t\t<\/div>\n\t\t<\/div>\n\t\t\t\t<div class=\"elementor-column elementor-col-25 elementor-top-column elementor-element elementor-element-99f5935\" data-id=\"99f5935\" data-element_type=\"column\" data-e-type=\"column\">\n\t\t\t<div class=\"elementor-widget-wrap elementor-element-populated\">\n\t\t\t\t\t\t<div class=\"elementor-element elementor-element-83eca43 elementor-widget elementor-widget-heading\" data-id=\"83eca43\" data-element_type=\"widget\" data-e-type=\"widget\" data-widget_type=\"heading.default\">\n\t\t\t\t<div class=\"elementor-widget-container\">\n\t\t\t\t\t<h2 class=\"elementor-heading-title elementor-size-default\">Unicomp - UNCT2600<\/h2>\t\t\t\t<\/div>\n\t\t\t\t<\/div>\n\t\t\t\t<div class=\"elementor-element elementor-element-f6cde0c elementor-widget elementor-widget-image\" data-id=\"f6cde0c\" data-element_type=\"widget\" data-e-type=\"widget\" data-widget_type=\"image.default\">\n\t\t\t\t<div class=\"elementor-widget-container\">\n\t\t\t\t\t\t\t\t\t\t\t\t\t\t\t<img fetchpriority=\"high\" decoding=\"async\" width=\"500\" height=\"500\" src=\"https:\/\/smart-solutions.pl\/wp-content\/uploads\/2024\/09\/smart-solutions.pl-UNCT3100.png\" class=\"attachment-full size-full wp-image-11757\" alt=\"smart-solutions.pl - UNCT3100\" srcset=\"https:\/\/smart-solutions.pl\/wp-content\/uploads\/2024\/09\/smart-solutions.pl-UNCT3100.png 500w, https:\/\/smart-solutions.pl\/wp-content\/uploads\/2024\/09\/smart-solutions.pl-UNCT3100-300x300.png 300w, https:\/\/smart-solutions.pl\/wp-content\/uploads\/2024\/09\/smart-solutions.pl-UNCT3100-150x150.png 150w\" sizes=\"(max-width: 500px) 100vw, 500px\" \/>\t\t\t\t\t\t\t\t\t\t\t\t\t\t\t<\/div>\n\t\t\t\t<\/div>\n\t\t\t\t<div class=\"elementor-element elementor-element-e90e733 elementor-widget elementor-widget-html\" data-id=\"e90e733\" data-element_type=\"widget\" data-e-type=\"widget\" data-widget_type=\"html.default\">\n\t\t\t\t<div class=\"elementor-widget-container\">\n\t\t\t\t\t<table>\n<thead>\n<tr>\n<td><b>Lamp<\/b><\/th><th><font color=\"#002F6C\"> 160kV<\/font><\/td>\n<\/tr>\n<\/thead>\n<tbody>\n<tr>\n<td><b>Analisis<\/b><\/td><th><font color=\"#002F6C\">2D, 3D<\/font><\/th>\n<\/tr>\n<tr>\n<td><b>Dimensions<\/b><\/td>\n<td><img decoding=\"async\" src=\"https:\/\/smart-solutions.pl\/wp-content\/uploads\/2022\/12\/circle-full.png\" width=\"18\" height=\"18\"> <img decoding=\"async\" src=\"https:\/\/smart-solutions.pl\/wp-content\/uploads\/2022\/12\/circle-full.png\" width=\"18\" height=\"18\"> <img decoding=\"async\" src=\"https:\/\/smart-solutions.pl\/wp-content\/uploads\/2022\/12\/circle-full.png\" width=\"18\" height=\"18\"> <img decoding=\"async\" src=\"https:\/\/smart-solutions.pl\/wp-content\/uploads\/2022\/12\/circle-empty.png\" width=\"18\" height=\"18\"> <img decoding=\"async\" src=\"https:\/\/smart-solutions.pl\/wp-content\/uploads\/2022\/12\/circle-empty.png\" width=\"18\" height=\"18\"><\/td>\n<\/tr>\n<tr>\n<td><b>Weight<\/b><\/td>\n<td><img decoding=\"async\" src=\"https:\/\/smart-solutions.pl\/wp-content\/uploads\/2022\/12\/circle-full.png\" width=\"18\" height=\"18\"> <img decoding=\"async\" src=\"https:\/\/smart-solutions.pl\/wp-content\/uploads\/2022\/12\/circle-full.png\" width=\"18\" height=\"18\"> <img decoding=\"async\" src=\"https:\/\/smart-solutions.pl\/wp-content\/uploads\/2022\/12\/circle-full.png\" width=\"18\" height=\"18\"> <img decoding=\"async\" src=\"https:\/\/smart-solutions.pl\/wp-content\/uploads\/2022\/12\/circle-empty.png\" width=\"18\" height=\"18\"> <img decoding=\"async\" src=\"https:\/\/smart-solutions.pl\/wp-content\/uploads\/2022\/12\/circle-empty.png\" width=\"18\" height=\"18\"><\/td>\n<\/tr>\n<\/tbody>\n<\/table>\t\t\t\t<\/div>\n\t\t\t\t<\/div>\n\t\t\t\t\t<\/div>\n\t\t<\/div>\n\t\t\t\t<div class=\"elementor-column elementor-col-25 elementor-top-column elementor-element elementor-element-364e986\" data-id=\"364e986\" data-element_type=\"column\" data-e-type=\"column\">\n\t\t\t<div class=\"elementor-widget-wrap elementor-element-populated\">\n\t\t\t\t\t\t<div class=\"elementor-element elementor-element-210e034 elementor-widget elementor-widget-heading\" data-id=\"210e034\" data-element_type=\"widget\" data-e-type=\"widget\" data-widget_type=\"heading.default\">\n\t\t\t\t<div class=\"elementor-widget-container\">\n\t\t\t\t\t<h2 class=\"elementor-heading-title elementor-size-default\">Unicomp - UNCT2600<\/h2>\t\t\t\t<\/div>\n\t\t\t\t<\/div>\n\t\t\t\t<div class=\"elementor-element elementor-element-3774144 elementor-widget elementor-widget-image\" data-id=\"3774144\" data-element_type=\"widget\" data-e-type=\"widget\" data-widget_type=\"image.default\">\n\t\t\t\t<div class=\"elementor-widget-container\">\n\t\t\t\t\t\t\t\t\t\t\t\t\t\t\t<img loading=\"lazy\" decoding=\"async\" width=\"500\" height=\"500\" src=\"https:\/\/smart-solutions.pl\/wp-content\/uploads\/2024\/04\/smart-solutions.pl-unicomp-UNCT-2600-1.png\" class=\"attachment-full size-full wp-image-9339\" alt=\"Unicomp - UNCT-2600\" srcset=\"https:\/\/smart-solutions.pl\/wp-content\/uploads\/2024\/04\/smart-solutions.pl-unicomp-UNCT-2600-1.png 500w, https:\/\/smart-solutions.pl\/wp-content\/uploads\/2024\/04\/smart-solutions.pl-unicomp-UNCT-2600-1-300x300.png 300w, https:\/\/smart-solutions.pl\/wp-content\/uploads\/2024\/04\/smart-solutions.pl-unicomp-UNCT-2600-1-150x150.png 150w\" sizes=\"(max-width: 500px) 100vw, 500px\" \/>\t\t\t\t\t\t\t\t\t\t\t\t\t\t\t<\/div>\n\t\t\t\t<\/div>\n\t\t\t\t<div class=\"elementor-element elementor-element-165c8bb elementor-widget elementor-widget-html\" data-id=\"165c8bb\" data-element_type=\"widget\" data-e-type=\"widget\" data-widget_type=\"html.default\">\n\t\t\t\t<div class=\"elementor-widget-container\">\n\t\t\t\t\t<table>\n<thead>\n<tr>\n<td><b>Lamp<\/b><\/th><th><font color=\"#002F6C\"> 225kV<\/font><\/td>\n<\/tr>\n<\/thead>\n<tbody>\n<tr>\n<td><b>Analisis<\/b><\/td><th><font color=\"#002F6C\">2D, 3D<\/font><\/th>\n<\/tr>\n<tr>\n<td><b>Dimensions<\/b><\/td>\n<td><img decoding=\"async\" src=\"https:\/\/smart-solutions.pl\/wp-content\/uploads\/2022\/12\/circle-full.png\" width=\"18\" height=\"18\"> <img decoding=\"async\" src=\"https:\/\/smart-solutions.pl\/wp-content\/uploads\/2022\/12\/circle-full.png\" width=\"18\" height=\"18\"> <img decoding=\"async\" src=\"https:\/\/smart-solutions.pl\/wp-content\/uploads\/2022\/12\/circle-full.png\" width=\"18\" height=\"18\"> <img decoding=\"async\" src=\"https:\/\/smart-solutions.pl\/wp-content\/uploads\/2022\/12\/circle-full.png\" width=\"18\" height=\"18\"> <img decoding=\"async\" src=\"https:\/\/smart-solutions.pl\/wp-content\/uploads\/2022\/12\/circle-empty.png\" width=\"18\" height=\"18\"><\/td>\n<\/tr>\n<tr>\n<td><b>Weight<\/b><\/td>\n<td><img decoding=\"async\" src=\"https:\/\/smart-solutions.pl\/wp-content\/uploads\/2022\/12\/circle-full.png\" width=\"18\" height=\"18\"> <img decoding=\"async\" src=\"https:\/\/smart-solutions.pl\/wp-content\/uploads\/2022\/12\/circle-full.png\" width=\"18\" height=\"18\"> <img decoding=\"async\" src=\"https:\/\/smart-solutions.pl\/wp-content\/uploads\/2022\/12\/circle-full.png\" width=\"18\" height=\"18\"> <img decoding=\"async\" src=\"https:\/\/smart-solutions.pl\/wp-content\/uploads\/2022\/12\/circle-full.png\" width=\"18\" height=\"18\"> <img decoding=\"async\" src=\"https:\/\/smart-solutions.pl\/wp-content\/uploads\/2022\/12\/circle-empty.png\" width=\"18\" height=\"18\"><\/td>\n<\/tr>\n<\/tbody>\n<\/table>\t\t\t\t<\/div>\n\t\t\t\t<\/div>\n\t\t\t\t\t<\/div>\n\t\t<\/div>\n\t\t\t\t<div class=\"elementor-column elementor-col-25 elementor-top-column elementor-element elementor-element-28db326\" data-id=\"28db326\" data-element_type=\"column\" data-e-type=\"column\">\n\t\t\t<div class=\"elementor-widget-wrap\">\n\t\t\t\t\t\t\t<\/div>\n\t\t<\/div>\n\t\t\t\t\t<\/div>\n\t\t<\/section>\n\t\t\t\t<section class=\"elementor-section elementor-top-section elementor-element elementor-element-4b49de1 elementor-section-boxed elementor-section-height-default elementor-section-height-default\" data-id=\"4b49de1\" data-element_type=\"section\" data-e-type=\"section\">\n\t\t\t\t\t\t<div class=\"elementor-container elementor-column-gap-default\">\n\t\t\t\t\t<div class=\"elementor-column elementor-col-100 elementor-top-column elementor-element elementor-element-194508e\" data-id=\"194508e\" data-element_type=\"column\" data-e-type=\"column\">\n\t\t\t<div class=\"elementor-widget-wrap elementor-element-populated\">\n\t\t\t\t\t\t<div class=\"elementor-element elementor-element-507dfa0 elementor-widget elementor-widget-heading\" data-id=\"507dfa0\" data-element_type=\"widget\" data-e-type=\"widget\" data-widget_type=\"heading.default\">\n\t\t\t\t<div class=\"elementor-widget-container\">\n\t\t\t\t\t<h2 class=\"elementor-heading-title elementor-size-default\">For more information,<br>contact us<\/h2>\t\t\t\t<\/div>\n\t\t\t\t<\/div>\n\t\t\t\t<div class=\"elementor-element elementor-element-4165e81 elementor-align-center elementor-widget elementor-widget-button\" data-id=\"4165e81\" data-element_type=\"widget\" data-e-type=\"widget\" data-widget_type=\"button.default\">\n\t\t\t\t<div class=\"elementor-widget-container\">\n\t\t\t\t\t\t\t\t\t<div class=\"elementor-button-wrapper\">\n\t\t\t\t\t<a class=\"elementor-button elementor-button-link elementor-size-sm elementor-animation-bob\" href=\"https:\/\/smart-solutions.pl\/en\/contact\/\">\n\t\t\t\t\t\t<span class=\"elementor-button-content-wrapper\">\n\t\t\t\t\t\t\t\t\t<span class=\"elementor-button-text\">Contact<\/span>\n\t\t\t\t\t<\/span>\n\t\t\t\t\t<\/a>\n\t\t\t\t<\/div>\n\t\t\t\t\t\t\t\t<\/div>\n\t\t\t\t<\/div>\n\t\t\t\t\t<\/div>\n\t\t<\/div>\n\t\t\t\t\t<\/div>\n\t\t<\/section>\n\t\t\t\t<\/div>\n\t\t","protected":false},"excerpt":{"rendered":"<p>Versatile CT industrial tomography systems Industrial tomography has become the standard and leading method in the NDT segment. Most leading manufacturers in the automotive, aerospace and Li-ion battery industries require CT examinations from their contractors and use this type of diagnostics at least at one stage in the production process. More and more companies are [&hellip;]<\/p>\n","protected":false},"author":1,"featured_media":0,"parent":0,"menu_order":0,"comment_status":"closed","ping_status":"closed","template":"","meta":{"footnotes":""},"class_list":["post-9284","page","type-page","status-publish","hentry"],"yoast_head":"<!-- This site is optimized with the Yoast SEO plugin v27.2 - https:\/\/yoast.com\/product\/yoast-seo-wordpress\/ -->\n<title>Unicomp - Versatile industrial microtomography system - smart-solutions<\/title>\n<meta name=\"robots\" content=\"index, follow, max-snippet:-1, max-image-preview:large, max-video-preview:-1\" \/>\n<link rel=\"canonical\" href=\"https:\/\/smart-solutions.pl\/en\/unicomp-versatile-industrial-microtomography-system\/\" \/>\n<meta property=\"og:locale\" content=\"en_US\" \/>\n<meta property=\"og:type\" content=\"article\" \/>\n<meta property=\"og:title\" content=\"Unicomp - Versatile industrial microtomography system - smart-solutions\" \/>\n<meta property=\"og:description\" content=\"Versatile CT industrial tomography systems Industrial tomography has become the standard and leading method in the NDT segment. Most leading manufacturers in the automotive, aerospace and Li-ion battery industries require CT examinations from their contractors and use this type of diagnostics at least at one stage in the production process. More and more companies are [&hellip;]\" \/>\n<meta property=\"og:url\" content=\"https:\/\/smart-solutions.pl\/en\/unicomp-versatile-industrial-microtomography-system\/\" \/>\n<meta property=\"og:site_name\" content=\"smart-solutions\" \/>\n<meta property=\"article:publisher\" content=\"https:\/\/www.facebook.com\/SmartSolutions3DMetrology\" \/>\n<meta property=\"article:modified_time\" content=\"2024-10-23T16:05:06+00:00\" \/>\n<meta property=\"og:image\" content=\"https:\/\/smart-solutions.pl\/wp-content\/uploads\/2024\/09\/smart-solutions.pl-UNCT3100.png\" \/>\n\t<meta property=\"og:image:width\" content=\"500\" \/>\n\t<meta property=\"og:image:height\" content=\"500\" \/>\n\t<meta property=\"og:image:type\" content=\"image\/png\" \/>\n<meta name=\"twitter:card\" content=\"summary_large_image\" \/>\n<meta name=\"twitter:label1\" content=\"Est. reading time\" \/>\n\t<meta name=\"twitter:data1\" content=\"1 minute\" \/>\n<script type=\"application\/ld+json\" class=\"yoast-schema-graph\">{\"@context\":\"https:\/\/schema.org\",\"@graph\":[{\"@type\":\"WebPage\",\"@id\":\"https:\/\/smart-solutions.pl\/en\/unicomp-versatile-industrial-microtomography-system\/\",\"url\":\"https:\/\/smart-solutions.pl\/en\/unicomp-versatile-industrial-microtomography-system\/\",\"name\":\"Unicomp - Versatile industrial microtomography system - smart-solutions\",\"isPartOf\":{\"@id\":\"https:\/\/smart-solutions.pl\/en\/#website\"},\"primaryImageOfPage\":{\"@id\":\"https:\/\/smart-solutions.pl\/en\/unicomp-versatile-industrial-microtomography-system\/#primaryimage\"},\"image\":{\"@id\":\"https:\/\/smart-solutions.pl\/en\/unicomp-versatile-industrial-microtomography-system\/#primaryimage\"},\"thumbnailUrl\":\"https:\/\/smart-solutions.pl\/wp-content\/uploads\/2024\/09\/smart-solutions.pl-UNCT3100.png\",\"datePublished\":\"2024-04-06T10:48:16+00:00\",\"dateModified\":\"2024-10-23T16:05:06+00:00\",\"breadcrumb\":{\"@id\":\"https:\/\/smart-solutions.pl\/en\/unicomp-versatile-industrial-microtomography-system\/#breadcrumb\"},\"inLanguage\":\"en-US\",\"potentialAction\":[{\"@type\":\"ReadAction\",\"target\":[\"https:\/\/smart-solutions.pl\/en\/unicomp-versatile-industrial-microtomography-system\/\"]}]},{\"@type\":\"ImageObject\",\"inLanguage\":\"en-US\",\"@id\":\"https:\/\/smart-solutions.pl\/en\/unicomp-versatile-industrial-microtomography-system\/#primaryimage\",\"url\":\"https:\/\/smart-solutions.pl\/wp-content\/uploads\/2024\/09\/smart-solutions.pl-UNCT3100.png\",\"contentUrl\":\"https:\/\/smart-solutions.pl\/wp-content\/uploads\/2024\/09\/smart-solutions.pl-UNCT3100.png\"},{\"@type\":\"BreadcrumbList\",\"@id\":\"https:\/\/smart-solutions.pl\/en\/unicomp-versatile-industrial-microtomography-system\/#breadcrumb\",\"itemListElement\":[{\"@type\":\"ListItem\",\"position\":1,\"name\":\"Strona g\u0142\u00f3wna\",\"item\":\"https:\/\/smart-solutions.pl\/en\/\"},{\"@type\":\"ListItem\",\"position\":2,\"name\":\"Unicomp &#8211; Versatile industrial microtomography system\"}]},{\"@type\":\"WebSite\",\"@id\":\"https:\/\/smart-solutions.pl\/en\/#website\",\"url\":\"https:\/\/smart-solutions.pl\/en\/\",\"name\":\"smart-solutions\",\"description\":\"Sprzeda\u017c system\u00f3w i realizacja us\u0142ug, doradztwo w zakresie precyzyjnych pomiar\u00f3w metrologicznych i bada\u0144 nieniszcz\u0105cych CT\",\"publisher\":{\"@id\":\"https:\/\/smart-solutions.pl\/en\/#organization\"},\"potentialAction\":[{\"@type\":\"SearchAction\",\"target\":{\"@type\":\"EntryPoint\",\"urlTemplate\":\"https:\/\/smart-solutions.pl\/en\/?s={search_term_string}\"},\"query-input\":{\"@type\":\"PropertyValueSpecification\",\"valueRequired\":true,\"valueName\":\"search_term_string\"}}],\"inLanguage\":\"en-US\"},{\"@type\":\"Organization\",\"@id\":\"https:\/\/smart-solutions.pl\/en\/#organization\",\"name\":\"Smart Solutions sp. z o.o.\",\"url\":\"https:\/\/smart-solutions.pl\/en\/\",\"logo\":{\"@type\":\"ImageObject\",\"inLanguage\":\"en-US\",\"@id\":\"https:\/\/smart-solutions.pl\/en\/#\/schema\/logo\/image\/\",\"url\":\"https:\/\/smart-solutions.pl\/wp-content\/uploads\/2021\/10\/smart_solutions_logo.png\",\"contentUrl\":\"https:\/\/smart-solutions.pl\/wp-content\/uploads\/2021\/10\/smart_solutions_logo.png\",\"width\":500,\"height\":200,\"caption\":\"Smart Solutions sp. z o.o.\"},\"image\":{\"@id\":\"https:\/\/smart-solutions.pl\/en\/#\/schema\/logo\/image\/\"},\"sameAs\":[\"https:\/\/www.facebook.com\/SmartSolutions3DMetrology\",\"https:\/\/www.linkedin.com\/company\/smart-metrology\/\",\"https:\/\/www.instagram.com\/smart_metrology_\/\",\"https:\/\/www.youtube.com\/channel\/UCuvAShwl3fMnucOW1hcGi4g\/featured\"]}]}<\/script>\n<!-- \/ Yoast SEO plugin. -->","yoast_head_json":{"title":"Unicomp - Versatile industrial microtomography system - smart-solutions","robots":{"index":"index","follow":"follow","max-snippet":"max-snippet:-1","max-image-preview":"max-image-preview:large","max-video-preview":"max-video-preview:-1"},"canonical":"https:\/\/smart-solutions.pl\/en\/unicomp-versatile-industrial-microtomography-system\/","og_locale":"en_US","og_type":"article","og_title":"Unicomp - Versatile industrial microtomography system - smart-solutions","og_description":"Versatile CT industrial tomography systems Industrial tomography has become the standard and leading method in the NDT segment. Most leading manufacturers in the automotive, aerospace and Li-ion battery industries require CT examinations from their contractors and use this type of diagnostics at least at one stage in the production process. More and more companies are [&hellip;]","og_url":"https:\/\/smart-solutions.pl\/en\/unicomp-versatile-industrial-microtomography-system\/","og_site_name":"smart-solutions","article_publisher":"https:\/\/www.facebook.com\/SmartSolutions3DMetrology","article_modified_time":"2024-10-23T16:05:06+00:00","og_image":[{"width":500,"height":500,"url":"https:\/\/smart-solutions.pl\/wp-content\/uploads\/2024\/09\/smart-solutions.pl-UNCT3100.png","type":"image\/png"}],"twitter_card":"summary_large_image","twitter_misc":{"Est. reading time":"1 minute"},"schema":{"@context":"https:\/\/schema.org","@graph":[{"@type":"WebPage","@id":"https:\/\/smart-solutions.pl\/en\/unicomp-versatile-industrial-microtomography-system\/","url":"https:\/\/smart-solutions.pl\/en\/unicomp-versatile-industrial-microtomography-system\/","name":"Unicomp - Versatile industrial microtomography system - smart-solutions","isPartOf":{"@id":"https:\/\/smart-solutions.pl\/en\/#website"},"primaryImageOfPage":{"@id":"https:\/\/smart-solutions.pl\/en\/unicomp-versatile-industrial-microtomography-system\/#primaryimage"},"image":{"@id":"https:\/\/smart-solutions.pl\/en\/unicomp-versatile-industrial-microtomography-system\/#primaryimage"},"thumbnailUrl":"https:\/\/smart-solutions.pl\/wp-content\/uploads\/2024\/09\/smart-solutions.pl-UNCT3100.png","datePublished":"2024-04-06T10:48:16+00:00","dateModified":"2024-10-23T16:05:06+00:00","breadcrumb":{"@id":"https:\/\/smart-solutions.pl\/en\/unicomp-versatile-industrial-microtomography-system\/#breadcrumb"},"inLanguage":"en-US","potentialAction":[{"@type":"ReadAction","target":["https:\/\/smart-solutions.pl\/en\/unicomp-versatile-industrial-microtomography-system\/"]}]},{"@type":"ImageObject","inLanguage":"en-US","@id":"https:\/\/smart-solutions.pl\/en\/unicomp-versatile-industrial-microtomography-system\/#primaryimage","url":"https:\/\/smart-solutions.pl\/wp-content\/uploads\/2024\/09\/smart-solutions.pl-UNCT3100.png","contentUrl":"https:\/\/smart-solutions.pl\/wp-content\/uploads\/2024\/09\/smart-solutions.pl-UNCT3100.png"},{"@type":"BreadcrumbList","@id":"https:\/\/smart-solutions.pl\/en\/unicomp-versatile-industrial-microtomography-system\/#breadcrumb","itemListElement":[{"@type":"ListItem","position":1,"name":"Strona g\u0142\u00f3wna","item":"https:\/\/smart-solutions.pl\/en\/"},{"@type":"ListItem","position":2,"name":"Unicomp &#8211; Versatile industrial microtomography system"}]},{"@type":"WebSite","@id":"https:\/\/smart-solutions.pl\/en\/#website","url":"https:\/\/smart-solutions.pl\/en\/","name":"smart-solutions","description":"Sprzeda\u017c system\u00f3w i realizacja us\u0142ug, doradztwo w zakresie precyzyjnych pomiar\u00f3w metrologicznych i bada\u0144 nieniszcz\u0105cych CT","publisher":{"@id":"https:\/\/smart-solutions.pl\/en\/#organization"},"potentialAction":[{"@type":"SearchAction","target":{"@type":"EntryPoint","urlTemplate":"https:\/\/smart-solutions.pl\/en\/?s={search_term_string}"},"query-input":{"@type":"PropertyValueSpecification","valueRequired":true,"valueName":"search_term_string"}}],"inLanguage":"en-US"},{"@type":"Organization","@id":"https:\/\/smart-solutions.pl\/en\/#organization","name":"Smart Solutions sp. z o.o.","url":"https:\/\/smart-solutions.pl\/en\/","logo":{"@type":"ImageObject","inLanguage":"en-US","@id":"https:\/\/smart-solutions.pl\/en\/#\/schema\/logo\/image\/","url":"https:\/\/smart-solutions.pl\/wp-content\/uploads\/2021\/10\/smart_solutions_logo.png","contentUrl":"https:\/\/smart-solutions.pl\/wp-content\/uploads\/2021\/10\/smart_solutions_logo.png","width":500,"height":200,"caption":"Smart Solutions sp. z o.o."},"image":{"@id":"https:\/\/smart-solutions.pl\/en\/#\/schema\/logo\/image\/"},"sameAs":["https:\/\/www.facebook.com\/SmartSolutions3DMetrology","https:\/\/www.linkedin.com\/company\/smart-metrology\/","https:\/\/www.instagram.com\/smart_metrology_\/","https:\/\/www.youtube.com\/channel\/UCuvAShwl3fMnucOW1hcGi4g\/featured"]}]}},"_links":{"self":[{"href":"https:\/\/smart-solutions.pl\/en\/wp-json\/wp\/v2\/pages\/9284","targetHints":{"allow":["GET"]}}],"collection":[{"href":"https:\/\/smart-solutions.pl\/en\/wp-json\/wp\/v2\/pages"}],"about":[{"href":"https:\/\/smart-solutions.pl\/en\/wp-json\/wp\/v2\/types\/page"}],"author":[{"embeddable":true,"href":"https:\/\/smart-solutions.pl\/en\/wp-json\/wp\/v2\/users\/1"}],"replies":[{"embeddable":true,"href":"https:\/\/smart-solutions.pl\/en\/wp-json\/wp\/v2\/comments?post=9284"}],"version-history":[{"count":5,"href":"https:\/\/smart-solutions.pl\/en\/wp-json\/wp\/v2\/pages\/9284\/revisions"}],"predecessor-version":[{"id":12597,"href":"https:\/\/smart-solutions.pl\/en\/wp-json\/wp\/v2\/pages\/9284\/revisions\/12597"}],"wp:attachment":[{"href":"https:\/\/smart-solutions.pl\/en\/wp-json\/wp\/v2\/media?parent=9284"}],"curies":[{"name":"wp","href":"https:\/\/api.w.org\/{rel}","templated":true}]}}