{"id":9280,"date":"2024-04-06T10:43:55","date_gmt":"2024-04-06T10:43:55","guid":{"rendered":"https:\/\/smart-solutions.pl\/unicomp-industrial-ndt-x-ray\/"},"modified":"2024-10-23T16:01:28","modified_gmt":"2024-10-23T16:01:28","slug":"unicomp-industrial-ndt-x-ray","status":"publish","type":"page","link":"https:\/\/smart-solutions.pl\/en\/unicomp-industrial-ndt-x-ray\/","title":{"rendered":"Unicomp &#8211; Industrial NDT X-Ray"},"content":{"rendered":"\t\t<div data-elementor-type=\"wp-page\" data-elementor-id=\"9280\" class=\"elementor elementor-9280\" data-elementor-post-type=\"page\">\n\t\t\t\t\t\t<section class=\"elementor-section elementor-top-section elementor-element elementor-element-a030c2f elementor-section-height-min-height elementor-section-boxed elementor-section-height-default elementor-section-items-middle\" data-id=\"a030c2f\" data-element_type=\"section\" data-e-type=\"section\" data-settings=\"{&quot;background_background&quot;:&quot;classic&quot;}\">\n\t\t\t\t\t\t\t<div class=\"elementor-background-overlay\"><\/div>\n\t\t\t\t\t\t\t<div class=\"elementor-container elementor-column-gap-default\">\n\t\t\t\t\t<div class=\"elementor-column elementor-col-100 elementor-top-column elementor-element elementor-element-9c2ef1b\" data-id=\"9c2ef1b\" data-element_type=\"column\" data-e-type=\"column\">\n\t\t\t<div class=\"elementor-widget-wrap elementor-element-populated\">\n\t\t\t\t\t\t<div class=\"elementor-element elementor-element-9c2d714 elementor-widget elementor-widget-heading\" data-id=\"9c2d714\" data-element_type=\"widget\" data-e-type=\"widget\" data-widget_type=\"heading.default\">\n\t\t\t\t<div class=\"elementor-widget-container\">\n\t\t\t\t\t<h1 class=\"elementor-heading-title elementor-size-default\">X-Ray Systems<br>for Casting Inspection<\/h1>\t\t\t\t<\/div>\n\t\t\t\t<\/div>\n\t\t\t\t\t<\/div>\n\t\t<\/div>\n\t\t\t\t\t<\/div>\n\t\t<\/section>\n\t\t\t\t<section class=\"elementor-section elementor-top-section elementor-element elementor-element-36f1257 elementor-section-boxed elementor-section-height-default elementor-section-height-default\" data-id=\"36f1257\" data-element_type=\"section\" data-e-type=\"section\">\n\t\t\t\t\t\t<div class=\"elementor-container elementor-column-gap-default\">\n\t\t\t\t\t<div class=\"elementor-column elementor-col-100 elementor-top-column elementor-element elementor-element-7f5c0e9\" data-id=\"7f5c0e9\" data-element_type=\"column\" data-e-type=\"column\">\n\t\t\t<div class=\"elementor-widget-wrap elementor-element-populated\">\n\t\t\t\t\t\t<div class=\"elementor-element elementor-element-6b3d4e4 elementor-widget elementor-widget-text-editor\" data-id=\"6b3d4e4\" data-element_type=\"widget\" data-e-type=\"widget\" data-widget_type=\"text-editor.default\">\n\t\t\t\t<div class=\"elementor-widget-container\">\n\t\t\t\t\t\t\t\t\t<p>NDT testing is not only a necessity, but already a standard in the foundry industry. We meet these requirements and present a wide range of X-ray equipment for castings inspection.<\/p>\n<p>Unicomp Technology offers large cabinets equipped with high-power lamps for the largest and heavy castings as well as systems with lamps intended for small parts.<\/p>\n<p>The offered systems are ideal for defects, welding and porosity analysis in casting parts, or the assembly check of the final product. They are perfect and reliable solution in quality control for foundries, the automotive and aerospace segments and other heavy industry sectors.<\/p>\n<p>Contact us and we will present the perfect solution for you and your company, which will minimize production losses and avoid costly complaints due to insufficient quality control.<\/p>\n\t\t\t\t\t\t\t\t<\/div>\n\t\t\t\t<\/div>\n\t\t\t\t\t<\/div>\n\t\t<\/div>\n\t\t\t\t\t<\/div>\n\t\t<\/section>\n\t\t\t\t<section class=\"elementor-section elementor-top-section elementor-element elementor-element-1b91a32 elementor-section-boxed elementor-section-height-default elementor-section-height-default\" data-id=\"1b91a32\" data-element_type=\"section\" data-e-type=\"section\">\n\t\t\t\t\t\t<div class=\"elementor-container elementor-column-gap-default\">\n\t\t\t\t\t<div class=\"elementor-column elementor-col-33 elementor-top-column elementor-element elementor-element-9b29938\" data-id=\"9b29938\" data-element_type=\"column\" data-e-type=\"column\">\n\t\t\t<div class=\"elementor-widget-wrap\">\n\t\t\t\t\t\t\t<\/div>\n\t\t<\/div>\n\t\t\t\t<div class=\"elementor-column elementor-col-33 elementor-top-column elementor-element elementor-element-55726ba\" data-id=\"55726ba\" data-element_type=\"column\" data-e-type=\"column\">\n\t\t\t<div class=\"elementor-widget-wrap elementor-element-populated\">\n\t\t\t\t\t\t<div class=\"elementor-element elementor-element-61943f0 elementor-widget elementor-widget-heading\" data-id=\"61943f0\" data-element_type=\"widget\" data-e-type=\"widget\" data-widget_type=\"heading.default\">\n\t\t\t\t<div class=\"elementor-widget-container\">\n\t\t\t\t\t<h2 class=\"elementor-heading-title elementor-size-default\">Unicomp - UNC<\/h2>\t\t\t\t<\/div>\n\t\t\t\t<\/div>\n\t\t\t\t<div class=\"elementor-element elementor-element-01141f6 elementor-widget elementor-widget-image\" data-id=\"01141f6\" data-element_type=\"widget\" data-e-type=\"widget\" data-widget_type=\"image.default\">\n\t\t\t\t<div class=\"elementor-widget-container\">\n\t\t\t\t\t\t\t\t\t\t\t\t\t\t\t<img fetchpriority=\"high\" decoding=\"async\" width=\"500\" height=\"500\" src=\"https:\/\/smart-solutions.pl\/wp-content\/uploads\/2024\/04\/smart-solutions.pl-NDT-UNC-1.png\" class=\"attachment-full size-full wp-image-9301\" alt=\"\" srcset=\"https:\/\/smart-solutions.pl\/wp-content\/uploads\/2024\/04\/smart-solutions.pl-NDT-UNC-1.png 500w, https:\/\/smart-solutions.pl\/wp-content\/uploads\/2024\/04\/smart-solutions.pl-NDT-UNC-1-300x300.png 300w, https:\/\/smart-solutions.pl\/wp-content\/uploads\/2024\/04\/smart-solutions.pl-NDT-UNC-1-150x150.png 150w\" sizes=\"(max-width: 500px) 100vw, 500px\" \/>\t\t\t\t\t\t\t\t\t\t\t\t\t\t\t<\/div>\n\t\t\t\t<\/div>\n\t\t\t\t<div class=\"elementor-element elementor-element-f3ab8f2 elementor-widget elementor-widget-html\" data-id=\"f3ab8f2\" data-element_type=\"widget\" data-e-type=\"widget\" data-widget_type=\"html.default\">\n\t\t\t\t<div class=\"elementor-widget-container\">\n\t\t\t\t\t<table>\n<thead>\n<tr>\n<td><b>Lamp<\/b><\/th><th><font color=\"#002F6C\"> 160kV<\/font><\/td>\n<\/tr>\n<\/thead>\n<tbody>\n<tr>\n<td><b>2d<\/b><\/td><th><font color=\"#002F6C\">Analisis<\/font><\/th>\n<\/tr>\n<tr>\n<td><b>Dimensions<\/b><\/td>\n<td><img decoding=\"async\" src=\"https:\/\/smart-solutions.pl\/wp-content\/uploads\/2022\/12\/circle-full.png\" width=\"18\" height=\"18\"> <img decoding=\"async\" src=\"https:\/\/smart-solutions.pl\/wp-content\/uploads\/2022\/12\/circle-full.png\" width=\"18\" height=\"18\"> <img decoding=\"async\" src=\"https:\/\/smart-solutions.pl\/wp-content\/uploads\/2022\/12\/circle-full.png\" width=\"18\" height=\"18\"> <img decoding=\"async\" src=\"https:\/\/smart-solutions.pl\/wp-content\/uploads\/2022\/12\/circle-full.png\" width=\"18\" height=\"18\"> <img decoding=\"async\" src=\"https:\/\/smart-solutions.pl\/wp-content\/uploads\/2022\/12\/circle-empty.png\" width=\"18\" height=\"18\"><\/td>\n<\/tr>\n<tr>\n<td><b>Weight<\/b><\/td>\n<td><img decoding=\"async\" src=\"https:\/\/smart-solutions.pl\/wp-content\/uploads\/2022\/12\/circle-full.png\" width=\"18\" height=\"18\"> <img decoding=\"async\" src=\"https:\/\/smart-solutions.pl\/wp-content\/uploads\/2022\/12\/circle-full.png\" width=\"18\" height=\"18\"> <img decoding=\"async\" src=\"https:\/\/smart-solutions.pl\/wp-content\/uploads\/2022\/12\/circle-full.png\" width=\"18\" height=\"18\"> <img decoding=\"async\" src=\"https:\/\/smart-solutions.pl\/wp-content\/uploads\/2022\/12\/circle-full.png\" width=\"18\" height=\"18\"> <img decoding=\"async\" src=\"https:\/\/smart-solutions.pl\/wp-content\/uploads\/2022\/12\/circle-empty.png\" width=\"18\" height=\"18\"><\/td>\n<\/tr>\n<\/tbody>\n<\/table>\t\t\t\t<\/div>\n\t\t\t\t<\/div>\n\t\t\t\t\t<\/div>\n\t\t<\/div>\n\t\t\t\t<div class=\"elementor-column elementor-col-33 elementor-top-column elementor-element elementor-element-bd154c9\" data-id=\"bd154c9\" data-element_type=\"column\" data-e-type=\"column\">\n\t\t\t<div class=\"elementor-widget-wrap\">\n\t\t\t\t\t\t\t<\/div>\n\t\t<\/div>\n\t\t\t\t\t<\/div>\n\t\t<\/section>\n\t\t\t\t<section class=\"elementor-section elementor-top-section elementor-element elementor-element-b5b613e elementor-section-boxed elementor-section-height-default elementor-section-height-default\" data-id=\"b5b613e\" data-element_type=\"section\" data-e-type=\"section\">\n\t\t\t\t\t\t<div class=\"elementor-container elementor-column-gap-default\">\n\t\t\t\t\t<div class=\"elementor-column elementor-col-100 elementor-top-column elementor-element elementor-element-3c21aa5\" data-id=\"3c21aa5\" data-element_type=\"column\" data-e-type=\"column\">\n\t\t\t<div class=\"elementor-widget-wrap elementor-element-populated\">\n\t\t\t\t\t\t<div class=\"elementor-element elementor-element-d967fea elementor-widget elementor-widget-heading\" data-id=\"d967fea\" data-element_type=\"widget\" data-e-type=\"widget\" data-widget_type=\"heading.default\">\n\t\t\t\t<div class=\"elementor-widget-container\">\n\t\t\t\t\t<h2 class=\"elementor-heading-title elementor-size-default\">For more information,<br>contact us<\/h2>\t\t\t\t<\/div>\n\t\t\t\t<\/div>\n\t\t\t\t<div class=\"elementor-element elementor-element-a6ee9e8 elementor-align-center elementor-widget elementor-widget-button\" data-id=\"a6ee9e8\" data-element_type=\"widget\" data-e-type=\"widget\" data-widget_type=\"button.default\">\n\t\t\t\t<div class=\"elementor-widget-container\">\n\t\t\t\t\t\t\t\t\t<div class=\"elementor-button-wrapper\">\n\t\t\t\t\t<a class=\"elementor-button elementor-button-link elementor-size-sm elementor-animation-bob\" href=\"https:\/\/smart-solutions.pl\/en\/contact\/\">\n\t\t\t\t\t\t<span class=\"elementor-button-content-wrapper\">\n\t\t\t\t\t\t\t\t\t<span class=\"elementor-button-text\">Contact<\/span>\n\t\t\t\t\t<\/span>\n\t\t\t\t\t<\/a>\n\t\t\t\t<\/div>\n\t\t\t\t\t\t\t\t<\/div>\n\t\t\t\t<\/div>\n\t\t\t\t\t<\/div>\n\t\t<\/div>\n\t\t\t\t\t<\/div>\n\t\t<\/section>\n\t\t\t\t<\/div>\n\t\t","protected":false},"excerpt":{"rendered":"<p>X-Ray Systemsfor Casting Inspection NDT testing is not only a necessity, but already a standard in the foundry industry. We meet these requirements and present a wide range of X-ray equipment for castings inspection. Unicomp Technology offers large cabinets equipped with high-power lamps for the largest and heavy castings as well as systems with lamps [&hellip;]<\/p>\n","protected":false},"author":1,"featured_media":0,"parent":0,"menu_order":0,"comment_status":"closed","ping_status":"closed","template":"","meta":{"footnotes":""},"class_list":["post-9280","page","type-page","status-publish","hentry"],"yoast_head":"<!-- This site is optimized with the Yoast SEO plugin v27.4 - https:\/\/yoast.com\/product\/yoast-seo-wordpress\/ -->\n<title>Unicomp - Industrial NDT X-Ray - smart-solutions<\/title>\n<meta name=\"robots\" content=\"index, follow, max-snippet:-1, max-image-preview:large, max-video-preview:-1\" \/>\n<link rel=\"canonical\" href=\"https:\/\/smart-solutions.pl\/en\/unicomp-industrial-ndt-x-ray\/\" \/>\n<meta property=\"og:locale\" content=\"en_US\" \/>\n<meta property=\"og:type\" content=\"article\" \/>\n<meta property=\"og:title\" content=\"Unicomp - Industrial NDT X-Ray - smart-solutions\" \/>\n<meta property=\"og:description\" content=\"X-Ray Systemsfor Casting Inspection NDT testing is not only a necessity, but already a standard in the foundry industry. We meet these requirements and present a wide range of X-ray equipment for castings inspection. Unicomp Technology offers large cabinets equipped with high-power lamps for the largest and heavy castings as well as systems with lamps [&hellip;]\" \/>\n<meta property=\"og:url\" content=\"https:\/\/smart-solutions.pl\/en\/unicomp-industrial-ndt-x-ray\/\" \/>\n<meta property=\"og:site_name\" content=\"smart-solutions\" \/>\n<meta property=\"article:publisher\" content=\"https:\/\/www.facebook.com\/SmartSolutions3DMetrology\" \/>\n<meta property=\"article:modified_time\" content=\"2024-10-23T16:01:28+00:00\" \/>\n<meta property=\"og:image\" content=\"https:\/\/smart-solutions.pl\/wp-content\/uploads\/2024\/04\/smart-solutions.pl-NDT-UNC-1.png\" \/>\n\t<meta property=\"og:image:width\" content=\"500\" \/>\n\t<meta property=\"og:image:height\" content=\"500\" \/>\n\t<meta property=\"og:image:type\" content=\"image\/png\" \/>\n<meta name=\"twitter:card\" content=\"summary_large_image\" \/>\n<meta name=\"twitter:label1\" content=\"Est. reading time\" \/>\n\t<meta name=\"twitter:data1\" content=\"1 minute\" \/>\n<script type=\"application\/ld+json\" class=\"yoast-schema-graph\">{\"@context\":\"https:\\\/\\\/schema.org\",\"@graph\":[{\"@type\":\"WebPage\",\"@id\":\"https:\\\/\\\/smart-solutions.pl\\\/en\\\/unicomp-industrial-ndt-x-ray\\\/\",\"url\":\"https:\\\/\\\/smart-solutions.pl\\\/en\\\/unicomp-industrial-ndt-x-ray\\\/\",\"name\":\"Unicomp - Industrial NDT X-Ray - smart-solutions\",\"isPartOf\":{\"@id\":\"https:\\\/\\\/smart-solutions.pl\\\/en\\\/#website\"},\"primaryImageOfPage\":{\"@id\":\"https:\\\/\\\/smart-solutions.pl\\\/en\\\/unicomp-industrial-ndt-x-ray\\\/#primaryimage\"},\"image\":{\"@id\":\"https:\\\/\\\/smart-solutions.pl\\\/en\\\/unicomp-industrial-ndt-x-ray\\\/#primaryimage\"},\"thumbnailUrl\":\"https:\\\/\\\/smart-solutions.pl\\\/wp-content\\\/uploads\\\/2024\\\/04\\\/smart-solutions.pl-NDT-UNC-1.png\",\"datePublished\":\"2024-04-06T10:43:55+00:00\",\"dateModified\":\"2024-10-23T16:01:28+00:00\",\"breadcrumb\":{\"@id\":\"https:\\\/\\\/smart-solutions.pl\\\/en\\\/unicomp-industrial-ndt-x-ray\\\/#breadcrumb\"},\"inLanguage\":\"en-US\",\"potentialAction\":[{\"@type\":\"ReadAction\",\"target\":[\"https:\\\/\\\/smart-solutions.pl\\\/en\\\/unicomp-industrial-ndt-x-ray\\\/\"]}]},{\"@type\":\"ImageObject\",\"inLanguage\":\"en-US\",\"@id\":\"https:\\\/\\\/smart-solutions.pl\\\/en\\\/unicomp-industrial-ndt-x-ray\\\/#primaryimage\",\"url\":\"https:\\\/\\\/smart-solutions.pl\\\/wp-content\\\/uploads\\\/2024\\\/04\\\/smart-solutions.pl-NDT-UNC-1.png\",\"contentUrl\":\"https:\\\/\\\/smart-solutions.pl\\\/wp-content\\\/uploads\\\/2024\\\/04\\\/smart-solutions.pl-NDT-UNC-1.png\"},{\"@type\":\"BreadcrumbList\",\"@id\":\"https:\\\/\\\/smart-solutions.pl\\\/en\\\/unicomp-industrial-ndt-x-ray\\\/#breadcrumb\",\"itemListElement\":[{\"@type\":\"ListItem\",\"position\":1,\"name\":\"Strona g\u0142\u00f3wna\",\"item\":\"https:\\\/\\\/smart-solutions.pl\\\/en\\\/\"},{\"@type\":\"ListItem\",\"position\":2,\"name\":\"Unicomp &#8211; Industrial NDT X-Ray\"}]},{\"@type\":\"WebSite\",\"@id\":\"https:\\\/\\\/smart-solutions.pl\\\/en\\\/#website\",\"url\":\"https:\\\/\\\/smart-solutions.pl\\\/en\\\/\",\"name\":\"smart-solutions\",\"description\":\"Sprzeda\u017c system\u00f3w i realizacja us\u0142ug, doradztwo w zakresie precyzyjnych pomiar\u00f3w metrologicznych i bada\u0144 nieniszcz\u0105cych CT\",\"publisher\":{\"@id\":\"https:\\\/\\\/smart-solutions.pl\\\/en\\\/#organization\"},\"potentialAction\":[{\"@type\":\"SearchAction\",\"target\":{\"@type\":\"EntryPoint\",\"urlTemplate\":\"https:\\\/\\\/smart-solutions.pl\\\/en\\\/?s={search_term_string}\"},\"query-input\":{\"@type\":\"PropertyValueSpecification\",\"valueRequired\":true,\"valueName\":\"search_term_string\"}}],\"inLanguage\":\"en-US\"},{\"@type\":\"Organization\",\"@id\":\"https:\\\/\\\/smart-solutions.pl\\\/en\\\/#organization\",\"name\":\"Smart Solutions sp. z o.o.\",\"url\":\"https:\\\/\\\/smart-solutions.pl\\\/en\\\/\",\"logo\":{\"@type\":\"ImageObject\",\"inLanguage\":\"en-US\",\"@id\":\"https:\\\/\\\/smart-solutions.pl\\\/en\\\/#\\\/schema\\\/logo\\\/image\\\/\",\"url\":\"https:\\\/\\\/smart-solutions.pl\\\/wp-content\\\/uploads\\\/2021\\\/10\\\/smart_solutions_logo.png\",\"contentUrl\":\"https:\\\/\\\/smart-solutions.pl\\\/wp-content\\\/uploads\\\/2021\\\/10\\\/smart_solutions_logo.png\",\"width\":500,\"height\":200,\"caption\":\"Smart Solutions sp. z o.o.\"},\"image\":{\"@id\":\"https:\\\/\\\/smart-solutions.pl\\\/en\\\/#\\\/schema\\\/logo\\\/image\\\/\"},\"sameAs\":[\"https:\\\/\\\/www.facebook.com\\\/SmartSolutions3DMetrology\",\"https:\\\/\\\/www.linkedin.com\\\/company\\\/smart-metrology\\\/\",\"https:\\\/\\\/www.instagram.com\\\/smart_metrology_\\\/\",\"https:\\\/\\\/www.youtube.com\\\/channel\\\/UCuvAShwl3fMnucOW1hcGi4g\\\/featured\"]}]}<\/script>\n<!-- \/ Yoast SEO plugin. -->","yoast_head_json":{"title":"Unicomp - Industrial NDT X-Ray - smart-solutions","robots":{"index":"index","follow":"follow","max-snippet":"max-snippet:-1","max-image-preview":"max-image-preview:large","max-video-preview":"max-video-preview:-1"},"canonical":"https:\/\/smart-solutions.pl\/en\/unicomp-industrial-ndt-x-ray\/","og_locale":"en_US","og_type":"article","og_title":"Unicomp - Industrial NDT X-Ray - smart-solutions","og_description":"X-Ray Systemsfor Casting Inspection NDT testing is not only a necessity, but already a standard in the foundry industry. We meet these requirements and present a wide range of X-ray equipment for castings inspection. Unicomp Technology offers large cabinets equipped with high-power lamps for the largest and heavy castings as well as systems with lamps [&hellip;]","og_url":"https:\/\/smart-solutions.pl\/en\/unicomp-industrial-ndt-x-ray\/","og_site_name":"smart-solutions","article_publisher":"https:\/\/www.facebook.com\/SmartSolutions3DMetrology","article_modified_time":"2024-10-23T16:01:28+00:00","og_image":[{"width":500,"height":500,"url":"https:\/\/smart-solutions.pl\/wp-content\/uploads\/2024\/04\/smart-solutions.pl-NDT-UNC-1.png","type":"image\/png"}],"twitter_card":"summary_large_image","twitter_misc":{"Est. reading time":"1 minute"},"schema":{"@context":"https:\/\/schema.org","@graph":[{"@type":"WebPage","@id":"https:\/\/smart-solutions.pl\/en\/unicomp-industrial-ndt-x-ray\/","url":"https:\/\/smart-solutions.pl\/en\/unicomp-industrial-ndt-x-ray\/","name":"Unicomp - Industrial NDT X-Ray - smart-solutions","isPartOf":{"@id":"https:\/\/smart-solutions.pl\/en\/#website"},"primaryImageOfPage":{"@id":"https:\/\/smart-solutions.pl\/en\/unicomp-industrial-ndt-x-ray\/#primaryimage"},"image":{"@id":"https:\/\/smart-solutions.pl\/en\/unicomp-industrial-ndt-x-ray\/#primaryimage"},"thumbnailUrl":"https:\/\/smart-solutions.pl\/wp-content\/uploads\/2024\/04\/smart-solutions.pl-NDT-UNC-1.png","datePublished":"2024-04-06T10:43:55+00:00","dateModified":"2024-10-23T16:01:28+00:00","breadcrumb":{"@id":"https:\/\/smart-solutions.pl\/en\/unicomp-industrial-ndt-x-ray\/#breadcrumb"},"inLanguage":"en-US","potentialAction":[{"@type":"ReadAction","target":["https:\/\/smart-solutions.pl\/en\/unicomp-industrial-ndt-x-ray\/"]}]},{"@type":"ImageObject","inLanguage":"en-US","@id":"https:\/\/smart-solutions.pl\/en\/unicomp-industrial-ndt-x-ray\/#primaryimage","url":"https:\/\/smart-solutions.pl\/wp-content\/uploads\/2024\/04\/smart-solutions.pl-NDT-UNC-1.png","contentUrl":"https:\/\/smart-solutions.pl\/wp-content\/uploads\/2024\/04\/smart-solutions.pl-NDT-UNC-1.png"},{"@type":"BreadcrumbList","@id":"https:\/\/smart-solutions.pl\/en\/unicomp-industrial-ndt-x-ray\/#breadcrumb","itemListElement":[{"@type":"ListItem","position":1,"name":"Strona g\u0142\u00f3wna","item":"https:\/\/smart-solutions.pl\/en\/"},{"@type":"ListItem","position":2,"name":"Unicomp &#8211; Industrial NDT X-Ray"}]},{"@type":"WebSite","@id":"https:\/\/smart-solutions.pl\/en\/#website","url":"https:\/\/smart-solutions.pl\/en\/","name":"smart-solutions","description":"Sprzeda\u017c system\u00f3w i realizacja us\u0142ug, doradztwo w zakresie precyzyjnych pomiar\u00f3w metrologicznych i bada\u0144 nieniszcz\u0105cych CT","publisher":{"@id":"https:\/\/smart-solutions.pl\/en\/#organization"},"potentialAction":[{"@type":"SearchAction","target":{"@type":"EntryPoint","urlTemplate":"https:\/\/smart-solutions.pl\/en\/?s={search_term_string}"},"query-input":{"@type":"PropertyValueSpecification","valueRequired":true,"valueName":"search_term_string"}}],"inLanguage":"en-US"},{"@type":"Organization","@id":"https:\/\/smart-solutions.pl\/en\/#organization","name":"Smart Solutions sp. z o.o.","url":"https:\/\/smart-solutions.pl\/en\/","logo":{"@type":"ImageObject","inLanguage":"en-US","@id":"https:\/\/smart-solutions.pl\/en\/#\/schema\/logo\/image\/","url":"https:\/\/smart-solutions.pl\/wp-content\/uploads\/2021\/10\/smart_solutions_logo.png","contentUrl":"https:\/\/smart-solutions.pl\/wp-content\/uploads\/2021\/10\/smart_solutions_logo.png","width":500,"height":200,"caption":"Smart Solutions sp. z o.o."},"image":{"@id":"https:\/\/smart-solutions.pl\/en\/#\/schema\/logo\/image\/"},"sameAs":["https:\/\/www.facebook.com\/SmartSolutions3DMetrology","https:\/\/www.linkedin.com\/company\/smart-metrology\/","https:\/\/www.instagram.com\/smart_metrology_\/","https:\/\/www.youtube.com\/channel\/UCuvAShwl3fMnucOW1hcGi4g\/featured"]}]}},"_links":{"self":[{"href":"https:\/\/smart-solutions.pl\/en\/wp-json\/wp\/v2\/pages\/9280","targetHints":{"allow":["GET"]}}],"collection":[{"href":"https:\/\/smart-solutions.pl\/en\/wp-json\/wp\/v2\/pages"}],"about":[{"href":"https:\/\/smart-solutions.pl\/en\/wp-json\/wp\/v2\/types\/page"}],"author":[{"embeddable":true,"href":"https:\/\/smart-solutions.pl\/en\/wp-json\/wp\/v2\/users\/1"}],"replies":[{"embeddable":true,"href":"https:\/\/smart-solutions.pl\/en\/wp-json\/wp\/v2\/comments?post=9280"}],"version-history":[{"count":5,"href":"https:\/\/smart-solutions.pl\/en\/wp-json\/wp\/v2\/pages\/9280\/revisions"}],"predecessor-version":[{"id":12596,"href":"https:\/\/smart-solutions.pl\/en\/wp-json\/wp\/v2\/pages\/9280\/revisions\/12596"}],"wp:attachment":[{"href":"https:\/\/smart-solutions.pl\/en\/wp-json\/wp\/v2\/media?parent=9280"}],"curies":[{"name":"wp","href":"https:\/\/api.w.org\/{rel}","templated":true}]}}