{"id":9270,"date":"2024-04-06T10:19:04","date_gmt":"2024-04-06T10:19:04","guid":{"rendered":"https:\/\/smart-solutions.pl\/unicomp-x-ray-chip-counters\/"},"modified":"2024-10-23T15:44:33","modified_gmt":"2024-10-23T15:44:33","slug":"unicomp-x-ray-chip-counters","status":"publish","type":"page","link":"https:\/\/smart-solutions.pl\/en\/unicomp-x-ray-chip-counters\/","title":{"rendered":"Unicomp &#8211; X-Ray chip counters"},"content":{"rendered":"\t\t<div data-elementor-type=\"wp-page\" data-elementor-id=\"9270\" class=\"elementor elementor-9270 elementor-8628\" data-elementor-post-type=\"page\">\n\t\t\t\t\t\t<section class=\"elementor-section elementor-top-section elementor-element elementor-element-ac4d3af elementor-section-height-min-height elementor-section-boxed elementor-section-height-default elementor-section-items-middle\" data-id=\"ac4d3af\" data-element_type=\"section\" data-e-type=\"section\" data-settings=\"{&quot;background_background&quot;:&quot;classic&quot;}\">\n\t\t\t\t\t\t\t<div class=\"elementor-background-overlay\"><\/div>\n\t\t\t\t\t\t\t<div class=\"elementor-container elementor-column-gap-default\">\n\t\t\t\t\t<div class=\"elementor-column elementor-col-100 elementor-top-column elementor-element elementor-element-0c79d85\" data-id=\"0c79d85\" data-element_type=\"column\" data-e-type=\"column\">\n\t\t\t<div class=\"elementor-widget-wrap elementor-element-populated\">\n\t\t\t\t\t\t<div class=\"elementor-element elementor-element-3b84333 elementor-widget elementor-widget-heading\" data-id=\"3b84333\" data-element_type=\"widget\" data-e-type=\"widget\" data-widget_type=\"heading.default\">\n\t\t\t\t<div class=\"elementor-widget-container\">\n\t\t\t\t\t<h1 class=\"elementor-heading-title elementor-size-default\">Non-contact electronic<br>component counters X-Ray<\/h1>\t\t\t\t<\/div>\n\t\t\t\t<\/div>\n\t\t\t\t\t<\/div>\n\t\t<\/div>\n\t\t\t\t\t<\/div>\n\t\t<\/section>\n\t\t\t\t<section class=\"elementor-section elementor-top-section elementor-element elementor-element-d4444d9 elementor-section-boxed elementor-section-height-default elementor-section-height-default\" data-id=\"d4444d9\" data-element_type=\"section\" data-e-type=\"section\">\n\t\t\t\t\t\t<div class=\"elementor-container elementor-column-gap-default\">\n\t\t\t\t\t<div class=\"elementor-column elementor-col-100 elementor-top-column elementor-element elementor-element-b569335\" data-id=\"b569335\" data-element_type=\"column\" data-e-type=\"column\">\n\t\t\t<div class=\"elementor-widget-wrap elementor-element-populated\">\n\t\t\t\t\t\t<div class=\"elementor-element elementor-element-c9dd4f5 elementor-widget elementor-widget-text-editor\" data-id=\"c9dd4f5\" data-element_type=\"widget\" data-e-type=\"widget\" data-widget_type=\"text-editor.default\">\n\t\t\t\t<div class=\"elementor-widget-container\">\n\t\t\t\t\t\t\t\t\t<p><strong>Unicomp CX7000<\/strong> chip counter is a perfect, reliable and inexpensive solution that meets all radiation requirements and regulations. The system allows for high speed, high efficiency and high precision components counting for reels in different sizes, with no risk of damage or component loss thanks to non- destructive X-Ray technology.<\/p>\n<p>Comparing to a traditional semi-auto counter, the CX7000 analyses single reel in 10 sec rather than 5 min. Additionally, there is no need to unwind the reel, which ensures that none of the components will fall off the tape. The intuitive interface and automatic product code scanning mean, that only one operator is required to operate the system.<\/p>\n<p>Quick counting of components without the need to unwind the roll eliminates the risk of losses, which directly translates into profit for your company.<\/p>\n<p>Contact us for more details and an official offer.<\/p>\n\t\t\t\t\t\t\t\t<\/div>\n\t\t\t\t<\/div>\n\t\t\t\t\t<\/div>\n\t\t<\/div>\n\t\t\t\t\t<\/div>\n\t\t<\/section>\n\t\t\t\t<section class=\"elementor-section elementor-top-section elementor-element elementor-element-42ed9a5 elementor-section-boxed elementor-section-height-default elementor-section-height-default\" data-id=\"42ed9a5\" data-element_type=\"section\" data-e-type=\"section\">\n\t\t\t\t\t\t<div class=\"elementor-container elementor-column-gap-default\">\n\t\t\t\t\t<div class=\"elementor-column elementor-col-33 elementor-top-column elementor-element elementor-element-0e84fa3\" data-id=\"0e84fa3\" data-element_type=\"column\" data-e-type=\"column\">\n\t\t\t<div class=\"elementor-widget-wrap\">\n\t\t\t\t\t\t\t<\/div>\n\t\t<\/div>\n\t\t\t\t<div class=\"elementor-column elementor-col-33 elementor-top-column elementor-element elementor-element-634f3c1\" data-id=\"634f3c1\" data-element_type=\"column\" data-e-type=\"column\">\n\t\t\t<div class=\"elementor-widget-wrap elementor-element-populated\">\n\t\t\t\t\t\t<div class=\"elementor-element elementor-element-6380602 elementor-widget elementor-widget-heading\" data-id=\"6380602\" data-element_type=\"widget\" data-e-type=\"widget\" data-widget_type=\"heading.default\">\n\t\t\t\t<div class=\"elementor-widget-container\">\n\t\t\t\t\t<h2 class=\"elementor-heading-title elementor-size-default\">Unicomp - CX7000<\/h2>\t\t\t\t<\/div>\n\t\t\t\t<\/div>\n\t\t\t\t<div class=\"elementor-element elementor-element-dad0b5b elementor-widget elementor-widget-image\" data-id=\"dad0b5b\" data-element_type=\"widget\" data-e-type=\"widget\" data-widget_type=\"image.default\">\n\t\t\t\t<div class=\"elementor-widget-container\">\n\t\t\t\t\t\t\t\t\t\t\t\t\t\t\t<img fetchpriority=\"high\" decoding=\"async\" width=\"500\" height=\"500\" src=\"https:\/\/smart-solutions.pl\/wp-content\/uploads\/2024\/02\/smart-solutions.pl-Unicomp-CX7000-1.png\" class=\"attachment-full size-full wp-image-8875\" alt=\"smart-solutions.pl - Unicomp CX7000\" srcset=\"https:\/\/smart-solutions.pl\/wp-content\/uploads\/2024\/02\/smart-solutions.pl-Unicomp-CX7000-1.png 500w, https:\/\/smart-solutions.pl\/wp-content\/uploads\/2024\/02\/smart-solutions.pl-Unicomp-CX7000-1-300x300.png 300w, https:\/\/smart-solutions.pl\/wp-content\/uploads\/2024\/02\/smart-solutions.pl-Unicomp-CX7000-1-150x150.png 150w\" sizes=\"(max-width: 500px) 100vw, 500px\" \/>\t\t\t\t\t\t\t\t\t\t\t\t\t\t\t<\/div>\n\t\t\t\t<\/div>\n\t\t\t\t<div class=\"elementor-element elementor-element-7016945 elementor-widget elementor-widget-html\" data-id=\"7016945\" data-element_type=\"widget\" data-e-type=\"widget\" data-widget_type=\"html.default\">\n\t\t\t\t<div class=\"elementor-widget-container\">\n\t\t\t\t\t<table>\n<thead>\n<tr>\n<td><b>Lamp<\/b><\/th><th><font color=\"#002F6C\">80kV\/12W<\/font><\/td>\n<\/tr>\n<\/thead>\n<tbody>\n\n<tr>\n<td><b>Dimensions<\/b><\/td>\n<td><img decoding=\"async\" src=\"https:\/\/smart-solutions.pl\/wp-content\/uploads\/2022\/12\/circle-full.png\" width=\"18\" height=\"18\"> <img decoding=\"async\" src=\"https:\/\/smart-solutions.pl\/wp-content\/uploads\/2022\/12\/circle-empty.png\" width=\"18\" height=\"18\"> <img decoding=\"async\" src=\"https:\/\/smart-solutions.pl\/wp-content\/uploads\/2022\/12\/circle-empty.png\" width=\"18\" height=\"18\"> <img decoding=\"async\" src=\"https:\/\/smart-solutions.pl\/wp-content\/uploads\/2022\/12\/circle-empty.png\" width=\"18\" height=\"18\"> <img decoding=\"async\" src=\"https:\/\/smart-solutions.pl\/wp-content\/uploads\/2022\/12\/circle-empty.png\" width=\"18\" height=\"18\"><\/td>\n<\/tr>\n<tr>\n<td><b>Weight<\/b><\/td>\n<td><img decoding=\"async\" src=\"https:\/\/smart-solutions.pl\/wp-content\/uploads\/2022\/12\/circle-full.png\" width=\"18\" height=\"18\"> <img decoding=\"async\" src=\"https:\/\/smart-solutions.pl\/wp-content\/uploads\/2022\/12\/circle-empty.png\" width=\"18\" height=\"18\"> <img decoding=\"async\" src=\"https:\/\/smart-solutions.pl\/wp-content\/uploads\/2022\/12\/circle-empty.png\" width=\"18\" height=\"18\">  <img decoding=\"async\" src=\"https:\/\/smart-solutions.pl\/wp-content\/uploads\/2022\/12\/circle-empty.png\" width=\"18\" height=\"18\"><img decoding=\"async\" src=\"https:\/\/smart-solutions.pl\/wp-content\/uploads\/2022\/12\/circle-empty.png\" width=\"18\" height=\"18\"> <\/td>\n<\/tr>\n<\/tbody>\n<\/table>\t\t\t\t<\/div>\n\t\t\t\t<\/div>\n\t\t\t\t\t<\/div>\n\t\t<\/div>\n\t\t\t\t<div class=\"elementor-column elementor-col-33 elementor-top-column elementor-element elementor-element-cbaed40\" data-id=\"cbaed40\" data-element_type=\"column\" data-e-type=\"column\">\n\t\t\t<div class=\"elementor-widget-wrap\">\n\t\t\t\t\t\t\t<\/div>\n\t\t<\/div>\n\t\t\t\t\t<\/div>\n\t\t<\/section>\n\t\t\t\t<section class=\"elementor-section elementor-top-section elementor-element elementor-element-4038df8 elementor-section-boxed elementor-section-height-default elementor-section-height-default\" data-id=\"4038df8\" data-element_type=\"section\" data-e-type=\"section\">\n\t\t\t\t\t\t<div class=\"elementor-container elementor-column-gap-default\">\n\t\t\t\t\t<div class=\"elementor-column elementor-col-100 elementor-top-column elementor-element elementor-element-7530e9f\" data-id=\"7530e9f\" data-element_type=\"column\" data-e-type=\"column\">\n\t\t\t<div class=\"elementor-widget-wrap elementor-element-populated\">\n\t\t\t\t\t\t<div class=\"elementor-element elementor-element-c3f3785 elementor-widget elementor-widget-heading\" data-id=\"c3f3785\" data-element_type=\"widget\" data-e-type=\"widget\" data-widget_type=\"heading.default\">\n\t\t\t\t<div class=\"elementor-widget-container\">\n\t\t\t\t\t<h2 class=\"elementor-heading-title elementor-size-default\">For more information,<br>contact us<\/h2>\t\t\t\t<\/div>\n\t\t\t\t<\/div>\n\t\t\t\t<div class=\"elementor-element elementor-element-c0324e1 elementor-align-center elementor-widget elementor-widget-button\" data-id=\"c0324e1\" data-element_type=\"widget\" data-e-type=\"widget\" data-widget_type=\"button.default\">\n\t\t\t\t<div class=\"elementor-widget-container\">\n\t\t\t\t\t\t\t\t\t<div class=\"elementor-button-wrapper\">\n\t\t\t\t\t<a class=\"elementor-button elementor-button-link elementor-size-sm elementor-animation-bob\" href=\"https:\/\/smart-solutions.pl\/en\/contact\/\">\n\t\t\t\t\t\t<span class=\"elementor-button-content-wrapper\">\n\t\t\t\t\t\t\t\t\t<span class=\"elementor-button-text\">Contact<\/span>\n\t\t\t\t\t<\/span>\n\t\t\t\t\t<\/a>\n\t\t\t\t<\/div>\n\t\t\t\t\t\t\t\t<\/div>\n\t\t\t\t<\/div>\n\t\t\t\t\t<\/div>\n\t\t<\/div>\n\t\t\t\t\t<\/div>\n\t\t<\/section>\n\t\t\t\t<\/div>\n\t\t","protected":false},"excerpt":{"rendered":"<p>Non-contact electroniccomponent counters X-Ray Unicomp CX7000 chip counter is a perfect, reliable and inexpensive solution that meets all radiation requirements and regulations. The system allows for high speed, high efficiency and high precision components counting for reels in different sizes, with no risk of damage or component loss thanks to non- destructive X-Ray technology. Comparing [&hellip;]<\/p>\n","protected":false},"author":1,"featured_media":0,"parent":0,"menu_order":0,"comment_status":"closed","ping_status":"closed","template":"","meta":{"footnotes":""},"class_list":["post-9270","page","type-page","status-publish","hentry"],"yoast_head":"<!-- This site is optimized with the Yoast SEO plugin v27.2 - https:\/\/yoast.com\/product\/yoast-seo-wordpress\/ -->\n<title>Unicomp - X-Ray chip counters - smart-solutions<\/title>\n<meta name=\"robots\" content=\"index, follow, max-snippet:-1, max-image-preview:large, max-video-preview:-1\" \/>\n<link rel=\"canonical\" href=\"https:\/\/smart-solutions.pl\/en\/unicomp-x-ray-chip-counters\/\" \/>\n<meta property=\"og:locale\" content=\"en_US\" \/>\n<meta property=\"og:type\" content=\"article\" \/>\n<meta property=\"og:title\" content=\"Unicomp - X-Ray chip counters - smart-solutions\" \/>\n<meta property=\"og:description\" content=\"Non-contact electroniccomponent counters X-Ray Unicomp CX7000 chip counter is a perfect, reliable and inexpensive solution that meets all radiation requirements and regulations. The system allows for high speed, high efficiency and high precision components counting for reels in different sizes, with no risk of damage or component loss thanks to non- destructive X-Ray technology. Comparing [&hellip;]\" \/>\n<meta property=\"og:url\" content=\"https:\/\/smart-solutions.pl\/en\/unicomp-x-ray-chip-counters\/\" \/>\n<meta property=\"og:site_name\" content=\"smart-solutions\" \/>\n<meta property=\"article:publisher\" content=\"https:\/\/www.facebook.com\/SmartSolutions3DMetrology\" \/>\n<meta property=\"article:modified_time\" content=\"2024-10-23T15:44:33+00:00\" \/>\n<meta property=\"og:image\" content=\"https:\/\/smart-solutions.pl\/wp-content\/uploads\/2024\/02\/smart-solutions.pl-Unicomp-CX7000-1.png\" \/>\n\t<meta property=\"og:image:width\" content=\"500\" \/>\n\t<meta property=\"og:image:height\" content=\"500\" \/>\n\t<meta property=\"og:image:type\" content=\"image\/png\" \/>\n<meta name=\"twitter:card\" content=\"summary_large_image\" \/>\n<meta name=\"twitter:label1\" content=\"Est. reading time\" \/>\n\t<meta name=\"twitter:data1\" content=\"1 minute\" \/>\n<script type=\"application\/ld+json\" class=\"yoast-schema-graph\">{\"@context\":\"https:\/\/schema.org\",\"@graph\":[{\"@type\":\"WebPage\",\"@id\":\"https:\/\/smart-solutions.pl\/en\/unicomp-x-ray-chip-counters\/\",\"url\":\"https:\/\/smart-solutions.pl\/en\/unicomp-x-ray-chip-counters\/\",\"name\":\"Unicomp - X-Ray chip counters - smart-solutions\",\"isPartOf\":{\"@id\":\"https:\/\/smart-solutions.pl\/en\/#website\"},\"primaryImageOfPage\":{\"@id\":\"https:\/\/smart-solutions.pl\/en\/unicomp-x-ray-chip-counters\/#primaryimage\"},\"image\":{\"@id\":\"https:\/\/smart-solutions.pl\/en\/unicomp-x-ray-chip-counters\/#primaryimage\"},\"thumbnailUrl\":\"https:\/\/smart-solutions.pl\/wp-content\/uploads\/2024\/02\/smart-solutions.pl-Unicomp-CX7000-1.png\",\"datePublished\":\"2024-04-06T10:19:04+00:00\",\"dateModified\":\"2024-10-23T15:44:33+00:00\",\"breadcrumb\":{\"@id\":\"https:\/\/smart-solutions.pl\/en\/unicomp-x-ray-chip-counters\/#breadcrumb\"},\"inLanguage\":\"en-US\",\"potentialAction\":[{\"@type\":\"ReadAction\",\"target\":[\"https:\/\/smart-solutions.pl\/en\/unicomp-x-ray-chip-counters\/\"]}]},{\"@type\":\"ImageObject\",\"inLanguage\":\"en-US\",\"@id\":\"https:\/\/smart-solutions.pl\/en\/unicomp-x-ray-chip-counters\/#primaryimage\",\"url\":\"https:\/\/smart-solutions.pl\/wp-content\/uploads\/2024\/02\/smart-solutions.pl-Unicomp-CX7000-1.png\",\"contentUrl\":\"https:\/\/smart-solutions.pl\/wp-content\/uploads\/2024\/02\/smart-solutions.pl-Unicomp-CX7000-1.png\"},{\"@type\":\"BreadcrumbList\",\"@id\":\"https:\/\/smart-solutions.pl\/en\/unicomp-x-ray-chip-counters\/#breadcrumb\",\"itemListElement\":[{\"@type\":\"ListItem\",\"position\":1,\"name\":\"Strona g\u0142\u00f3wna\",\"item\":\"https:\/\/smart-solutions.pl\/en\/\"},{\"@type\":\"ListItem\",\"position\":2,\"name\":\"Unicomp &#8211; X-Ray chip counters\"}]},{\"@type\":\"WebSite\",\"@id\":\"https:\/\/smart-solutions.pl\/en\/#website\",\"url\":\"https:\/\/smart-solutions.pl\/en\/\",\"name\":\"smart-solutions\",\"description\":\"Sprzeda\u017c system\u00f3w i realizacja us\u0142ug, doradztwo w zakresie precyzyjnych pomiar\u00f3w metrologicznych i bada\u0144 nieniszcz\u0105cych CT\",\"publisher\":{\"@id\":\"https:\/\/smart-solutions.pl\/en\/#organization\"},\"potentialAction\":[{\"@type\":\"SearchAction\",\"target\":{\"@type\":\"EntryPoint\",\"urlTemplate\":\"https:\/\/smart-solutions.pl\/en\/?s={search_term_string}\"},\"query-input\":{\"@type\":\"PropertyValueSpecification\",\"valueRequired\":true,\"valueName\":\"search_term_string\"}}],\"inLanguage\":\"en-US\"},{\"@type\":\"Organization\",\"@id\":\"https:\/\/smart-solutions.pl\/en\/#organization\",\"name\":\"Smart Solutions sp. z o.o.\",\"url\":\"https:\/\/smart-solutions.pl\/en\/\",\"logo\":{\"@type\":\"ImageObject\",\"inLanguage\":\"en-US\",\"@id\":\"https:\/\/smart-solutions.pl\/en\/#\/schema\/logo\/image\/\",\"url\":\"https:\/\/smart-solutions.pl\/wp-content\/uploads\/2021\/10\/smart_solutions_logo.png\",\"contentUrl\":\"https:\/\/smart-solutions.pl\/wp-content\/uploads\/2021\/10\/smart_solutions_logo.png\",\"width\":500,\"height\":200,\"caption\":\"Smart Solutions sp. z o.o.\"},\"image\":{\"@id\":\"https:\/\/smart-solutions.pl\/en\/#\/schema\/logo\/image\/\"},\"sameAs\":[\"https:\/\/www.facebook.com\/SmartSolutions3DMetrology\",\"https:\/\/www.linkedin.com\/company\/smart-metrology\/\",\"https:\/\/www.instagram.com\/smart_metrology_\/\",\"https:\/\/www.youtube.com\/channel\/UCuvAShwl3fMnucOW1hcGi4g\/featured\"]}]}<\/script>\n<!-- \/ Yoast SEO plugin. -->","yoast_head_json":{"title":"Unicomp - X-Ray chip counters - smart-solutions","robots":{"index":"index","follow":"follow","max-snippet":"max-snippet:-1","max-image-preview":"max-image-preview:large","max-video-preview":"max-video-preview:-1"},"canonical":"https:\/\/smart-solutions.pl\/en\/unicomp-x-ray-chip-counters\/","og_locale":"en_US","og_type":"article","og_title":"Unicomp - X-Ray chip counters - smart-solutions","og_description":"Non-contact electroniccomponent counters X-Ray Unicomp CX7000 chip counter is a perfect, reliable and inexpensive solution that meets all radiation requirements and regulations. The system allows for high speed, high efficiency and high precision components counting for reels in different sizes, with no risk of damage or component loss thanks to non- destructive X-Ray technology. Comparing [&hellip;]","og_url":"https:\/\/smart-solutions.pl\/en\/unicomp-x-ray-chip-counters\/","og_site_name":"smart-solutions","article_publisher":"https:\/\/www.facebook.com\/SmartSolutions3DMetrology","article_modified_time":"2024-10-23T15:44:33+00:00","og_image":[{"width":500,"height":500,"url":"https:\/\/smart-solutions.pl\/wp-content\/uploads\/2024\/02\/smart-solutions.pl-Unicomp-CX7000-1.png","type":"image\/png"}],"twitter_card":"summary_large_image","twitter_misc":{"Est. reading time":"1 minute"},"schema":{"@context":"https:\/\/schema.org","@graph":[{"@type":"WebPage","@id":"https:\/\/smart-solutions.pl\/en\/unicomp-x-ray-chip-counters\/","url":"https:\/\/smart-solutions.pl\/en\/unicomp-x-ray-chip-counters\/","name":"Unicomp - X-Ray chip counters - smart-solutions","isPartOf":{"@id":"https:\/\/smart-solutions.pl\/en\/#website"},"primaryImageOfPage":{"@id":"https:\/\/smart-solutions.pl\/en\/unicomp-x-ray-chip-counters\/#primaryimage"},"image":{"@id":"https:\/\/smart-solutions.pl\/en\/unicomp-x-ray-chip-counters\/#primaryimage"},"thumbnailUrl":"https:\/\/smart-solutions.pl\/wp-content\/uploads\/2024\/02\/smart-solutions.pl-Unicomp-CX7000-1.png","datePublished":"2024-04-06T10:19:04+00:00","dateModified":"2024-10-23T15:44:33+00:00","breadcrumb":{"@id":"https:\/\/smart-solutions.pl\/en\/unicomp-x-ray-chip-counters\/#breadcrumb"},"inLanguage":"en-US","potentialAction":[{"@type":"ReadAction","target":["https:\/\/smart-solutions.pl\/en\/unicomp-x-ray-chip-counters\/"]}]},{"@type":"ImageObject","inLanguage":"en-US","@id":"https:\/\/smart-solutions.pl\/en\/unicomp-x-ray-chip-counters\/#primaryimage","url":"https:\/\/smart-solutions.pl\/wp-content\/uploads\/2024\/02\/smart-solutions.pl-Unicomp-CX7000-1.png","contentUrl":"https:\/\/smart-solutions.pl\/wp-content\/uploads\/2024\/02\/smart-solutions.pl-Unicomp-CX7000-1.png"},{"@type":"BreadcrumbList","@id":"https:\/\/smart-solutions.pl\/en\/unicomp-x-ray-chip-counters\/#breadcrumb","itemListElement":[{"@type":"ListItem","position":1,"name":"Strona g\u0142\u00f3wna","item":"https:\/\/smart-solutions.pl\/en\/"},{"@type":"ListItem","position":2,"name":"Unicomp &#8211; X-Ray chip counters"}]},{"@type":"WebSite","@id":"https:\/\/smart-solutions.pl\/en\/#website","url":"https:\/\/smart-solutions.pl\/en\/","name":"smart-solutions","description":"Sprzeda\u017c system\u00f3w i realizacja us\u0142ug, doradztwo w zakresie precyzyjnych pomiar\u00f3w metrologicznych i bada\u0144 nieniszcz\u0105cych CT","publisher":{"@id":"https:\/\/smart-solutions.pl\/en\/#organization"},"potentialAction":[{"@type":"SearchAction","target":{"@type":"EntryPoint","urlTemplate":"https:\/\/smart-solutions.pl\/en\/?s={search_term_string}"},"query-input":{"@type":"PropertyValueSpecification","valueRequired":true,"valueName":"search_term_string"}}],"inLanguage":"en-US"},{"@type":"Organization","@id":"https:\/\/smart-solutions.pl\/en\/#organization","name":"Smart Solutions sp. z o.o.","url":"https:\/\/smart-solutions.pl\/en\/","logo":{"@type":"ImageObject","inLanguage":"en-US","@id":"https:\/\/smart-solutions.pl\/en\/#\/schema\/logo\/image\/","url":"https:\/\/smart-solutions.pl\/wp-content\/uploads\/2021\/10\/smart_solutions_logo.png","contentUrl":"https:\/\/smart-solutions.pl\/wp-content\/uploads\/2021\/10\/smart_solutions_logo.png","width":500,"height":200,"caption":"Smart Solutions sp. z o.o."},"image":{"@id":"https:\/\/smart-solutions.pl\/en\/#\/schema\/logo\/image\/"},"sameAs":["https:\/\/www.facebook.com\/SmartSolutions3DMetrology","https:\/\/www.linkedin.com\/company\/smart-metrology\/","https:\/\/www.instagram.com\/smart_metrology_\/","https:\/\/www.youtube.com\/channel\/UCuvAShwl3fMnucOW1hcGi4g\/featured"]}]}},"_links":{"self":[{"href":"https:\/\/smart-solutions.pl\/en\/wp-json\/wp\/v2\/pages\/9270","targetHints":{"allow":["GET"]}}],"collection":[{"href":"https:\/\/smart-solutions.pl\/en\/wp-json\/wp\/v2\/pages"}],"about":[{"href":"https:\/\/smart-solutions.pl\/en\/wp-json\/wp\/v2\/types\/page"}],"author":[{"embeddable":true,"href":"https:\/\/smart-solutions.pl\/en\/wp-json\/wp\/v2\/users\/1"}],"replies":[{"embeddable":true,"href":"https:\/\/smart-solutions.pl\/en\/wp-json\/wp\/v2\/comments?post=9270"}],"version-history":[{"count":4,"href":"https:\/\/smart-solutions.pl\/en\/wp-json\/wp\/v2\/pages\/9270\/revisions"}],"predecessor-version":[{"id":12577,"href":"https:\/\/smart-solutions.pl\/en\/wp-json\/wp\/v2\/pages\/9270\/revisions\/12577"}],"wp:attachment":[{"href":"https:\/\/smart-solutions.pl\/en\/wp-json\/wp\/v2\/media?parent=9270"}],"curies":[{"name":"wp","href":"https:\/\/api.w.org\/{rel}","templated":true}]}}