{"id":7582,"date":"2023-09-28T09:26:30","date_gmt":"2023-09-28T09:26:30","guid":{"rendered":"https:\/\/smart-solutions.pl\/geotek-rxct\/"},"modified":"2024-10-23T15:43:00","modified_gmt":"2024-10-23T15:43:00","slug":"geotek-rxct","status":"publish","type":"page","link":"https:\/\/smart-solutions.pl\/en\/geotek\/geotek-rxct\/","title":{"rendered":"Geotek RXCT"},"content":{"rendered":"\t\t<div data-elementor-type=\"wp-page\" data-elementor-id=\"7582\" class=\"elementor elementor-7582 elementor-7234\" data-elementor-post-type=\"page\">\n\t\t\t\t\t\t<section class=\"elementor-section elementor-top-section elementor-element elementor-element-98f90ce elementor-section-height-min-height elementor-section-boxed elementor-section-height-default elementor-section-items-middle\" data-id=\"98f90ce\" data-element_type=\"section\" data-e-type=\"section\" data-settings=\"{&quot;background_background&quot;:&quot;classic&quot;}\">\n\t\t\t\t\t\t\t<div class=\"elementor-background-overlay\"><\/div>\n\t\t\t\t\t\t\t<div class=\"elementor-container elementor-column-gap-default\">\n\t\t\t\t\t<div class=\"elementor-column elementor-col-100 elementor-top-column elementor-element elementor-element-dee1de6\" data-id=\"dee1de6\" data-element_type=\"column\" data-e-type=\"column\">\n\t\t\t<div class=\"elementor-widget-wrap elementor-element-populated\">\n\t\t\t\t\t\t<div class=\"elementor-element elementor-element-b608b9e elementor-widget elementor-widget-heading\" data-id=\"b608b9e\" data-element_type=\"widget\" data-e-type=\"widget\" data-widget_type=\"heading.default\">\n\t\t\t\t<div class=\"elementor-widget-container\">\n\t\t\t\t\t<h1 class=\"elementor-heading-title elementor-size-default\">Geotek RXCT<\/h1>\t\t\t\t<\/div>\n\t\t\t\t<\/div>\n\t\t\t\t\t<\/div>\n\t\t<\/div>\n\t\t\t\t\t<\/div>\n\t\t<\/section>\n\t\t\t\t<section class=\"elementor-section elementor-top-section elementor-element elementor-element-d23c8fe elementor-section-boxed elementor-section-height-default elementor-section-height-default\" data-id=\"d23c8fe\" data-element_type=\"section\" data-e-type=\"section\">\n\t\t\t\t\t\t<div class=\"elementor-container elementor-column-gap-default\">\n\t\t\t\t\t<div class=\"elementor-column elementor-col-50 elementor-top-column elementor-element elementor-element-36aafa7\" data-id=\"36aafa7\" data-element_type=\"column\" data-e-type=\"column\">\n\t\t\t<div class=\"elementor-widget-wrap elementor-element-populated\">\n\t\t\t\t\t\t<div class=\"elementor-element elementor-element-98db6e1 elementor-widget elementor-widget-heading\" data-id=\"98db6e1\" data-element_type=\"widget\" data-e-type=\"widget\" data-widget_type=\"heading.default\">\n\t\t\t\t<div class=\"elementor-widget-container\">\n\t\t\t\t\t<h3 class=\"elementor-heading-title elementor-size-default\">Geotec RXCT rotary x-ray tomography system<\/h3>\t\t\t\t<\/div>\n\t\t\t\t<\/div>\n\t\t\t\t<div class=\"elementor-element elementor-element-3045f7a elementor-widget elementor-widget-text-editor\" data-id=\"3045f7a\" data-element_type=\"widget\" data-e-type=\"widget\" data-widget_type=\"text-editor.default\">\n\t\t\t\t<div class=\"elementor-widget-container\">\n\t\t\t\t\t\t\t\t\t<p><strong>Geotec RXCT<\/strong> is Geotek&#8217;s most flexible X-ray imaging platform. It allows the acquisition of 2D x-rays as well as fully 3D models of the internal structure of cores. Since in this model the core is only moved, and the X-ray tube and detector are rotated around it (similar to medical CT scanners), it is particularly useful for delicate, cracked or plastic cores that cannot be rotated.<\/p>\n<p><strong>Dimensions of scanned cores:<\/strong><\/p>\n<p><strong>diameter<\/strong>: 2.5 cm to 15 cm,<\/p>\n<p><strong>length<\/strong>: up to 1.5 m<\/p>\n<p><strong>Lamp voltage range<\/strong>: 45 kV to 130 kV<\/p>\n<p><strong>Pixel\/voxel resolution range<\/strong>: 30 \u00b5m to 350 \u00b5m<\/p>\n\t\t\t\t\t\t\t\t<\/div>\n\t\t\t\t<\/div>\n\t\t\t\t\t<\/div>\n\t\t<\/div>\n\t\t\t\t<div class=\"elementor-column elementor-col-50 elementor-top-column elementor-element elementor-element-9931fb3\" data-id=\"9931fb3\" data-element_type=\"column\" data-e-type=\"column\">\n\t\t\t<div class=\"elementor-widget-wrap elementor-element-populated\">\n\t\t\t\t\t\t<div class=\"elementor-element elementor-element-a0eba01 elementor-arrows-position-inside elementor-widget elementor-widget-image-carousel\" data-id=\"a0eba01\" data-element_type=\"widget\" data-e-type=\"widget\" data-settings=\"{&quot;slides_to_show&quot;:&quot;1&quot;,&quot;navigation&quot;:&quot;arrows&quot;,&quot;autoplay&quot;:&quot;yes&quot;,&quot;pause_on_hover&quot;:&quot;yes&quot;,&quot;pause_on_interaction&quot;:&quot;yes&quot;,&quot;autoplay_speed&quot;:5000,&quot;infinite&quot;:&quot;yes&quot;,&quot;effect&quot;:&quot;slide&quot;,&quot;speed&quot;:500}\" data-widget_type=\"image-carousel.default\">\n\t\t\t\t<div class=\"elementor-widget-container\">\n\t\t\t\t\t\t\t<div class=\"elementor-image-carousel-wrapper swiper\" role=\"region\" aria-roledescription=\"carousel\" aria-label=\"Image Carousel\" dir=\"ltr\">\n\t\t\t<div class=\"elementor-image-carousel swiper-wrapper\" aria-live=\"off\">\n\t\t\t\t\t\t\t\t<div class=\"swiper-slide\" role=\"group\" aria-roledescription=\"slide\" aria-label=\"1 of 1\"><figure class=\"swiper-slide-inner\"><img decoding=\"async\" class=\"swiper-slide-image\" src=\"https:\/\/smart-solutions.pl\/wp-content\/uploads\/2023\/08\/smart-solutions.pl-Geotek-RXCT-1.png\" alt=\"smart-solutions.pl - Geotek RXCT (1)\" \/><\/figure><\/div>\t\t\t<\/div>\n\t\t\t\t\t<\/div>\n\t\t\t\t\t\t<\/div>\n\t\t\t\t<\/div>\n\t\t\t\t\t<\/div>\n\t\t<\/div>\n\t\t\t\t\t<\/div>\n\t\t<\/section>\n\t\t\t\t<\/div>\n\t\t","protected":false},"excerpt":{"rendered":"<p>Geotek RXCT Geotec RXCT rotary x-ray tomography system Geotec RXCT is Geotek&#8217;s most flexible X-ray imaging platform. It allows the acquisition of 2D x-rays as well as fully 3D models of the internal structure of cores. Since in this model the core is only moved, and the X-ray tube and detector are rotated around it [&hellip;]<\/p>\n","protected":false},"author":1,"featured_media":0,"parent":12553,"menu_order":0,"comment_status":"closed","ping_status":"closed","template":"","meta":{"footnotes":""},"class_list":["post-7582","page","type-page","status-publish","hentry"],"yoast_head":"<!-- This site is optimized with the Yoast SEO plugin v27.4 - https:\/\/yoast.com\/product\/yoast-seo-wordpress\/ -->\n<title>Geotek RXCT - smart-solutions<\/title>\n<meta name=\"description\" content=\"We supply the Geotek RXCT industrial tomography system for 2D X-ray and 3D CT models of core structures for geology.\" \/>\n<meta name=\"robots\" content=\"index, follow, max-snippet:-1, max-image-preview:large, max-video-preview:-1\" \/>\n<link rel=\"canonical\" href=\"https:\/\/smart-solutions.pl\/en\/geotek\/geotek-rxct\/\" \/>\n<meta property=\"og:locale\" content=\"en_US\" \/>\n<meta property=\"og:type\" content=\"article\" \/>\n<meta property=\"og:title\" content=\"Geotek RXCT - smart-solutions\" \/>\n<meta property=\"og:description\" content=\"We supply the Geotek RXCT industrial tomography system for 2D X-ray and 3D CT models of core structures for geology.\" \/>\n<meta property=\"og:url\" content=\"https:\/\/smart-solutions.pl\/en\/geotek\/geotek-rxct\/\" \/>\n<meta property=\"og:site_name\" content=\"smart-solutions\" \/>\n<meta property=\"article:publisher\" content=\"https:\/\/www.facebook.com\/SmartSolutions3DMetrology\" \/>\n<meta property=\"article:modified_time\" content=\"2024-10-23T15:43:00+00:00\" \/>\n<meta property=\"og:image\" content=\"https:\/\/smart-solutions.pl\/wp-content\/uploads\/2023\/08\/smart-solutions.pl-Geotek-RXCT-1.png\" \/>\n<meta name=\"twitter:card\" content=\"summary_large_image\" \/>\n<script type=\"application\/ld+json\" class=\"yoast-schema-graph\">{\"@context\":\"https:\\\/\\\/schema.org\",\"@graph\":[{\"@type\":\"WebPage\",\"@id\":\"https:\\\/\\\/smart-solutions.pl\\\/en\\\/geotek\\\/geotek-rxct\\\/\",\"url\":\"https:\\\/\\\/smart-solutions.pl\\\/en\\\/geotek\\\/geotek-rxct\\\/\",\"name\":\"Geotek RXCT - smart-solutions\",\"isPartOf\":{\"@id\":\"https:\\\/\\\/smart-solutions.pl\\\/en\\\/#website\"},\"primaryImageOfPage\":{\"@id\":\"https:\\\/\\\/smart-solutions.pl\\\/en\\\/geotek\\\/geotek-rxct\\\/#primaryimage\"},\"image\":{\"@id\":\"https:\\\/\\\/smart-solutions.pl\\\/en\\\/geotek\\\/geotek-rxct\\\/#primaryimage\"},\"thumbnailUrl\":\"https:\\\/\\\/smart-solutions.pl\\\/wp-content\\\/uploads\\\/2023\\\/08\\\/smart-solutions.pl-Geotek-RXCT-1.png\",\"datePublished\":\"2023-09-28T09:26:30+00:00\",\"dateModified\":\"2024-10-23T15:43:00+00:00\",\"description\":\"We supply the Geotek RXCT industrial tomography system for 2D X-ray and 3D CT models of core structures for geology.\",\"breadcrumb\":{\"@id\":\"https:\\\/\\\/smart-solutions.pl\\\/en\\\/geotek\\\/geotek-rxct\\\/#breadcrumb\"},\"inLanguage\":\"en-US\",\"potentialAction\":[{\"@type\":\"ReadAction\",\"target\":[\"https:\\\/\\\/smart-solutions.pl\\\/en\\\/geotek\\\/geotek-rxct\\\/\"]}]},{\"@type\":\"ImageObject\",\"inLanguage\":\"en-US\",\"@id\":\"https:\\\/\\\/smart-solutions.pl\\\/en\\\/geotek\\\/geotek-rxct\\\/#primaryimage\",\"url\":\"https:\\\/\\\/smart-solutions.pl\\\/wp-content\\\/uploads\\\/2023\\\/08\\\/smart-solutions.pl-Geotek-RXCT-1.png\",\"contentUrl\":\"https:\\\/\\\/smart-solutions.pl\\\/wp-content\\\/uploads\\\/2023\\\/08\\\/smart-solutions.pl-Geotek-RXCT-1.png\"},{\"@type\":\"BreadcrumbList\",\"@id\":\"https:\\\/\\\/smart-solutions.pl\\\/en\\\/geotek\\\/geotek-rxct\\\/#breadcrumb\",\"itemListElement\":[{\"@type\":\"ListItem\",\"position\":1,\"name\":\"Strona g\u0142\u00f3wna\",\"item\":\"https:\\\/\\\/smart-solutions.pl\\\/en\\\/\"},{\"@type\":\"ListItem\",\"position\":2,\"name\":\"Geotek\",\"item\":\"https:\\\/\\\/smart-solutions.pl\\\/en\\\/geotek\\\/\"},{\"@type\":\"ListItem\",\"position\":3,\"name\":\"Geotek RXCT\"}]},{\"@type\":\"WebSite\",\"@id\":\"https:\\\/\\\/smart-solutions.pl\\\/en\\\/#website\",\"url\":\"https:\\\/\\\/smart-solutions.pl\\\/en\\\/\",\"name\":\"smart-solutions\",\"description\":\"Sprzeda\u017c system\u00f3w i realizacja us\u0142ug, doradztwo w zakresie precyzyjnych pomiar\u00f3w metrologicznych i bada\u0144 nieniszcz\u0105cych CT\",\"publisher\":{\"@id\":\"https:\\\/\\\/smart-solutions.pl\\\/en\\\/#organization\"},\"potentialAction\":[{\"@type\":\"SearchAction\",\"target\":{\"@type\":\"EntryPoint\",\"urlTemplate\":\"https:\\\/\\\/smart-solutions.pl\\\/en\\\/?s={search_term_string}\"},\"query-input\":{\"@type\":\"PropertyValueSpecification\",\"valueRequired\":true,\"valueName\":\"search_term_string\"}}],\"inLanguage\":\"en-US\"},{\"@type\":\"Organization\",\"@id\":\"https:\\\/\\\/smart-solutions.pl\\\/en\\\/#organization\",\"name\":\"Smart Solutions sp. z o.o.\",\"url\":\"https:\\\/\\\/smart-solutions.pl\\\/en\\\/\",\"logo\":{\"@type\":\"ImageObject\",\"inLanguage\":\"en-US\",\"@id\":\"https:\\\/\\\/smart-solutions.pl\\\/en\\\/#\\\/schema\\\/logo\\\/image\\\/\",\"url\":\"https:\\\/\\\/smart-solutions.pl\\\/wp-content\\\/uploads\\\/2021\\\/10\\\/smart_solutions_logo.png\",\"contentUrl\":\"https:\\\/\\\/smart-solutions.pl\\\/wp-content\\\/uploads\\\/2021\\\/10\\\/smart_solutions_logo.png\",\"width\":500,\"height\":200,\"caption\":\"Smart Solutions sp. z o.o.\"},\"image\":{\"@id\":\"https:\\\/\\\/smart-solutions.pl\\\/en\\\/#\\\/schema\\\/logo\\\/image\\\/\"},\"sameAs\":[\"https:\\\/\\\/www.facebook.com\\\/SmartSolutions3DMetrology\",\"https:\\\/\\\/www.linkedin.com\\\/company\\\/smart-metrology\\\/\",\"https:\\\/\\\/www.instagram.com\\\/smart_metrology_\\\/\",\"https:\\\/\\\/www.youtube.com\\\/channel\\\/UCuvAShwl3fMnucOW1hcGi4g\\\/featured\"]}]}<\/script>\n<!-- \/ Yoast SEO plugin. -->","yoast_head_json":{"title":"Geotek RXCT - smart-solutions","description":"We supply the Geotek RXCT industrial tomography system for 2D X-ray and 3D CT models of core structures for geology.","robots":{"index":"index","follow":"follow","max-snippet":"max-snippet:-1","max-image-preview":"max-image-preview:large","max-video-preview":"max-video-preview:-1"},"canonical":"https:\/\/smart-solutions.pl\/en\/geotek\/geotek-rxct\/","og_locale":"en_US","og_type":"article","og_title":"Geotek RXCT - smart-solutions","og_description":"We supply the Geotek RXCT industrial tomography system for 2D X-ray and 3D CT models of core structures for geology.","og_url":"https:\/\/smart-solutions.pl\/en\/geotek\/geotek-rxct\/","og_site_name":"smart-solutions","article_publisher":"https:\/\/www.facebook.com\/SmartSolutions3DMetrology","article_modified_time":"2024-10-23T15:43:00+00:00","og_image":[{"url":"https:\/\/smart-solutions.pl\/wp-content\/uploads\/2023\/08\/smart-solutions.pl-Geotek-RXCT-1.png","type":"","width":"","height":""}],"twitter_card":"summary_large_image","schema":{"@context":"https:\/\/schema.org","@graph":[{"@type":"WebPage","@id":"https:\/\/smart-solutions.pl\/en\/geotek\/geotek-rxct\/","url":"https:\/\/smart-solutions.pl\/en\/geotek\/geotek-rxct\/","name":"Geotek RXCT - smart-solutions","isPartOf":{"@id":"https:\/\/smart-solutions.pl\/en\/#website"},"primaryImageOfPage":{"@id":"https:\/\/smart-solutions.pl\/en\/geotek\/geotek-rxct\/#primaryimage"},"image":{"@id":"https:\/\/smart-solutions.pl\/en\/geotek\/geotek-rxct\/#primaryimage"},"thumbnailUrl":"https:\/\/smart-solutions.pl\/wp-content\/uploads\/2023\/08\/smart-solutions.pl-Geotek-RXCT-1.png","datePublished":"2023-09-28T09:26:30+00:00","dateModified":"2024-10-23T15:43:00+00:00","description":"We supply the Geotek RXCT industrial tomography system for 2D X-ray and 3D CT models of core structures for geology.","breadcrumb":{"@id":"https:\/\/smart-solutions.pl\/en\/geotek\/geotek-rxct\/#breadcrumb"},"inLanguage":"en-US","potentialAction":[{"@type":"ReadAction","target":["https:\/\/smart-solutions.pl\/en\/geotek\/geotek-rxct\/"]}]},{"@type":"ImageObject","inLanguage":"en-US","@id":"https:\/\/smart-solutions.pl\/en\/geotek\/geotek-rxct\/#primaryimage","url":"https:\/\/smart-solutions.pl\/wp-content\/uploads\/2023\/08\/smart-solutions.pl-Geotek-RXCT-1.png","contentUrl":"https:\/\/smart-solutions.pl\/wp-content\/uploads\/2023\/08\/smart-solutions.pl-Geotek-RXCT-1.png"},{"@type":"BreadcrumbList","@id":"https:\/\/smart-solutions.pl\/en\/geotek\/geotek-rxct\/#breadcrumb","itemListElement":[{"@type":"ListItem","position":1,"name":"Strona g\u0142\u00f3wna","item":"https:\/\/smart-solutions.pl\/en\/"},{"@type":"ListItem","position":2,"name":"Geotek","item":"https:\/\/smart-solutions.pl\/en\/geotek\/"},{"@type":"ListItem","position":3,"name":"Geotek RXCT"}]},{"@type":"WebSite","@id":"https:\/\/smart-solutions.pl\/en\/#website","url":"https:\/\/smart-solutions.pl\/en\/","name":"smart-solutions","description":"Sprzeda\u017c system\u00f3w i realizacja us\u0142ug, doradztwo w zakresie precyzyjnych pomiar\u00f3w metrologicznych i bada\u0144 nieniszcz\u0105cych CT","publisher":{"@id":"https:\/\/smart-solutions.pl\/en\/#organization"},"potentialAction":[{"@type":"SearchAction","target":{"@type":"EntryPoint","urlTemplate":"https:\/\/smart-solutions.pl\/en\/?s={search_term_string}"},"query-input":{"@type":"PropertyValueSpecification","valueRequired":true,"valueName":"search_term_string"}}],"inLanguage":"en-US"},{"@type":"Organization","@id":"https:\/\/smart-solutions.pl\/en\/#organization","name":"Smart Solutions sp. z o.o.","url":"https:\/\/smart-solutions.pl\/en\/","logo":{"@type":"ImageObject","inLanguage":"en-US","@id":"https:\/\/smart-solutions.pl\/en\/#\/schema\/logo\/image\/","url":"https:\/\/smart-solutions.pl\/wp-content\/uploads\/2021\/10\/smart_solutions_logo.png","contentUrl":"https:\/\/smart-solutions.pl\/wp-content\/uploads\/2021\/10\/smart_solutions_logo.png","width":500,"height":200,"caption":"Smart Solutions sp. z o.o."},"image":{"@id":"https:\/\/smart-solutions.pl\/en\/#\/schema\/logo\/image\/"},"sameAs":["https:\/\/www.facebook.com\/SmartSolutions3DMetrology","https:\/\/www.linkedin.com\/company\/smart-metrology\/","https:\/\/www.instagram.com\/smart_metrology_\/","https:\/\/www.youtube.com\/channel\/UCuvAShwl3fMnucOW1hcGi4g\/featured"]}]}},"_links":{"self":[{"href":"https:\/\/smart-solutions.pl\/en\/wp-json\/wp\/v2\/pages\/7582","targetHints":{"allow":["GET"]}}],"collection":[{"href":"https:\/\/smart-solutions.pl\/en\/wp-json\/wp\/v2\/pages"}],"about":[{"href":"https:\/\/smart-solutions.pl\/en\/wp-json\/wp\/v2\/types\/page"}],"author":[{"embeddable":true,"href":"https:\/\/smart-solutions.pl\/en\/wp-json\/wp\/v2\/users\/1"}],"replies":[{"embeddable":true,"href":"https:\/\/smart-solutions.pl\/en\/wp-json\/wp\/v2\/comments?post=7582"}],"version-history":[{"count":4,"href":"https:\/\/smart-solutions.pl\/en\/wp-json\/wp\/v2\/pages\/7582\/revisions"}],"predecessor-version":[{"id":12576,"href":"https:\/\/smart-solutions.pl\/en\/wp-json\/wp\/v2\/pages\/7582\/revisions\/12576"}],"up":[{"embeddable":true,"href":"https:\/\/smart-solutions.pl\/en\/wp-json\/wp\/v2\/pages\/12553"}],"wp:attachment":[{"href":"https:\/\/smart-solutions.pl\/en\/wp-json\/wp\/v2\/media?parent=7582"}],"curies":[{"name":"wp","href":"https:\/\/api.w.org\/{rel}","templated":true}]}}