{"id":7580,"date":"2023-09-28T09:23:22","date_gmt":"2023-09-28T09:23:22","guid":{"rendered":"https:\/\/smart-solutions.pl\/geotek-mscl-s-standard-multi-sensor-core-logger\/"},"modified":"2024-10-23T15:42:51","modified_gmt":"2024-10-23T15:42:51","slug":"geotek-mscl-s-standard-multi-sensor-core-logger","status":"publish","type":"page","link":"https:\/\/smart-solutions.pl\/en\/geotek\/geotek-mscl-s-standard-multi-sensor-core-logger\/","title":{"rendered":"Geotek MSCL-S &#8211; STANDARD MULTI-SENSOR CORE LOGGER"},"content":{"rendered":"\t\t<div data-elementor-type=\"wp-page\" data-elementor-id=\"7580\" class=\"elementor elementor-7580 elementor-7194\" data-elementor-post-type=\"page\">\n\t\t\t\t\t\t<section class=\"elementor-section elementor-top-section elementor-element elementor-element-48e3625 elementor-section-height-min-height elementor-section-boxed elementor-section-height-default elementor-section-items-middle\" data-id=\"48e3625\" data-element_type=\"section\" data-e-type=\"section\" data-settings=\"{&quot;background_background&quot;:&quot;classic&quot;}\">\n\t\t\t\t\t\t\t<div class=\"elementor-background-overlay\"><\/div>\n\t\t\t\t\t\t\t<div class=\"elementor-container elementor-column-gap-default\">\n\t\t\t\t\t<div class=\"elementor-column elementor-col-100 elementor-top-column elementor-element elementor-element-f4bbb86\" data-id=\"f4bbb86\" data-element_type=\"column\" data-e-type=\"column\">\n\t\t\t<div class=\"elementor-widget-wrap elementor-element-populated\">\n\t\t\t\t\t\t<div class=\"elementor-element elementor-element-e8de6ea elementor-widget elementor-widget-heading\" data-id=\"e8de6ea\" data-element_type=\"widget\" data-e-type=\"widget\" data-widget_type=\"heading.default\">\n\t\t\t\t<div class=\"elementor-widget-container\">\n\t\t\t\t\t<h1 class=\"elementor-heading-title elementor-size-default\">Geotek MSCL-S<\/h1>\t\t\t\t<\/div>\n\t\t\t\t<\/div>\n\t\t\t\t\t<\/div>\n\t\t<\/div>\n\t\t\t\t\t<\/div>\n\t\t<\/section>\n\t\t\t\t<section class=\"elementor-section elementor-top-section elementor-element elementor-element-ff349ed elementor-section-boxed elementor-section-height-default elementor-section-height-default\" data-id=\"ff349ed\" data-element_type=\"section\" data-e-type=\"section\">\n\t\t\t\t\t\t<div class=\"elementor-container elementor-column-gap-default\">\n\t\t\t\t\t<div class=\"elementor-column elementor-col-50 elementor-top-column elementor-element elementor-element-9cd6b64\" data-id=\"9cd6b64\" data-element_type=\"column\" data-e-type=\"column\">\n\t\t\t<div class=\"elementor-widget-wrap elementor-element-populated\">\n\t\t\t\t\t\t<div class=\"elementor-element elementor-element-66337a7 elementor-widget elementor-widget-heading\" data-id=\"66337a7\" data-element_type=\"widget\" data-e-type=\"widget\" data-widget_type=\"heading.default\">\n\t\t\t\t<div class=\"elementor-widget-container\">\n\t\t\t\t\t<h3 class=\"elementor-heading-title elementor-size-default\">MSCL-S standard multisensor core scanner<\/h3>\t\t\t\t<\/div>\n\t\t\t\t<\/div>\n\t\t\t\t<div class=\"elementor-element elementor-element-0e7fd8d elementor-widget elementor-widget-text-editor\" data-id=\"0e7fd8d\" data-element_type=\"widget\" data-e-type=\"widget\" data-widget_type=\"text-editor.default\">\n\t\t\t\t<div class=\"elementor-widget-container\">\n\t\t\t\t\t\t\t\t\t<p>Analyzing cores with the <strong>Geotek MSCL<\/strong> series is a key step in many geological applications, such as paleoclimatic studies, mineral, oil and gas exploration, geometallurgy, and geotechnics. The operation of the MSCL-S involves automatically moving the core simultaneously under a wide variety of geophysical and geochemical sensors integrated into a single set. The data is recorded with depth information in the well. The advantage of multi-parameter scanning is the ability to analyze correlations between parameters on consistent data sets and graphs, which facilitates the acquisition of additional information about core lithology.<\/p>\n<p>It is possible to scan whole or cut sediment cores, even unconsolidated ones, and whole or cut rock cores in tubes, or in bulk. Depending on your needs, measurements can be taken at preset distances from 1 to 100 mm, with position accuracy of more than 0.1 mm. You can also expand your existing set with a new sensor if needed.<\/p>\n\t\t\t\t\t\t\t\t<\/div>\n\t\t\t\t<\/div>\n\t\t\t\t\t<\/div>\n\t\t<\/div>\n\t\t\t\t<div class=\"elementor-column elementor-col-50 elementor-top-column elementor-element elementor-element-a5cf366\" data-id=\"a5cf366\" data-element_type=\"column\" data-e-type=\"column\">\n\t\t\t<div class=\"elementor-widget-wrap elementor-element-populated\">\n\t\t\t\t\t\t<div class=\"elementor-element elementor-element-ebdcdc8 elementor-arrows-position-inside elementor-widget elementor-widget-image-carousel\" data-id=\"ebdcdc8\" data-element_type=\"widget\" data-e-type=\"widget\" data-settings=\"{&quot;slides_to_show&quot;:&quot;1&quot;,&quot;navigation&quot;:&quot;arrows&quot;,&quot;autoplay&quot;:&quot;yes&quot;,&quot;pause_on_hover&quot;:&quot;yes&quot;,&quot;pause_on_interaction&quot;:&quot;yes&quot;,&quot;autoplay_speed&quot;:5000,&quot;infinite&quot;:&quot;yes&quot;,&quot;effect&quot;:&quot;slide&quot;,&quot;speed&quot;:500}\" data-widget_type=\"image-carousel.default\">\n\t\t\t\t<div class=\"elementor-widget-container\">\n\t\t\t\t\t\t\t<div class=\"elementor-image-carousel-wrapper swiper\" role=\"region\" aria-roledescription=\"carousel\" aria-label=\"Image Carousel\" dir=\"ltr\">\n\t\t\t<div class=\"elementor-image-carousel swiper-wrapper\" aria-live=\"off\">\n\t\t\t\t\t\t\t\t<div class=\"swiper-slide\" role=\"group\" aria-roledescription=\"slide\" aria-label=\"1 of 1\"><figure class=\"swiper-slide-inner\"><img decoding=\"async\" class=\"swiper-slide-image\" src=\"https:\/\/smart-solutions.pl\/wp-content\/uploads\/2023\/08\/smart-solutions.pl-Geotek-MSCL-1.png\" alt=\"smart-solutions.pl - Geotek MSCL (1)\" \/><\/figure><\/div>\t\t\t<\/div>\n\t\t\t\t\t<\/div>\n\t\t\t\t\t\t<\/div>\n\t\t\t\t<\/div>\n\t\t\t\t\t<\/div>\n\t\t<\/div>\n\t\t\t\t\t<\/div>\n\t\t<\/section>\n\t\t\t\t<section class=\"elementor-section elementor-top-section elementor-element elementor-element-59d1969 elementor-section-boxed elementor-section-height-default elementor-section-height-default\" data-id=\"59d1969\" data-element_type=\"section\" data-e-type=\"section\">\n\t\t\t\t\t\t<div class=\"elementor-container elementor-column-gap-default\">\n\t\t\t\t\t<div class=\"elementor-column elementor-col-50 elementor-top-column elementor-element elementor-element-02bab72\" data-id=\"02bab72\" data-element_type=\"column\" data-e-type=\"column\">\n\t\t\t<div class=\"elementor-widget-wrap elementor-element-populated\">\n\t\t\t\t\t\t<div class=\"elementor-element elementor-element-df591e0 elementor-widget elementor-widget-video\" data-id=\"df591e0\" data-element_type=\"widget\" data-e-type=\"widget\" data-settings=\"{&quot;youtube_url&quot;:&quot;https:\\\/\\\/www.youtube.com\\\/watch?v=Y85Ig_-Yi78&quot;,&quot;video_type&quot;:&quot;youtube&quot;,&quot;controls&quot;:&quot;yes&quot;}\" data-widget_type=\"video.default\">\n\t\t\t\t<div class=\"elementor-widget-container\">\n\t\t\t\t\t\t\t<div class=\"elementor-wrapper elementor-open-inline\">\n\t\t\t<div class=\"elementor-video\"><\/div>\t\t<\/div>\n\t\t\t\t\t\t<\/div>\n\t\t\t\t<\/div>\n\t\t\t\t\t<\/div>\n\t\t<\/div>\n\t\t\t\t<div class=\"elementor-column elementor-col-50 elementor-top-column elementor-element elementor-element-2b25924\" data-id=\"2b25924\" data-element_type=\"column\" data-e-type=\"column\">\n\t\t\t<div class=\"elementor-widget-wrap elementor-element-populated\">\n\t\t\t\t\t\t<div class=\"elementor-element elementor-element-00d5af1 elementor-widget elementor-widget-text-editor\" data-id=\"00d5af1\" data-element_type=\"widget\" data-e-type=\"widget\" data-widget_type=\"text-editor.default\">\n\t\t\t\t<div class=\"elementor-widget-container\">\n\t\t\t\t\t\t\t\t\t<p><strong>Sensors available from BoxScan:<\/strong><\/p>\n<ul>\n<li>Ultra-high-resolution RGB linear color camera with automatic focus and exposure, dedicated white light and UV lighting;<\/li>\n<li>Spectrophotometer for quantitative color measurement (RGB and Munsell system);<\/li>\n<li>A near-infrared spectrometer or hyperspectral camera for mineral identification in the VNIR and SWIR spectral range;<\/li>\n<li>Olympus Vanta XRF X-ray fluorescence analyzer or Geotek helium flushed XRF for chemical analysis;<\/li>\n<li>Loop and point sensors of magnetic susceptibility;<\/li>\n<li>Linear laser scanner for detailed registration of core topography (e.g., fracture angles) and acquisition of information on geotechnical parameters;<\/li>\n<li>Measurement of the speed of sound (P-wave) using piston or roller transducers;<\/li>\n<li>Non-contact electrical resistivity measurement for saturated sediments;<\/li>\n<li>Determination of porosity and density with a small gamma-ray source of Cs-137;<\/li>\n<li>Measurement of total and spectral natural gamma radioactivity.<\/li>\n<\/ul>\n\t\t\t\t\t\t\t\t<\/div>\n\t\t\t\t<\/div>\n\t\t\t\t\t<\/div>\n\t\t<\/div>\n\t\t\t\t\t<\/div>\n\t\t<\/section>\n\t\t\t\t<\/div>\n\t\t","protected":false},"excerpt":{"rendered":"<p>Geotek MSCL-S MSCL-S standard multisensor core scanner Analyzing cores with the Geotek MSCL series is a key step in many geological applications, such as paleoclimatic studies, mineral, oil and gas exploration, geometallurgy, and geotechnics. The operation of the MSCL-S involves automatically moving the core simultaneously under a wide variety of geophysical and geochemical sensors integrated [&hellip;]<\/p>\n","protected":false},"author":1,"featured_media":0,"parent":12553,"menu_order":0,"comment_status":"closed","ping_status":"closed","template":"","meta":{"footnotes":""},"class_list":["post-7580","page","type-page","status-publish","hentry"],"yoast_head":"<!-- This site is optimized with the Yoast SEO plugin v27.4 - https:\/\/yoast.com\/product\/yoast-seo-wordpress\/ -->\n<title>Geotek MSCL-S - STANDARD MULTI-SENSOR CORE LOGGER - smart-solutions<\/title>\n<meta name=\"description\" content=\"We provide configurable multi-sensor Geotek MSCL systems for core and borehole testing for geology, mining, geochemistry, mineralogy.\" \/>\n<meta name=\"robots\" content=\"index, follow, max-snippet:-1, max-image-preview:large, max-video-preview:-1\" \/>\n<link rel=\"canonical\" href=\"https:\/\/smart-solutions.pl\/en\/geotek\/geotek-mscl-s-standard-multi-sensor-core-logger\/\" \/>\n<meta property=\"og:locale\" content=\"en_US\" \/>\n<meta property=\"og:type\" content=\"article\" \/>\n<meta property=\"og:title\" content=\"Geotek MSCL-S - STANDARD MULTI-SENSOR CORE LOGGER - smart-solutions\" \/>\n<meta property=\"og:description\" content=\"We provide configurable multi-sensor Geotek MSCL systems for core and borehole testing for geology, mining, geochemistry, mineralogy.\" \/>\n<meta property=\"og:url\" content=\"https:\/\/smart-solutions.pl\/en\/geotek\/geotek-mscl-s-standard-multi-sensor-core-logger\/\" \/>\n<meta property=\"og:site_name\" content=\"smart-solutions\" \/>\n<meta property=\"article:publisher\" content=\"https:\/\/www.facebook.com\/SmartSolutions3DMetrology\" \/>\n<meta property=\"article:modified_time\" content=\"2024-10-23T15:42:51+00:00\" \/>\n<meta property=\"og:image\" content=\"https:\/\/smart-solutions.pl\/wp-content\/uploads\/2023\/08\/smart-solutions.pl-Geotek-MSCL-1.png\" \/>\n<meta name=\"twitter:card\" content=\"summary_large_image\" \/>\n<meta name=\"twitter:label1\" content=\"Est. reading time\" \/>\n\t<meta name=\"twitter:data1\" content=\"1 minute\" \/>\n<script type=\"application\/ld+json\" class=\"yoast-schema-graph\">{\"@context\":\"https:\\\/\\\/schema.org\",\"@graph\":[{\"@type\":\"WebPage\",\"@id\":\"https:\\\/\\\/smart-solutions.pl\\\/en\\\/geotek\\\/geotek-mscl-s-standard-multi-sensor-core-logger\\\/\",\"url\":\"https:\\\/\\\/smart-solutions.pl\\\/en\\\/geotek\\\/geotek-mscl-s-standard-multi-sensor-core-logger\\\/\",\"name\":\"Geotek MSCL-S - STANDARD MULTI-SENSOR CORE LOGGER - smart-solutions\",\"isPartOf\":{\"@id\":\"https:\\\/\\\/smart-solutions.pl\\\/en\\\/#website\"},\"primaryImageOfPage\":{\"@id\":\"https:\\\/\\\/smart-solutions.pl\\\/en\\\/geotek\\\/geotek-mscl-s-standard-multi-sensor-core-logger\\\/#primaryimage\"},\"image\":{\"@id\":\"https:\\\/\\\/smart-solutions.pl\\\/en\\\/geotek\\\/geotek-mscl-s-standard-multi-sensor-core-logger\\\/#primaryimage\"},\"thumbnailUrl\":\"https:\\\/\\\/smart-solutions.pl\\\/wp-content\\\/uploads\\\/2023\\\/08\\\/smart-solutions.pl-Geotek-MSCL-1.png\",\"datePublished\":\"2023-09-28T09:23:22+00:00\",\"dateModified\":\"2024-10-23T15:42:51+00:00\",\"description\":\"We provide configurable multi-sensor Geotek MSCL systems for core and borehole testing for geology, mining, geochemistry, mineralogy.\",\"breadcrumb\":{\"@id\":\"https:\\\/\\\/smart-solutions.pl\\\/en\\\/geotek\\\/geotek-mscl-s-standard-multi-sensor-core-logger\\\/#breadcrumb\"},\"inLanguage\":\"en-US\",\"potentialAction\":[{\"@type\":\"ReadAction\",\"target\":[\"https:\\\/\\\/smart-solutions.pl\\\/en\\\/geotek\\\/geotek-mscl-s-standard-multi-sensor-core-logger\\\/\"]}]},{\"@type\":\"ImageObject\",\"inLanguage\":\"en-US\",\"@id\":\"https:\\\/\\\/smart-solutions.pl\\\/en\\\/geotek\\\/geotek-mscl-s-standard-multi-sensor-core-logger\\\/#primaryimage\",\"url\":\"https:\\\/\\\/smart-solutions.pl\\\/wp-content\\\/uploads\\\/2023\\\/08\\\/smart-solutions.pl-Geotek-MSCL-1.png\",\"contentUrl\":\"https:\\\/\\\/smart-solutions.pl\\\/wp-content\\\/uploads\\\/2023\\\/08\\\/smart-solutions.pl-Geotek-MSCL-1.png\"},{\"@type\":\"BreadcrumbList\",\"@id\":\"https:\\\/\\\/smart-solutions.pl\\\/en\\\/geotek\\\/geotek-mscl-s-standard-multi-sensor-core-logger\\\/#breadcrumb\",\"itemListElement\":[{\"@type\":\"ListItem\",\"position\":1,\"name\":\"Strona g\u0142\u00f3wna\",\"item\":\"https:\\\/\\\/smart-solutions.pl\\\/en\\\/\"},{\"@type\":\"ListItem\",\"position\":2,\"name\":\"Geotek\",\"item\":\"https:\\\/\\\/smart-solutions.pl\\\/en\\\/geotek\\\/\"},{\"@type\":\"ListItem\",\"position\":3,\"name\":\"Geotek MSCL-S &#8211; STANDARD MULTI-SENSOR CORE LOGGER\"}]},{\"@type\":\"WebSite\",\"@id\":\"https:\\\/\\\/smart-solutions.pl\\\/en\\\/#website\",\"url\":\"https:\\\/\\\/smart-solutions.pl\\\/en\\\/\",\"name\":\"smart-solutions\",\"description\":\"Sprzeda\u017c system\u00f3w i realizacja us\u0142ug, doradztwo w zakresie precyzyjnych pomiar\u00f3w metrologicznych i bada\u0144 nieniszcz\u0105cych CT\",\"publisher\":{\"@id\":\"https:\\\/\\\/smart-solutions.pl\\\/en\\\/#organization\"},\"potentialAction\":[{\"@type\":\"SearchAction\",\"target\":{\"@type\":\"EntryPoint\",\"urlTemplate\":\"https:\\\/\\\/smart-solutions.pl\\\/en\\\/?s={search_term_string}\"},\"query-input\":{\"@type\":\"PropertyValueSpecification\",\"valueRequired\":true,\"valueName\":\"search_term_string\"}}],\"inLanguage\":\"en-US\"},{\"@type\":\"Organization\",\"@id\":\"https:\\\/\\\/smart-solutions.pl\\\/en\\\/#organization\",\"name\":\"Smart Solutions sp. z o.o.\",\"url\":\"https:\\\/\\\/smart-solutions.pl\\\/en\\\/\",\"logo\":{\"@type\":\"ImageObject\",\"inLanguage\":\"en-US\",\"@id\":\"https:\\\/\\\/smart-solutions.pl\\\/en\\\/#\\\/schema\\\/logo\\\/image\\\/\",\"url\":\"https:\\\/\\\/smart-solutions.pl\\\/wp-content\\\/uploads\\\/2021\\\/10\\\/smart_solutions_logo.png\",\"contentUrl\":\"https:\\\/\\\/smart-solutions.pl\\\/wp-content\\\/uploads\\\/2021\\\/10\\\/smart_solutions_logo.png\",\"width\":500,\"height\":200,\"caption\":\"Smart Solutions sp. z o.o.\"},\"image\":{\"@id\":\"https:\\\/\\\/smart-solutions.pl\\\/en\\\/#\\\/schema\\\/logo\\\/image\\\/\"},\"sameAs\":[\"https:\\\/\\\/www.facebook.com\\\/SmartSolutions3DMetrology\",\"https:\\\/\\\/www.linkedin.com\\\/company\\\/smart-metrology\\\/\",\"https:\\\/\\\/www.instagram.com\\\/smart_metrology_\\\/\",\"https:\\\/\\\/www.youtube.com\\\/channel\\\/UCuvAShwl3fMnucOW1hcGi4g\\\/featured\"]}]}<\/script>\n<!-- \/ Yoast SEO plugin. -->","yoast_head_json":{"title":"Geotek MSCL-S - STANDARD MULTI-SENSOR CORE LOGGER - smart-solutions","description":"We provide configurable multi-sensor Geotek MSCL systems for core and borehole testing for geology, mining, geochemistry, mineralogy.","robots":{"index":"index","follow":"follow","max-snippet":"max-snippet:-1","max-image-preview":"max-image-preview:large","max-video-preview":"max-video-preview:-1"},"canonical":"https:\/\/smart-solutions.pl\/en\/geotek\/geotek-mscl-s-standard-multi-sensor-core-logger\/","og_locale":"en_US","og_type":"article","og_title":"Geotek MSCL-S - STANDARD MULTI-SENSOR CORE LOGGER - smart-solutions","og_description":"We provide configurable multi-sensor Geotek MSCL systems for core and borehole testing for geology, mining, geochemistry, mineralogy.","og_url":"https:\/\/smart-solutions.pl\/en\/geotek\/geotek-mscl-s-standard-multi-sensor-core-logger\/","og_site_name":"smart-solutions","article_publisher":"https:\/\/www.facebook.com\/SmartSolutions3DMetrology","article_modified_time":"2024-10-23T15:42:51+00:00","og_image":[{"url":"https:\/\/smart-solutions.pl\/wp-content\/uploads\/2023\/08\/smart-solutions.pl-Geotek-MSCL-1.png","type":"","width":"","height":""}],"twitter_card":"summary_large_image","twitter_misc":{"Est. reading time":"1 minute"},"schema":{"@context":"https:\/\/schema.org","@graph":[{"@type":"WebPage","@id":"https:\/\/smart-solutions.pl\/en\/geotek\/geotek-mscl-s-standard-multi-sensor-core-logger\/","url":"https:\/\/smart-solutions.pl\/en\/geotek\/geotek-mscl-s-standard-multi-sensor-core-logger\/","name":"Geotek MSCL-S - STANDARD MULTI-SENSOR CORE LOGGER - smart-solutions","isPartOf":{"@id":"https:\/\/smart-solutions.pl\/en\/#website"},"primaryImageOfPage":{"@id":"https:\/\/smart-solutions.pl\/en\/geotek\/geotek-mscl-s-standard-multi-sensor-core-logger\/#primaryimage"},"image":{"@id":"https:\/\/smart-solutions.pl\/en\/geotek\/geotek-mscl-s-standard-multi-sensor-core-logger\/#primaryimage"},"thumbnailUrl":"https:\/\/smart-solutions.pl\/wp-content\/uploads\/2023\/08\/smart-solutions.pl-Geotek-MSCL-1.png","datePublished":"2023-09-28T09:23:22+00:00","dateModified":"2024-10-23T15:42:51+00:00","description":"We provide configurable multi-sensor Geotek MSCL systems for core and borehole testing for geology, mining, geochemistry, mineralogy.","breadcrumb":{"@id":"https:\/\/smart-solutions.pl\/en\/geotek\/geotek-mscl-s-standard-multi-sensor-core-logger\/#breadcrumb"},"inLanguage":"en-US","potentialAction":[{"@type":"ReadAction","target":["https:\/\/smart-solutions.pl\/en\/geotek\/geotek-mscl-s-standard-multi-sensor-core-logger\/"]}]},{"@type":"ImageObject","inLanguage":"en-US","@id":"https:\/\/smart-solutions.pl\/en\/geotek\/geotek-mscl-s-standard-multi-sensor-core-logger\/#primaryimage","url":"https:\/\/smart-solutions.pl\/wp-content\/uploads\/2023\/08\/smart-solutions.pl-Geotek-MSCL-1.png","contentUrl":"https:\/\/smart-solutions.pl\/wp-content\/uploads\/2023\/08\/smart-solutions.pl-Geotek-MSCL-1.png"},{"@type":"BreadcrumbList","@id":"https:\/\/smart-solutions.pl\/en\/geotek\/geotek-mscl-s-standard-multi-sensor-core-logger\/#breadcrumb","itemListElement":[{"@type":"ListItem","position":1,"name":"Strona g\u0142\u00f3wna","item":"https:\/\/smart-solutions.pl\/en\/"},{"@type":"ListItem","position":2,"name":"Geotek","item":"https:\/\/smart-solutions.pl\/en\/geotek\/"},{"@type":"ListItem","position":3,"name":"Geotek MSCL-S &#8211; STANDARD MULTI-SENSOR CORE LOGGER"}]},{"@type":"WebSite","@id":"https:\/\/smart-solutions.pl\/en\/#website","url":"https:\/\/smart-solutions.pl\/en\/","name":"smart-solutions","description":"Sprzeda\u017c system\u00f3w i realizacja us\u0142ug, doradztwo w zakresie precyzyjnych pomiar\u00f3w metrologicznych i bada\u0144 nieniszcz\u0105cych CT","publisher":{"@id":"https:\/\/smart-solutions.pl\/en\/#organization"},"potentialAction":[{"@type":"SearchAction","target":{"@type":"EntryPoint","urlTemplate":"https:\/\/smart-solutions.pl\/en\/?s={search_term_string}"},"query-input":{"@type":"PropertyValueSpecification","valueRequired":true,"valueName":"search_term_string"}}],"inLanguage":"en-US"},{"@type":"Organization","@id":"https:\/\/smart-solutions.pl\/en\/#organization","name":"Smart Solutions sp. z o.o.","url":"https:\/\/smart-solutions.pl\/en\/","logo":{"@type":"ImageObject","inLanguage":"en-US","@id":"https:\/\/smart-solutions.pl\/en\/#\/schema\/logo\/image\/","url":"https:\/\/smart-solutions.pl\/wp-content\/uploads\/2021\/10\/smart_solutions_logo.png","contentUrl":"https:\/\/smart-solutions.pl\/wp-content\/uploads\/2021\/10\/smart_solutions_logo.png","width":500,"height":200,"caption":"Smart Solutions sp. z o.o."},"image":{"@id":"https:\/\/smart-solutions.pl\/en\/#\/schema\/logo\/image\/"},"sameAs":["https:\/\/www.facebook.com\/SmartSolutions3DMetrology","https:\/\/www.linkedin.com\/company\/smart-metrology\/","https:\/\/www.instagram.com\/smart_metrology_\/","https:\/\/www.youtube.com\/channel\/UCuvAShwl3fMnucOW1hcGi4g\/featured"]}]}},"_links":{"self":[{"href":"https:\/\/smart-solutions.pl\/en\/wp-json\/wp\/v2\/pages\/7580","targetHints":{"allow":["GET"]}}],"collection":[{"href":"https:\/\/smart-solutions.pl\/en\/wp-json\/wp\/v2\/pages"}],"about":[{"href":"https:\/\/smart-solutions.pl\/en\/wp-json\/wp\/v2\/types\/page"}],"author":[{"embeddable":true,"href":"https:\/\/smart-solutions.pl\/en\/wp-json\/wp\/v2\/users\/1"}],"replies":[{"embeddable":true,"href":"https:\/\/smart-solutions.pl\/en\/wp-json\/wp\/v2\/comments?post=7580"}],"version-history":[{"count":4,"href":"https:\/\/smart-solutions.pl\/en\/wp-json\/wp\/v2\/pages\/7580\/revisions"}],"predecessor-version":[{"id":12573,"href":"https:\/\/smart-solutions.pl\/en\/wp-json\/wp\/v2\/pages\/7580\/revisions\/12573"}],"up":[{"embeddable":true,"href":"https:\/\/smart-solutions.pl\/en\/wp-json\/wp\/v2\/pages\/12553"}],"wp:attachment":[{"href":"https:\/\/smart-solutions.pl\/en\/wp-json\/wp\/v2\/media?parent=7580"}],"curies":[{"name":"wp","href":"https:\/\/api.w.org\/{rel}","templated":true}]}}