{"id":7578,"date":"2023-09-28T09:17:59","date_gmt":"2023-09-28T09:17:59","guid":{"rendered":"https:\/\/smart-solutions.pl\/geotek-scoutxcan\/"},"modified":"2024-10-23T15:42:35","modified_gmt":"2024-10-23T15:42:35","slug":"geotek-scoutxcan","status":"publish","type":"page","link":"https:\/\/smart-solutions.pl\/en\/geotek\/geotek-scoutxcan\/","title":{"rendered":"Geotek &#8211; ScoutXcan"},"content":{"rendered":"\t\t<div data-elementor-type=\"wp-page\" data-elementor-id=\"7578\" class=\"elementor elementor-7578 elementor-7226\" data-elementor-post-type=\"page\">\n\t\t\t\t\t\t<section class=\"elementor-section elementor-top-section elementor-element elementor-element-55d8569 elementor-section-height-min-height elementor-section-boxed elementor-section-height-default elementor-section-items-middle\" data-id=\"55d8569\" data-element_type=\"section\" data-e-type=\"section\" data-settings=\"{&quot;background_background&quot;:&quot;classic&quot;}\">\n\t\t\t\t\t\t\t<div class=\"elementor-background-overlay\"><\/div>\n\t\t\t\t\t\t\t<div class=\"elementor-container elementor-column-gap-default\">\n\t\t\t\t\t<div class=\"elementor-column elementor-col-100 elementor-top-column elementor-element elementor-element-1b576ae\" data-id=\"1b576ae\" data-element_type=\"column\" data-e-type=\"column\">\n\t\t\t<div class=\"elementor-widget-wrap elementor-element-populated\">\n\t\t\t\t\t\t<div class=\"elementor-element elementor-element-ae9ba7c elementor-widget elementor-widget-heading\" data-id=\"ae9ba7c\" data-element_type=\"widget\" data-e-type=\"widget\" data-widget_type=\"heading.default\">\n\t\t\t\t<div class=\"elementor-widget-container\">\n\t\t\t\t\t<h1 class=\"elementor-heading-title elementor-size-default\">Geotek ScoutXcan<\/h1>\t\t\t\t<\/div>\n\t\t\t\t<\/div>\n\t\t\t\t\t<\/div>\n\t\t<\/div>\n\t\t\t\t\t<\/div>\n\t\t<\/section>\n\t\t\t\t<section class=\"elementor-section elementor-top-section elementor-element elementor-element-eb44368 elementor-section-boxed elementor-section-height-default elementor-section-height-default\" data-id=\"eb44368\" data-element_type=\"section\" data-e-type=\"section\">\n\t\t\t\t\t\t<div class=\"elementor-container elementor-column-gap-default\">\n\t\t\t\t\t<div class=\"elementor-column elementor-col-50 elementor-top-column elementor-element elementor-element-218bf7d\" data-id=\"218bf7d\" data-element_type=\"column\" data-e-type=\"column\">\n\t\t\t<div class=\"elementor-widget-wrap elementor-element-populated\">\n\t\t\t\t\t\t<div class=\"elementor-element elementor-element-2a0895c elementor-widget elementor-widget-text-editor\" data-id=\"2a0895c\" data-element_type=\"widget\" data-e-type=\"widget\" data-widget_type=\"text-editor.default\">\n\t\t\t\t<div class=\"elementor-widget-container\">\n\t\t\t\t\t\t\t\t\t<p>The <strong>Geotek ScoutXcan<\/strong> cab X-ray machine is used for 2D X-raying of rock and sedimentary cores for studying their internal structure. The cores can be scanned by sliding or rotating, making it possible to use the laminographic method and obtain pseudo-3D data without typical tomographic scanning. Laminography is a quasi-3D imaging technique that allows the reconstruction of individual core sections.<\/p>\n<p>This makes the ScoutXcan system an ideal solution on a small budget and for applications that do not require full 3D CT scanning.<\/p>\n<p><strong>Dimensions of scanned cores:<\/strong><\/p>\n<p> <strong>diameter:<\/strong> 2.5 cm to 15 cm, <strong>length:<\/strong> up to 1.5 m<br \/><strong>Tube voltage range:<\/strong> 45 kV to 130 kV<br \/><strong>Pixel\/voxel resolution range:<\/strong> 30 \u00b5m to 350 \u00b5m<\/p>\n\t\t\t\t\t\t\t\t<\/div>\n\t\t\t\t<\/div>\n\t\t\t\t\t<\/div>\n\t\t<\/div>\n\t\t\t\t<div class=\"elementor-column elementor-col-50 elementor-top-column elementor-element elementor-element-6ce4acc\" data-id=\"6ce4acc\" data-element_type=\"column\" data-e-type=\"column\">\n\t\t\t<div class=\"elementor-widget-wrap elementor-element-populated\">\n\t\t\t\t\t\t<div class=\"elementor-element elementor-element-86dbad8 elementor-arrows-position-inside elementor-widget elementor-widget-image-carousel\" data-id=\"86dbad8\" data-element_type=\"widget\" data-e-type=\"widget\" data-settings=\"{&quot;slides_to_show&quot;:&quot;1&quot;,&quot;navigation&quot;:&quot;arrows&quot;,&quot;autoplay&quot;:&quot;yes&quot;,&quot;pause_on_hover&quot;:&quot;yes&quot;,&quot;pause_on_interaction&quot;:&quot;yes&quot;,&quot;autoplay_speed&quot;:5000,&quot;infinite&quot;:&quot;yes&quot;,&quot;effect&quot;:&quot;slide&quot;,&quot;speed&quot;:500}\" data-widget_type=\"image-carousel.default\">\n\t\t\t\t<div class=\"elementor-widget-container\">\n\t\t\t\t\t\t\t<div class=\"elementor-image-carousel-wrapper swiper\" role=\"region\" aria-roledescription=\"carousel\" aria-label=\"Image Carousel\" dir=\"ltr\">\n\t\t\t<div class=\"elementor-image-carousel swiper-wrapper\" aria-live=\"off\">\n\t\t\t\t\t\t\t\t<div class=\"swiper-slide\" role=\"group\" aria-roledescription=\"slide\" aria-label=\"1 of 1\"><figure class=\"swiper-slide-inner\"><img decoding=\"async\" class=\"swiper-slide-image\" src=\"https:\/\/smart-solutions.pl\/wp-content\/uploads\/2023\/08\/smart-solutions.pl-Geotek-SCOUT-XScan-1.png\" alt=\"smart-solutions.pl - Geotek SCOUT XScan (1)\" \/><\/figure><\/div>\t\t\t<\/div>\n\t\t\t\t\t<\/div>\n\t\t\t\t\t\t<\/div>\n\t\t\t\t<\/div>\n\t\t\t\t\t<\/div>\n\t\t<\/div>\n\t\t\t\t\t<\/div>\n\t\t<\/section>\n\t\t\t\t<\/div>\n\t\t","protected":false},"excerpt":{"rendered":"<p>Geotek ScoutXcan The Geotek ScoutXcan cab X-ray machine is used for 2D X-raying of rock and sedimentary cores for studying their internal structure. The cores can be scanned by sliding or rotating, making it possible to use the laminographic method and obtain pseudo-3D data without typical tomographic scanning. Laminography is a quasi-3D imaging technique that [&hellip;]<\/p>\n","protected":false},"author":1,"featured_media":0,"parent":12553,"menu_order":0,"comment_status":"closed","ping_status":"closed","template":"","meta":{"footnotes":""},"class_list":["post-7578","page","type-page","status-publish","hentry"],"yoast_head":"<!-- This site is optimized with the Yoast SEO plugin v27.2 - https:\/\/yoast.com\/product\/yoast-seo-wordpress\/ -->\n<title>Geotek - ScoutXcan - smart-solutions<\/title>\n<meta name=\"description\" content=\"We supply Geotek ScoutXcan cab X-ray machines for 2D screening of cores and boxed wells for geology, mining and mineralogy.\" \/>\n<meta name=\"robots\" content=\"index, follow, max-snippet:-1, max-image-preview:large, max-video-preview:-1\" \/>\n<link rel=\"canonical\" href=\"https:\/\/smart-solutions.pl\/en\/geotek\/geotek-scoutxcan\/\" \/>\n<meta property=\"og:locale\" content=\"en_US\" \/>\n<meta property=\"og:type\" content=\"article\" \/>\n<meta property=\"og:title\" content=\"Geotek - ScoutXcan - smart-solutions\" \/>\n<meta property=\"og:description\" content=\"We supply Geotek ScoutXcan cab X-ray machines for 2D screening of cores and boxed wells for geology, mining and mineralogy.\" \/>\n<meta property=\"og:url\" content=\"https:\/\/smart-solutions.pl\/en\/geotek\/geotek-scoutxcan\/\" \/>\n<meta property=\"og:site_name\" content=\"smart-solutions\" \/>\n<meta property=\"article:publisher\" content=\"https:\/\/www.facebook.com\/SmartSolutions3DMetrology\" \/>\n<meta property=\"article:modified_time\" content=\"2024-10-23T15:42:35+00:00\" \/>\n<meta property=\"og:image\" content=\"https:\/\/smart-solutions.pl\/wp-content\/uploads\/2023\/08\/smart-solutions.pl-Geotek-SCOUT-XScan-1.png\" \/>\n<meta name=\"twitter:card\" content=\"summary_large_image\" \/>\n<meta name=\"twitter:label1\" content=\"Est. reading time\" \/>\n\t<meta name=\"twitter:data1\" content=\"1 minute\" \/>\n<script type=\"application\/ld+json\" class=\"yoast-schema-graph\">{\"@context\":\"https:\/\/schema.org\",\"@graph\":[{\"@type\":\"WebPage\",\"@id\":\"https:\/\/smart-solutions.pl\/en\/geotek\/geotek-scoutxcan\/\",\"url\":\"https:\/\/smart-solutions.pl\/en\/geotek\/geotek-scoutxcan\/\",\"name\":\"Geotek - ScoutXcan - smart-solutions\",\"isPartOf\":{\"@id\":\"https:\/\/smart-solutions.pl\/en\/#website\"},\"primaryImageOfPage\":{\"@id\":\"https:\/\/smart-solutions.pl\/en\/geotek\/geotek-scoutxcan\/#primaryimage\"},\"image\":{\"@id\":\"https:\/\/smart-solutions.pl\/en\/geotek\/geotek-scoutxcan\/#primaryimage\"},\"thumbnailUrl\":\"https:\/\/smart-solutions.pl\/wp-content\/uploads\/2023\/08\/smart-solutions.pl-Geotek-SCOUT-XScan-1.png\",\"datePublished\":\"2023-09-28T09:17:59+00:00\",\"dateModified\":\"2024-10-23T15:42:35+00:00\",\"description\":\"We supply Geotek ScoutXcan cab X-ray machines for 2D screening of cores and boxed wells for geology, mining and mineralogy.\",\"breadcrumb\":{\"@id\":\"https:\/\/smart-solutions.pl\/en\/geotek\/geotek-scoutxcan\/#breadcrumb\"},\"inLanguage\":\"en-US\",\"potentialAction\":[{\"@type\":\"ReadAction\",\"target\":[\"https:\/\/smart-solutions.pl\/en\/geotek\/geotek-scoutxcan\/\"]}]},{\"@type\":\"ImageObject\",\"inLanguage\":\"en-US\",\"@id\":\"https:\/\/smart-solutions.pl\/en\/geotek\/geotek-scoutxcan\/#primaryimage\",\"url\":\"https:\/\/smart-solutions.pl\/wp-content\/uploads\/2023\/08\/smart-solutions.pl-Geotek-SCOUT-XScan-1.png\",\"contentUrl\":\"https:\/\/smart-solutions.pl\/wp-content\/uploads\/2023\/08\/smart-solutions.pl-Geotek-SCOUT-XScan-1.png\"},{\"@type\":\"BreadcrumbList\",\"@id\":\"https:\/\/smart-solutions.pl\/en\/geotek\/geotek-scoutxcan\/#breadcrumb\",\"itemListElement\":[{\"@type\":\"ListItem\",\"position\":1,\"name\":\"Strona g\u0142\u00f3wna\",\"item\":\"https:\/\/smart-solutions.pl\/en\/\"},{\"@type\":\"ListItem\",\"position\":2,\"name\":\"Geotek\",\"item\":\"https:\/\/smart-solutions.pl\/en\/geotek\/\"},{\"@type\":\"ListItem\",\"position\":3,\"name\":\"Geotek &#8211; ScoutXcan\"}]},{\"@type\":\"WebSite\",\"@id\":\"https:\/\/smart-solutions.pl\/en\/#website\",\"url\":\"https:\/\/smart-solutions.pl\/en\/\",\"name\":\"smart-solutions\",\"description\":\"Sprzeda\u017c system\u00f3w i realizacja us\u0142ug, doradztwo w zakresie precyzyjnych pomiar\u00f3w metrologicznych i bada\u0144 nieniszcz\u0105cych CT\",\"publisher\":{\"@id\":\"https:\/\/smart-solutions.pl\/en\/#organization\"},\"potentialAction\":[{\"@type\":\"SearchAction\",\"target\":{\"@type\":\"EntryPoint\",\"urlTemplate\":\"https:\/\/smart-solutions.pl\/en\/?s={search_term_string}\"},\"query-input\":{\"@type\":\"PropertyValueSpecification\",\"valueRequired\":true,\"valueName\":\"search_term_string\"}}],\"inLanguage\":\"en-US\"},{\"@type\":\"Organization\",\"@id\":\"https:\/\/smart-solutions.pl\/en\/#organization\",\"name\":\"Smart Solutions sp. z o.o.\",\"url\":\"https:\/\/smart-solutions.pl\/en\/\",\"logo\":{\"@type\":\"ImageObject\",\"inLanguage\":\"en-US\",\"@id\":\"https:\/\/smart-solutions.pl\/en\/#\/schema\/logo\/image\/\",\"url\":\"https:\/\/smart-solutions.pl\/wp-content\/uploads\/2021\/10\/smart_solutions_logo.png\",\"contentUrl\":\"https:\/\/smart-solutions.pl\/wp-content\/uploads\/2021\/10\/smart_solutions_logo.png\",\"width\":500,\"height\":200,\"caption\":\"Smart Solutions sp. z o.o.\"},\"image\":{\"@id\":\"https:\/\/smart-solutions.pl\/en\/#\/schema\/logo\/image\/\"},\"sameAs\":[\"https:\/\/www.facebook.com\/SmartSolutions3DMetrology\",\"https:\/\/www.linkedin.com\/company\/smart-metrology\/\",\"https:\/\/www.instagram.com\/smart_metrology_\/\",\"https:\/\/www.youtube.com\/channel\/UCuvAShwl3fMnucOW1hcGi4g\/featured\"]}]}<\/script>\n<!-- \/ Yoast SEO plugin. -->","yoast_head_json":{"title":"Geotek - ScoutXcan - smart-solutions","description":"We supply Geotek ScoutXcan cab X-ray machines for 2D screening of cores and boxed wells for geology, mining and mineralogy.","robots":{"index":"index","follow":"follow","max-snippet":"max-snippet:-1","max-image-preview":"max-image-preview:large","max-video-preview":"max-video-preview:-1"},"canonical":"https:\/\/smart-solutions.pl\/en\/geotek\/geotek-scoutxcan\/","og_locale":"en_US","og_type":"article","og_title":"Geotek - ScoutXcan - smart-solutions","og_description":"We supply Geotek ScoutXcan cab X-ray machines for 2D screening of cores and boxed wells for geology, mining and mineralogy.","og_url":"https:\/\/smart-solutions.pl\/en\/geotek\/geotek-scoutxcan\/","og_site_name":"smart-solutions","article_publisher":"https:\/\/www.facebook.com\/SmartSolutions3DMetrology","article_modified_time":"2024-10-23T15:42:35+00:00","og_image":[{"url":"https:\/\/smart-solutions.pl\/wp-content\/uploads\/2023\/08\/smart-solutions.pl-Geotek-SCOUT-XScan-1.png","type":"","width":"","height":""}],"twitter_card":"summary_large_image","twitter_misc":{"Est. reading time":"1 minute"},"schema":{"@context":"https:\/\/schema.org","@graph":[{"@type":"WebPage","@id":"https:\/\/smart-solutions.pl\/en\/geotek\/geotek-scoutxcan\/","url":"https:\/\/smart-solutions.pl\/en\/geotek\/geotek-scoutxcan\/","name":"Geotek - ScoutXcan - smart-solutions","isPartOf":{"@id":"https:\/\/smart-solutions.pl\/en\/#website"},"primaryImageOfPage":{"@id":"https:\/\/smart-solutions.pl\/en\/geotek\/geotek-scoutxcan\/#primaryimage"},"image":{"@id":"https:\/\/smart-solutions.pl\/en\/geotek\/geotek-scoutxcan\/#primaryimage"},"thumbnailUrl":"https:\/\/smart-solutions.pl\/wp-content\/uploads\/2023\/08\/smart-solutions.pl-Geotek-SCOUT-XScan-1.png","datePublished":"2023-09-28T09:17:59+00:00","dateModified":"2024-10-23T15:42:35+00:00","description":"We supply Geotek ScoutXcan cab X-ray machines for 2D screening of cores and boxed wells for geology, mining and mineralogy.","breadcrumb":{"@id":"https:\/\/smart-solutions.pl\/en\/geotek\/geotek-scoutxcan\/#breadcrumb"},"inLanguage":"en-US","potentialAction":[{"@type":"ReadAction","target":["https:\/\/smart-solutions.pl\/en\/geotek\/geotek-scoutxcan\/"]}]},{"@type":"ImageObject","inLanguage":"en-US","@id":"https:\/\/smart-solutions.pl\/en\/geotek\/geotek-scoutxcan\/#primaryimage","url":"https:\/\/smart-solutions.pl\/wp-content\/uploads\/2023\/08\/smart-solutions.pl-Geotek-SCOUT-XScan-1.png","contentUrl":"https:\/\/smart-solutions.pl\/wp-content\/uploads\/2023\/08\/smart-solutions.pl-Geotek-SCOUT-XScan-1.png"},{"@type":"BreadcrumbList","@id":"https:\/\/smart-solutions.pl\/en\/geotek\/geotek-scoutxcan\/#breadcrumb","itemListElement":[{"@type":"ListItem","position":1,"name":"Strona g\u0142\u00f3wna","item":"https:\/\/smart-solutions.pl\/en\/"},{"@type":"ListItem","position":2,"name":"Geotek","item":"https:\/\/smart-solutions.pl\/en\/geotek\/"},{"@type":"ListItem","position":3,"name":"Geotek &#8211; ScoutXcan"}]},{"@type":"WebSite","@id":"https:\/\/smart-solutions.pl\/en\/#website","url":"https:\/\/smart-solutions.pl\/en\/","name":"smart-solutions","description":"Sprzeda\u017c system\u00f3w i realizacja us\u0142ug, doradztwo w zakresie precyzyjnych pomiar\u00f3w metrologicznych i bada\u0144 nieniszcz\u0105cych CT","publisher":{"@id":"https:\/\/smart-solutions.pl\/en\/#organization"},"potentialAction":[{"@type":"SearchAction","target":{"@type":"EntryPoint","urlTemplate":"https:\/\/smart-solutions.pl\/en\/?s={search_term_string}"},"query-input":{"@type":"PropertyValueSpecification","valueRequired":true,"valueName":"search_term_string"}}],"inLanguage":"en-US"},{"@type":"Organization","@id":"https:\/\/smart-solutions.pl\/en\/#organization","name":"Smart Solutions sp. z o.o.","url":"https:\/\/smart-solutions.pl\/en\/","logo":{"@type":"ImageObject","inLanguage":"en-US","@id":"https:\/\/smart-solutions.pl\/en\/#\/schema\/logo\/image\/","url":"https:\/\/smart-solutions.pl\/wp-content\/uploads\/2021\/10\/smart_solutions_logo.png","contentUrl":"https:\/\/smart-solutions.pl\/wp-content\/uploads\/2021\/10\/smart_solutions_logo.png","width":500,"height":200,"caption":"Smart Solutions sp. z o.o."},"image":{"@id":"https:\/\/smart-solutions.pl\/en\/#\/schema\/logo\/image\/"},"sameAs":["https:\/\/www.facebook.com\/SmartSolutions3DMetrology","https:\/\/www.linkedin.com\/company\/smart-metrology\/","https:\/\/www.instagram.com\/smart_metrology_\/","https:\/\/www.youtube.com\/channel\/UCuvAShwl3fMnucOW1hcGi4g\/featured"]}]}},"_links":{"self":[{"href":"https:\/\/smart-solutions.pl\/en\/wp-json\/wp\/v2\/pages\/7578","targetHints":{"allow":["GET"]}}],"collection":[{"href":"https:\/\/smart-solutions.pl\/en\/wp-json\/wp\/v2\/pages"}],"about":[{"href":"https:\/\/smart-solutions.pl\/en\/wp-json\/wp\/v2\/types\/page"}],"author":[{"embeddable":true,"href":"https:\/\/smart-solutions.pl\/en\/wp-json\/wp\/v2\/users\/1"}],"replies":[{"embeddable":true,"href":"https:\/\/smart-solutions.pl\/en\/wp-json\/wp\/v2\/comments?post=7578"}],"version-history":[{"count":2,"href":"https:\/\/smart-solutions.pl\/en\/wp-json\/wp\/v2\/pages\/7578\/revisions"}],"predecessor-version":[{"id":12570,"href":"https:\/\/smart-solutions.pl\/en\/wp-json\/wp\/v2\/pages\/7578\/revisions\/12570"}],"up":[{"embeddable":true,"href":"https:\/\/smart-solutions.pl\/en\/wp-json\/wp\/v2\/pages\/12553"}],"wp:attachment":[{"href":"https:\/\/smart-solutions.pl\/en\/wp-json\/wp\/v2\/media?parent=7578"}],"curies":[{"name":"wp","href":"https:\/\/api.w.org\/{rel}","templated":true}]}}