{"id":7574,"date":"2023-09-28T09:13:58","date_gmt":"2023-09-28T09:13:58","guid":{"rendered":"https:\/\/smart-solutions.pl\/geotek-boxscan\/"},"modified":"2024-10-23T15:41:25","modified_gmt":"2024-10-23T15:41:25","slug":"geotek-boxscan","status":"publish","type":"page","link":"https:\/\/smart-solutions.pl\/en\/geotek\/geotek-boxscan\/","title":{"rendered":"Geotek &#8211; BoxScan"},"content":{"rendered":"\t\t<div data-elementor-type=\"wp-page\" data-elementor-id=\"7574\" class=\"elementor elementor-7574 elementor-7208\" data-elementor-post-type=\"page\">\n\t\t\t\t\t\t<section class=\"elementor-section elementor-top-section elementor-element elementor-element-cd4ecd2 elementor-section-height-min-height elementor-section-boxed elementor-section-height-default elementor-section-items-middle\" data-id=\"cd4ecd2\" data-element_type=\"section\" data-e-type=\"section\" data-settings=\"{&quot;background_background&quot;:&quot;classic&quot;}\">\n\t\t\t\t\t\t\t<div class=\"elementor-background-overlay\"><\/div>\n\t\t\t\t\t\t\t<div class=\"elementor-container elementor-column-gap-default\">\n\t\t\t\t\t<div class=\"elementor-column elementor-col-100 elementor-top-column elementor-element elementor-element-6cfdb4a\" data-id=\"6cfdb4a\" data-element_type=\"column\" data-e-type=\"column\">\n\t\t\t<div class=\"elementor-widget-wrap elementor-element-populated\">\n\t\t\t\t\t\t<div class=\"elementor-element elementor-element-d63bf4e elementor-widget elementor-widget-heading\" data-id=\"d63bf4e\" data-element_type=\"widget\" data-e-type=\"widget\" data-widget_type=\"heading.default\">\n\t\t\t\t<div class=\"elementor-widget-container\">\n\t\t\t\t\t<h1 class=\"elementor-heading-title elementor-size-default\">Geotek BOXScan<\/h1>\t\t\t\t<\/div>\n\t\t\t\t<\/div>\n\t\t\t\t\t<\/div>\n\t\t<\/div>\n\t\t\t\t\t<\/div>\n\t\t<\/section>\n\t\t\t\t<section class=\"elementor-section elementor-top-section elementor-element elementor-element-46e9cf8 elementor-section-boxed elementor-section-height-default elementor-section-height-default\" data-id=\"46e9cf8\" data-element_type=\"section\" data-e-type=\"section\">\n\t\t\t\t\t\t<div class=\"elementor-container elementor-column-gap-default\">\n\t\t\t\t\t<div class=\"elementor-column elementor-col-50 elementor-top-column elementor-element elementor-element-08294c0\" data-id=\"08294c0\" data-element_type=\"column\" data-e-type=\"column\">\n\t\t\t<div class=\"elementor-widget-wrap elementor-element-populated\">\n\t\t\t\t\t\t<div class=\"elementor-element elementor-element-7d821c6 elementor-widget elementor-widget-text-editor\" data-id=\"7d821c6\" data-element_type=\"widget\" data-e-type=\"widget\" data-widget_type=\"text-editor.default\">\n\t\t\t\t<div class=\"elementor-widget-container\">\n\t\t\t\t\t\t\t\t\t<p><strong>Geotec BoxScan<\/strong> is a modular, multi-sensor platform for efficient scanning of cores stacked in boxes. Scanning parameters for each box, and even each meter of cores, can be optimized in terms of frequency, type of measurement and integration time. This provides significant time savings in jobs that require quick results. A single technician is sufficient to scan 6 physical parameters in BoxScan, and measurements are automated and non-invasive, reducing the risk of human error and violation of core material.<\/p>\n<p>Sensors available from BoxScan:<\/p>\n<ul>\n<li>Ultra-high-resolution RGB linear color camera with automatic focus and exposure, dedicated white light and UV light illumination;<\/li>\n<li>Near-infrared spectrometer for mineral identification in the VIS, VNIR and SWIR spectral range;<\/li>\n<li>Olympus Vanta XRF X-ray fluorescence analyzer for chemical analysis;<\/li>\n<li>Spot magnetic susceptibility sensor;<\/li>\n<li>Linear laser scanner for detailed registration of core topography (e.g., fracture angles) and acquisition of information on geotechnical parameters.<\/li>\n<\/ul>\n\t\t\t\t\t\t\t\t<\/div>\n\t\t\t\t<\/div>\n\t\t\t\t\t<\/div>\n\t\t<\/div>\n\t\t\t\t<div class=\"elementor-column elementor-col-50 elementor-top-column elementor-element elementor-element-4931e47\" data-id=\"4931e47\" data-element_type=\"column\" data-e-type=\"column\">\n\t\t\t<div class=\"elementor-widget-wrap elementor-element-populated\">\n\t\t\t\t\t\t<div class=\"elementor-element elementor-element-f68ffd8 elementor-arrows-position-inside elementor-widget elementor-widget-image-carousel\" data-id=\"f68ffd8\" data-element_type=\"widget\" data-e-type=\"widget\" data-settings=\"{&quot;slides_to_show&quot;:&quot;1&quot;,&quot;navigation&quot;:&quot;arrows&quot;,&quot;autoplay&quot;:&quot;yes&quot;,&quot;pause_on_hover&quot;:&quot;yes&quot;,&quot;pause_on_interaction&quot;:&quot;yes&quot;,&quot;autoplay_speed&quot;:5000,&quot;infinite&quot;:&quot;yes&quot;,&quot;effect&quot;:&quot;slide&quot;,&quot;speed&quot;:500}\" data-widget_type=\"image-carousel.default\">\n\t\t\t\t<div class=\"elementor-widget-container\">\n\t\t\t\t\t\t\t<div class=\"elementor-image-carousel-wrapper swiper\" role=\"region\" aria-roledescription=\"carousel\" aria-label=\"Image Carousel\" dir=\"ltr\">\n\t\t\t<div class=\"elementor-image-carousel swiper-wrapper\" aria-live=\"off\">\n\t\t\t\t\t\t\t\t<div class=\"swiper-slide\" role=\"group\" aria-roledescription=\"slide\" aria-label=\"1 of 1\"><figure class=\"swiper-slide-inner\"><img decoding=\"async\" class=\"swiper-slide-image\" src=\"https:\/\/smart-solutions.pl\/wp-content\/uploads\/2023\/08\/smart-solutions.pl-Geotek-BoxSCAN-1.png\" alt=\"Tomografia przemys\u0142owa CT w geologii badania minera\u0142\u00f3w, systemy do badania rdzeni i odwiert\u00f3w, geologia, odwierty\" \/><\/figure><\/div>\t\t\t<\/div>\n\t\t\t\t\t<\/div>\n\t\t\t\t\t\t<\/div>\n\t\t\t\t<\/div>\n\t\t\t\t\t<\/div>\n\t\t<\/div>\n\t\t\t\t\t<\/div>\n\t\t<\/section>\n\t\t\t\t<\/div>\n\t\t","protected":false},"excerpt":{"rendered":"<p>Geotek BOXScan Geotec BoxScan is a modular, multi-sensor platform for efficient scanning of cores stacked in boxes. Scanning parameters for each box, and even each meter of cores, can be optimized in terms of frequency, type of measurement and integration time. This provides significant time savings in jobs that require quick results. A single technician [&hellip;]<\/p>\n","protected":false},"author":1,"featured_media":0,"parent":12553,"menu_order":0,"comment_status":"closed","ping_status":"closed","template":"","meta":{"footnotes":""},"class_list":["post-7574","page","type-page","status-publish","hentry"],"yoast_head":"<!-- This site is optimized with the Yoast SEO plugin v27.4 - https:\/\/yoast.com\/product\/yoast-seo-wordpress\/ -->\n<title>Geotek - BoxScan - smart-solutions<\/title>\n<meta name=\"description\" content=\"We supply customizable modular multi-sensor Geotek BoxScan systems for core and well testing for geology and mining.\" \/>\n<meta name=\"robots\" content=\"index, follow, max-snippet:-1, max-image-preview:large, max-video-preview:-1\" \/>\n<link rel=\"canonical\" href=\"https:\/\/smart-solutions.pl\/en\/geotek\/geotek-boxscan\/\" \/>\n<meta property=\"og:locale\" content=\"en_US\" \/>\n<meta property=\"og:type\" content=\"article\" \/>\n<meta property=\"og:title\" content=\"Geotek - BoxScan - smart-solutions\" \/>\n<meta property=\"og:description\" content=\"We supply customizable modular multi-sensor Geotek BoxScan systems for core and well testing for geology and mining.\" \/>\n<meta property=\"og:url\" content=\"https:\/\/smart-solutions.pl\/en\/geotek\/geotek-boxscan\/\" \/>\n<meta property=\"og:site_name\" content=\"smart-solutions\" \/>\n<meta property=\"article:publisher\" content=\"https:\/\/www.facebook.com\/SmartSolutions3DMetrology\" \/>\n<meta property=\"article:modified_time\" content=\"2024-10-23T15:41:25+00:00\" \/>\n<meta property=\"og:image\" content=\"https:\/\/smart-solutions.pl\/wp-content\/uploads\/2023\/08\/smart-solutions.pl-Geotek-BoxSCAN-1.png\" \/>\n<meta name=\"twitter:card\" content=\"summary_large_image\" \/>\n<meta name=\"twitter:label1\" content=\"Est. reading time\" \/>\n\t<meta name=\"twitter:data1\" content=\"1 minute\" \/>\n<script type=\"application\/ld+json\" class=\"yoast-schema-graph\">{\"@context\":\"https:\\\/\\\/schema.org\",\"@graph\":[{\"@type\":\"WebPage\",\"@id\":\"https:\\\/\\\/smart-solutions.pl\\\/en\\\/geotek\\\/geotek-boxscan\\\/\",\"url\":\"https:\\\/\\\/smart-solutions.pl\\\/en\\\/geotek\\\/geotek-boxscan\\\/\",\"name\":\"Geotek - BoxScan - smart-solutions\",\"isPartOf\":{\"@id\":\"https:\\\/\\\/smart-solutions.pl\\\/en\\\/#website\"},\"primaryImageOfPage\":{\"@id\":\"https:\\\/\\\/smart-solutions.pl\\\/en\\\/geotek\\\/geotek-boxscan\\\/#primaryimage\"},\"image\":{\"@id\":\"https:\\\/\\\/smart-solutions.pl\\\/en\\\/geotek\\\/geotek-boxscan\\\/#primaryimage\"},\"thumbnailUrl\":\"https:\\\/\\\/smart-solutions.pl\\\/wp-content\\\/uploads\\\/2023\\\/08\\\/smart-solutions.pl-Geotek-BoxSCAN-1.png\",\"datePublished\":\"2023-09-28T09:13:58+00:00\",\"dateModified\":\"2024-10-23T15:41:25+00:00\",\"description\":\"We supply customizable modular multi-sensor Geotek BoxScan systems for core and well testing for geology and mining.\",\"breadcrumb\":{\"@id\":\"https:\\\/\\\/smart-solutions.pl\\\/en\\\/geotek\\\/geotek-boxscan\\\/#breadcrumb\"},\"inLanguage\":\"en-US\",\"potentialAction\":[{\"@type\":\"ReadAction\",\"target\":[\"https:\\\/\\\/smart-solutions.pl\\\/en\\\/geotek\\\/geotek-boxscan\\\/\"]}]},{\"@type\":\"ImageObject\",\"inLanguage\":\"en-US\",\"@id\":\"https:\\\/\\\/smart-solutions.pl\\\/en\\\/geotek\\\/geotek-boxscan\\\/#primaryimage\",\"url\":\"https:\\\/\\\/smart-solutions.pl\\\/wp-content\\\/uploads\\\/2023\\\/08\\\/smart-solutions.pl-Geotek-BoxSCAN-1.png\",\"contentUrl\":\"https:\\\/\\\/smart-solutions.pl\\\/wp-content\\\/uploads\\\/2023\\\/08\\\/smart-solutions.pl-Geotek-BoxSCAN-1.png\"},{\"@type\":\"BreadcrumbList\",\"@id\":\"https:\\\/\\\/smart-solutions.pl\\\/en\\\/geotek\\\/geotek-boxscan\\\/#breadcrumb\",\"itemListElement\":[{\"@type\":\"ListItem\",\"position\":1,\"name\":\"Strona g\u0142\u00f3wna\",\"item\":\"https:\\\/\\\/smart-solutions.pl\\\/en\\\/\"},{\"@type\":\"ListItem\",\"position\":2,\"name\":\"Geotek\",\"item\":\"https:\\\/\\\/smart-solutions.pl\\\/en\\\/geotek\\\/\"},{\"@type\":\"ListItem\",\"position\":3,\"name\":\"Geotek &#8211; BoxScan\"}]},{\"@type\":\"WebSite\",\"@id\":\"https:\\\/\\\/smart-solutions.pl\\\/en\\\/#website\",\"url\":\"https:\\\/\\\/smart-solutions.pl\\\/en\\\/\",\"name\":\"smart-solutions\",\"description\":\"Sprzeda\u017c system\u00f3w i realizacja us\u0142ug, doradztwo w zakresie precyzyjnych pomiar\u00f3w metrologicznych i bada\u0144 nieniszcz\u0105cych CT\",\"publisher\":{\"@id\":\"https:\\\/\\\/smart-solutions.pl\\\/en\\\/#organization\"},\"potentialAction\":[{\"@type\":\"SearchAction\",\"target\":{\"@type\":\"EntryPoint\",\"urlTemplate\":\"https:\\\/\\\/smart-solutions.pl\\\/en\\\/?s={search_term_string}\"},\"query-input\":{\"@type\":\"PropertyValueSpecification\",\"valueRequired\":true,\"valueName\":\"search_term_string\"}}],\"inLanguage\":\"en-US\"},{\"@type\":\"Organization\",\"@id\":\"https:\\\/\\\/smart-solutions.pl\\\/en\\\/#organization\",\"name\":\"Smart Solutions sp. z o.o.\",\"url\":\"https:\\\/\\\/smart-solutions.pl\\\/en\\\/\",\"logo\":{\"@type\":\"ImageObject\",\"inLanguage\":\"en-US\",\"@id\":\"https:\\\/\\\/smart-solutions.pl\\\/en\\\/#\\\/schema\\\/logo\\\/image\\\/\",\"url\":\"https:\\\/\\\/smart-solutions.pl\\\/wp-content\\\/uploads\\\/2021\\\/10\\\/smart_solutions_logo.png\",\"contentUrl\":\"https:\\\/\\\/smart-solutions.pl\\\/wp-content\\\/uploads\\\/2021\\\/10\\\/smart_solutions_logo.png\",\"width\":500,\"height\":200,\"caption\":\"Smart Solutions sp. z o.o.\"},\"image\":{\"@id\":\"https:\\\/\\\/smart-solutions.pl\\\/en\\\/#\\\/schema\\\/logo\\\/image\\\/\"},\"sameAs\":[\"https:\\\/\\\/www.facebook.com\\\/SmartSolutions3DMetrology\",\"https:\\\/\\\/www.linkedin.com\\\/company\\\/smart-metrology\\\/\",\"https:\\\/\\\/www.instagram.com\\\/smart_metrology_\\\/\",\"https:\\\/\\\/www.youtube.com\\\/channel\\\/UCuvAShwl3fMnucOW1hcGi4g\\\/featured\"]}]}<\/script>\n<!-- \/ Yoast SEO plugin. -->","yoast_head_json":{"title":"Geotek - BoxScan - smart-solutions","description":"We supply customizable modular multi-sensor Geotek BoxScan systems for core and well testing for geology and mining.","robots":{"index":"index","follow":"follow","max-snippet":"max-snippet:-1","max-image-preview":"max-image-preview:large","max-video-preview":"max-video-preview:-1"},"canonical":"https:\/\/smart-solutions.pl\/en\/geotek\/geotek-boxscan\/","og_locale":"en_US","og_type":"article","og_title":"Geotek - BoxScan - smart-solutions","og_description":"We supply customizable modular multi-sensor Geotek BoxScan systems for core and well testing for geology and mining.","og_url":"https:\/\/smart-solutions.pl\/en\/geotek\/geotek-boxscan\/","og_site_name":"smart-solutions","article_publisher":"https:\/\/www.facebook.com\/SmartSolutions3DMetrology","article_modified_time":"2024-10-23T15:41:25+00:00","og_image":[{"url":"https:\/\/smart-solutions.pl\/wp-content\/uploads\/2023\/08\/smart-solutions.pl-Geotek-BoxSCAN-1.png","type":"","width":"","height":""}],"twitter_card":"summary_large_image","twitter_misc":{"Est. reading time":"1 minute"},"schema":{"@context":"https:\/\/schema.org","@graph":[{"@type":"WebPage","@id":"https:\/\/smart-solutions.pl\/en\/geotek\/geotek-boxscan\/","url":"https:\/\/smart-solutions.pl\/en\/geotek\/geotek-boxscan\/","name":"Geotek - BoxScan - smart-solutions","isPartOf":{"@id":"https:\/\/smart-solutions.pl\/en\/#website"},"primaryImageOfPage":{"@id":"https:\/\/smart-solutions.pl\/en\/geotek\/geotek-boxscan\/#primaryimage"},"image":{"@id":"https:\/\/smart-solutions.pl\/en\/geotek\/geotek-boxscan\/#primaryimage"},"thumbnailUrl":"https:\/\/smart-solutions.pl\/wp-content\/uploads\/2023\/08\/smart-solutions.pl-Geotek-BoxSCAN-1.png","datePublished":"2023-09-28T09:13:58+00:00","dateModified":"2024-10-23T15:41:25+00:00","description":"We supply customizable modular multi-sensor Geotek BoxScan systems for core and well testing for geology and mining.","breadcrumb":{"@id":"https:\/\/smart-solutions.pl\/en\/geotek\/geotek-boxscan\/#breadcrumb"},"inLanguage":"en-US","potentialAction":[{"@type":"ReadAction","target":["https:\/\/smart-solutions.pl\/en\/geotek\/geotek-boxscan\/"]}]},{"@type":"ImageObject","inLanguage":"en-US","@id":"https:\/\/smart-solutions.pl\/en\/geotek\/geotek-boxscan\/#primaryimage","url":"https:\/\/smart-solutions.pl\/wp-content\/uploads\/2023\/08\/smart-solutions.pl-Geotek-BoxSCAN-1.png","contentUrl":"https:\/\/smart-solutions.pl\/wp-content\/uploads\/2023\/08\/smart-solutions.pl-Geotek-BoxSCAN-1.png"},{"@type":"BreadcrumbList","@id":"https:\/\/smart-solutions.pl\/en\/geotek\/geotek-boxscan\/#breadcrumb","itemListElement":[{"@type":"ListItem","position":1,"name":"Strona g\u0142\u00f3wna","item":"https:\/\/smart-solutions.pl\/en\/"},{"@type":"ListItem","position":2,"name":"Geotek","item":"https:\/\/smart-solutions.pl\/en\/geotek\/"},{"@type":"ListItem","position":3,"name":"Geotek &#8211; BoxScan"}]},{"@type":"WebSite","@id":"https:\/\/smart-solutions.pl\/en\/#website","url":"https:\/\/smart-solutions.pl\/en\/","name":"smart-solutions","description":"Sprzeda\u017c system\u00f3w i realizacja us\u0142ug, doradztwo w zakresie precyzyjnych pomiar\u00f3w metrologicznych i bada\u0144 nieniszcz\u0105cych CT","publisher":{"@id":"https:\/\/smart-solutions.pl\/en\/#organization"},"potentialAction":[{"@type":"SearchAction","target":{"@type":"EntryPoint","urlTemplate":"https:\/\/smart-solutions.pl\/en\/?s={search_term_string}"},"query-input":{"@type":"PropertyValueSpecification","valueRequired":true,"valueName":"search_term_string"}}],"inLanguage":"en-US"},{"@type":"Organization","@id":"https:\/\/smart-solutions.pl\/en\/#organization","name":"Smart Solutions sp. z o.o.","url":"https:\/\/smart-solutions.pl\/en\/","logo":{"@type":"ImageObject","inLanguage":"en-US","@id":"https:\/\/smart-solutions.pl\/en\/#\/schema\/logo\/image\/","url":"https:\/\/smart-solutions.pl\/wp-content\/uploads\/2021\/10\/smart_solutions_logo.png","contentUrl":"https:\/\/smart-solutions.pl\/wp-content\/uploads\/2021\/10\/smart_solutions_logo.png","width":500,"height":200,"caption":"Smart Solutions sp. z o.o."},"image":{"@id":"https:\/\/smart-solutions.pl\/en\/#\/schema\/logo\/image\/"},"sameAs":["https:\/\/www.facebook.com\/SmartSolutions3DMetrology","https:\/\/www.linkedin.com\/company\/smart-metrology\/","https:\/\/www.instagram.com\/smart_metrology_\/","https:\/\/www.youtube.com\/channel\/UCuvAShwl3fMnucOW1hcGi4g\/featured"]}]}},"_links":{"self":[{"href":"https:\/\/smart-solutions.pl\/en\/wp-json\/wp\/v2\/pages\/7574","targetHints":{"allow":["GET"]}}],"collection":[{"href":"https:\/\/smart-solutions.pl\/en\/wp-json\/wp\/v2\/pages"}],"about":[{"href":"https:\/\/smart-solutions.pl\/en\/wp-json\/wp\/v2\/types\/page"}],"author":[{"embeddable":true,"href":"https:\/\/smart-solutions.pl\/en\/wp-json\/wp\/v2\/users\/1"}],"replies":[{"embeddable":true,"href":"https:\/\/smart-solutions.pl\/en\/wp-json\/wp\/v2\/comments?post=7574"}],"version-history":[{"count":3,"href":"https:\/\/smart-solutions.pl\/en\/wp-json\/wp\/v2\/pages\/7574\/revisions"}],"predecessor-version":[{"id":7577,"href":"https:\/\/smart-solutions.pl\/en\/wp-json\/wp\/v2\/pages\/7574\/revisions\/7577"}],"up":[{"embeddable":true,"href":"https:\/\/smart-solutions.pl\/en\/wp-json\/wp\/v2\/pages\/12553"}],"wp:attachment":[{"href":"https:\/\/smart-solutions.pl\/en\/wp-json\/wp\/v2\/media?parent=7574"}],"curies":[{"name":"wp","href":"https:\/\/api.w.org\/{rel}","templated":true}]}}