{"id":4016,"date":"2022-08-07T12:41:19","date_gmt":"2022-08-07T12:41:19","guid":{"rendered":"https:\/\/smart-solutions.pl\/measuring-arms\/"},"modified":"2025-07-28T14:44:57","modified_gmt":"2025-07-28T12:44:57","slug":"measuring-arms","status":"publish","type":"page","link":"https:\/\/smart-solutions.pl\/en\/measuring-arms\/","title":{"rendered":"Measuring arms"},"content":{"rendered":"\t\t<div data-elementor-type=\"wp-page\" data-elementor-id=\"4016\" class=\"elementor elementor-4016 elementor-2061\" data-elementor-post-type=\"page\">\n\t\t\t\t\t\t<section class=\"elementor-section elementor-top-section elementor-element elementor-element-a457e7d elementor-section-height-min-height elementor-section-boxed elementor-section-height-default elementor-section-items-middle\" data-id=\"a457e7d\" data-element_type=\"section\" data-e-type=\"section\" data-settings=\"{&quot;background_background&quot;:&quot;classic&quot;}\">\n\t\t\t\t\t\t\t<div class=\"elementor-background-overlay\"><\/div>\n\t\t\t\t\t\t\t<div class=\"elementor-container elementor-column-gap-default\">\n\t\t\t\t\t<div class=\"elementor-column elementor-col-100 elementor-top-column elementor-element elementor-element-ab8355a\" data-id=\"ab8355a\" data-element_type=\"column\" data-e-type=\"column\">\n\t\t\t<div class=\"elementor-widget-wrap elementor-element-populated\">\n\t\t\t\t\t\t<div class=\"elementor-element elementor-element-2888a23 elementor-widget elementor-widget-heading\" data-id=\"2888a23\" data-element_type=\"widget\" data-e-type=\"widget\" data-widget_type=\"heading.default\">\n\t\t\t\t<div class=\"elementor-widget-container\">\n\t\t\t\t\t<h1 class=\"elementor-heading-title elementor-size-default\">Measuring arms<\/h1>\t\t\t\t<\/div>\n\t\t\t\t<\/div>\n\t\t\t\t\t<\/div>\n\t\t<\/div>\n\t\t\t\t\t<\/div>\n\t\t<\/section>\n\t\t\t\t<section class=\"elementor-section elementor-top-section elementor-element elementor-element-8372b71 animated-slow elementor-section-boxed elementor-section-height-default elementor-section-height-default elementor-invisible\" data-id=\"8372b71\" data-element_type=\"section\" data-e-type=\"section\" data-settings=\"{&quot;animation&quot;:&quot;fadeIn&quot;}\">\n\t\t\t\t\t\t<div class=\"elementor-container elementor-column-gap-default\">\n\t\t\t\t\t<div class=\"elementor-column elementor-col-100 elementor-top-column elementor-element elementor-element-c1f6981\" data-id=\"c1f6981\" data-element_type=\"column\" data-e-type=\"column\">\n\t\t\t<div class=\"elementor-widget-wrap elementor-element-populated\">\n\t\t\t\t\t\t<div class=\"elementor-element elementor-element-73f6b8a elementor-widget elementor-widget-text-editor\" data-id=\"73f6b8a\" data-element_type=\"widget\" data-e-type=\"widget\" data-widget_type=\"text-editor.default\">\n\t\t\t\t<div class=\"elementor-widget-container\">\n\t\t\t\t\t\t\t\t\t<p>The measuring arm is the best solution wherever mobility and the availability of the measuring device in various locations are key. They work well not only in laboratories, but also in production conditions, on the line or on the production floor.<\/p>\n<p>Technologically advanced measuring arms allow simple and fast 3D inspection of any component. Our offer includes, among others FREEDOM ARM measuring arms by LK Metrology, MCAx by Nikon Metrology and Smart Arm by RPS Metrology.<\/p>\n\t\t\t\t\t\t\t\t<\/div>\n\t\t\t\t<\/div>\n\t\t\t\t\t<\/div>\n\t\t<\/div>\n\t\t\t\t\t<\/div>\n\t\t<\/section>\n\t\t\t\t<section class=\"elementor-section elementor-top-section elementor-element elementor-element-7e90d3d animated-slow elementor-section-boxed elementor-section-height-default elementor-section-height-default elementor-invisible\" data-id=\"7e90d3d\" data-element_type=\"section\" data-e-type=\"section\" data-settings=\"{&quot;animation&quot;:&quot;fadeIn&quot;,&quot;animation_delay&quot;:150}\">\n\t\t\t\t\t\t<div class=\"elementor-container elementor-column-gap-default\">\n\t\t\t\t\t<div class=\"elementor-column elementor-col-50 elementor-top-column elementor-element elementor-element-43ca80b\" data-id=\"43ca80b\" data-element_type=\"column\" data-e-type=\"column\">\n\t\t\t<div class=\"elementor-widget-wrap elementor-element-populated\">\n\t\t\t\t\t\t<div class=\"elementor-element elementor-element-d93b89c elementor-widget elementor-widget-heading\" data-id=\"d93b89c\" data-element_type=\"widget\" data-e-type=\"widget\" data-widget_type=\"heading.default\">\n\t\t\t\t<div class=\"elementor-widget-container\">\n\t\t\t\t\t<h2 class=\"elementor-heading-title elementor-size-default\">FREEDOM ARM measuring arm from LK Metrology<\/h2>\t\t\t\t<\/div>\n\t\t\t\t<\/div>\n\t\t\t\t<div class=\"elementor-element elementor-element-6f9d51e elementor-widget elementor-widget-text-editor\" data-id=\"6f9d51e\" data-element_type=\"widget\" data-e-type=\"widget\" data-widget_type=\"text-editor.default\">\n\t\t\t\t<div class=\"elementor-widget-container\">\n\t\t\t\t\t\t\t\t\t<p><a href=\"https:\/\/www.lkmetrology.com\/products\/portable-measuring-arms\/freedom-arms\/\" target=\"_blank\" rel=\"noopener\">The FREEDOM measuring arm<\/a> is a wireless system that allows for hours of operation in a variety of conditions. conditions. It works well both in production inspection and in the measurement laboratory. The system is designed for contact and non-contact laser head scanning measurements, and works with NIKON H120 laser scanning heads. The measurement ranges of FREEDOM LK Metrology&#8217;s 7-axis measuring arms are from 2 to 4.5 meters.<\/p>\n<p>Its main advantages:<\/p>\n<ul>\n<li>Plug &amp; Play system that speeds up and simplifies arm setup for the operator;<\/li>\n<li>Automatic probe recognition;<\/li>\n<li>High accuracy and fast data throughput;<\/li>\n<li>Excellent temperature stability, zero warm-up time;<\/li>\n<li>Smooth transition between contact measurement and laser scanning.<\/li>\n<\/ul>\n\t\t\t\t\t\t\t\t<\/div>\n\t\t\t\t<\/div>\n\t\t\t\t\t<\/div>\n\t\t<\/div>\n\t\t\t\t<div class=\"elementor-column elementor-col-50 elementor-top-column elementor-element elementor-element-a870223\" data-id=\"a870223\" data-element_type=\"column\" data-e-type=\"column\">\n\t\t\t<div class=\"elementor-widget-wrap elementor-element-populated\">\n\t\t\t\t\t\t<div class=\"elementor-element elementor-element-deaee23 elementor-widget elementor-widget-image\" data-id=\"deaee23\" data-element_type=\"widget\" data-e-type=\"widget\" data-widget_type=\"image.default\">\n\t\t\t\t<div class=\"elementor-widget-container\">\n\t\t\t\t\t\t\t\t\t\t\t\t\t\t\t<img fetchpriority=\"high\" decoding=\"async\" width=\"600\" height=\"400\" src=\"https:\/\/smart-solutions.pl\/wp-content\/uploads\/2022\/06\/freedom-arm-LK-1.png\" class=\"attachment-full size-full wp-image-3249\" alt=\"\" srcset=\"https:\/\/smart-solutions.pl\/wp-content\/uploads\/2022\/06\/freedom-arm-LK-1.png 600w, https:\/\/smart-solutions.pl\/wp-content\/uploads\/2022\/06\/freedom-arm-LK-1-300x200.png 300w\" sizes=\"(max-width: 600px) 100vw, 600px\" \/>\t\t\t\t\t\t\t\t\t\t\t\t\t\t\t<\/div>\n\t\t\t\t<\/div>\n\t\t\t\t\t<\/div>\n\t\t<\/div>\n\t\t\t\t\t<\/div>\n\t\t<\/section>\n\t\t\t\t<section class=\"elementor-section elementor-top-section elementor-element elementor-element-2c2118c animated-slow elementor-reverse-mobile elementor-hidden-desktop elementor-hidden-tablet elementor-hidden-mobile elementor-section-boxed elementor-section-height-default elementor-section-height-default elementor-invisible\" data-id=\"2c2118c\" data-element_type=\"section\" data-e-type=\"section\" data-settings=\"{&quot;background_background&quot;:&quot;classic&quot;,&quot;animation&quot;:&quot;fadeIn&quot;,&quot;animation_delay&quot;:150}\">\n\t\t\t\t\t\t<div class=\"elementor-container elementor-column-gap-default\">\n\t\t\t\t\t<div class=\"elementor-column elementor-col-50 elementor-top-column elementor-element elementor-element-ecf07b8\" data-id=\"ecf07b8\" data-element_type=\"column\" data-e-type=\"column\">\n\t\t\t<div class=\"elementor-widget-wrap elementor-element-populated\">\n\t\t\t\t\t\t<div class=\"elementor-element elementor-element-7311965 elementor-widget elementor-widget-image\" data-id=\"7311965\" data-element_type=\"widget\" data-e-type=\"widget\" data-widget_type=\"image.default\">\n\t\t\t\t<div class=\"elementor-widget-container\">\n\t\t\t\t\t\t\t\t\t\t\t\t\t\t\t<img decoding=\"async\" width=\"1024\" height=\"683\" src=\"https:\/\/smart-solutions.pl\/wp-content\/uploads\/2022\/05\/nikon-arm-1.jpg\" class=\"attachment-full size-full wp-image-2362\" alt=\"\" srcset=\"https:\/\/smart-solutions.pl\/wp-content\/uploads\/2022\/05\/nikon-arm-1.jpg 1024w, https:\/\/smart-solutions.pl\/wp-content\/uploads\/2022\/05\/nikon-arm-1-300x200.jpg 300w, https:\/\/smart-solutions.pl\/wp-content\/uploads\/2022\/05\/nikon-arm-1-768x512.jpg 768w\" sizes=\"(max-width: 1024px) 100vw, 1024px\" \/>\t\t\t\t\t\t\t\t\t\t\t\t\t\t\t<\/div>\n\t\t\t\t<\/div>\n\t\t\t\t\t<\/div>\n\t\t<\/div>\n\t\t\t\t<div class=\"elementor-column elementor-col-50 elementor-top-column elementor-element elementor-element-e2c67b6\" data-id=\"e2c67b6\" data-element_type=\"column\" data-e-type=\"column\">\n\t\t\t<div class=\"elementor-widget-wrap elementor-element-populated\">\n\t\t\t\t\t\t<div class=\"elementor-element elementor-element-c549f1f elementor-widget elementor-widget-heading\" data-id=\"c549f1f\" data-element_type=\"widget\" data-e-type=\"widget\" data-widget_type=\"heading.default\">\n\t\t\t\t<div class=\"elementor-widget-container\">\n\t\t\t\t\t<h2 class=\"elementor-heading-title elementor-size-default\">Nikon Metrology's MCAxS measuring arm<\/h2>\t\t\t\t<\/div>\n\t\t\t\t<\/div>\n\t\t\t\t<div class=\"elementor-element elementor-element-bd0e76f elementor-widget elementor-widget-text-editor\" data-id=\"bd0e76f\" data-element_type=\"widget\" data-e-type=\"widget\" data-widget_type=\"text-editor.default\">\n\t\t\t\t<div class=\"elementor-widget-container\">\n\t\t\t\t\t\t\t\t\t<p>A device developed for contact measurements and specialized non-contact scanning using NIKON H120 laser scanning heads. Precise, reliable and easy to use. Works well in both production and laboratory applications. The ranges of the MCAxS 7-axis measuring arms are from 2 to 4.5 meters. This wireless system allows you to work for several hours under any conditions.<\/p>\n<p>Main advantages of the MCAxS measuring arm:<\/p>\n<ul>\n<li>High accuracy and fast data throughput;<\/li>\n<li>Designed for use in all conditions: production, workshop and laboratory;<\/li>\n<li>Extreme temperature stability, zero warm-up time;<\/li>\n<li>Plug-and-Play connections &#8211; quick and easy setup;<\/li>\n<li>Automatic probe recognition;<\/li>\n<li>Smooth transition between non-contact scanning and contact measurement.<\/li>\n<\/ul>\n\t\t\t\t\t\t\t\t<\/div>\n\t\t\t\t<\/div>\n\t\t\t\t\t<\/div>\n\t\t<\/div>\n\t\t\t\t\t<\/div>\n\t\t<\/section>\n\t\t\t\t<section class=\"elementor-section elementor-top-section elementor-element elementor-element-5708ac2 animated-slow elementor-section-boxed elementor-section-height-default elementor-section-height-default elementor-invisible\" data-id=\"5708ac2\" data-element_type=\"section\" data-e-type=\"section\" data-settings=\"{&quot;animation&quot;:&quot;fadeIn&quot;,&quot;animation_delay&quot;:150}\">\n\t\t\t\t\t\t<div class=\"elementor-container elementor-column-gap-default\">\n\t\t\t\t\t<div class=\"elementor-column elementor-col-50 elementor-top-column elementor-element elementor-element-1706995\" data-id=\"1706995\" data-element_type=\"column\" data-e-type=\"column\">\n\t\t\t<div class=\"elementor-widget-wrap elementor-element-populated\">\n\t\t\t\t\t\t<div class=\"elementor-element elementor-element-307dd0a elementor-widget elementor-widget-image\" data-id=\"307dd0a\" data-element_type=\"widget\" data-e-type=\"widget\" data-widget_type=\"image.default\">\n\t\t\t\t<div class=\"elementor-widget-container\">\n\t\t\t\t\t\t\t\t\t\t\t\t\t\t\t<img decoding=\"async\" width=\"800\" height=\"533\" src=\"https:\/\/smart-solutions.pl\/wp-content\/uploads\/2022\/05\/revo-arm-1.jpg\" class=\"attachment-full size-full wp-image-2364\" alt=\"\" srcset=\"https:\/\/smart-solutions.pl\/wp-content\/uploads\/2022\/05\/revo-arm-1.jpg 800w, https:\/\/smart-solutions.pl\/wp-content\/uploads\/2022\/05\/revo-arm-1-300x200.jpg 300w, https:\/\/smart-solutions.pl\/wp-content\/uploads\/2022\/05\/revo-arm-1-768x512.jpg 768w\" sizes=\"(max-width: 800px) 100vw, 800px\" \/>\t\t\t\t\t\t\t\t\t\t\t\t\t\t\t<\/div>\n\t\t\t\t<\/div>\n\t\t\t\t\t<\/div>\n\t\t<\/div>\n\t\t\t\t<div class=\"elementor-column elementor-col-50 elementor-top-column elementor-element elementor-element-e964302\" data-id=\"e964302\" data-element_type=\"column\" data-e-type=\"column\">\n\t\t\t<div class=\"elementor-widget-wrap elementor-element-populated\">\n\t\t\t\t\t\t<div class=\"elementor-element elementor-element-aa0eb12 elementor-widget elementor-widget-heading\" data-id=\"aa0eb12\" data-element_type=\"widget\" data-e-type=\"widget\" data-widget_type=\"heading.default\">\n\t\t\t\t<div class=\"elementor-widget-container\">\n\t\t\t\t\t<h2 class=\"elementor-heading-title elementor-size-default\">SMART ARM REV-O measuring arms from RPS Metrology<\/h2>\t\t\t\t<\/div>\n\t\t\t\t<\/div>\n\t\t\t\t<div class=\"elementor-element elementor-element-cf723b3 elementor-widget elementor-widget-text-editor\" data-id=\"cf723b3\" data-element_type=\"widget\" data-e-type=\"widget\" data-widget_type=\"text-editor.default\">\n\t\t\t\t<div class=\"elementor-widget-container\">\n\t\t\t\t\t\t\t\t\t<p>The easy-to-use devices will prove their worth in quickly performing precision 3D inspection. These portable measuring machines, feature wireless communication and built-in lithium-ion batteries as standard, allowing hours of operation without plugging into a power source.<\/p>\n<p>Smart Arm R-EVO 6- or 7-axis measuring arms are available in several customized versions.<\/p>\n<p>They work with Renishaw&#8217;s rigid probes and LP2 probes for contact measurements, as well as laser scanning heads from RPS METROLOGY. The measuring ranges of the R- EVO arms are from 2m to as much as 9m !<\/p>\n\t\t\t\t\t\t\t\t<\/div>\n\t\t\t\t<\/div>\n\t\t\t\t\t<\/div>\n\t\t<\/div>\n\t\t\t\t\t<\/div>\n\t\t<\/section>\n\t\t\t\t<section class=\"elementor-section elementor-top-section elementor-element elementor-element-2745a76c elementor-section-boxed elementor-section-height-default elementor-section-height-default\" data-id=\"2745a76c\" data-element_type=\"section\" data-e-type=\"section\">\n\t\t\t\t\t\t<div class=\"elementor-container elementor-column-gap-default\">\n\t\t\t\t\t<div class=\"elementor-column elementor-col-100 elementor-top-column elementor-element elementor-element-24343e49\" data-id=\"24343e49\" data-element_type=\"column\" data-e-type=\"column\">\n\t\t\t<div class=\"elementor-widget-wrap elementor-element-populated\">\n\t\t\t\t\t\t<div class=\"elementor-element elementor-element-4bf7ea8f elementor-widget elementor-widget-heading\" data-id=\"4bf7ea8f\" data-element_type=\"widget\" data-e-type=\"widget\" data-widget_type=\"heading.default\">\n\t\t\t\t<div class=\"elementor-widget-container\">\n\t\t\t\t\t<h2 class=\"elementor-heading-title elementor-size-default\">For more information,<br>contact us<\/h2>\t\t\t\t<\/div>\n\t\t\t\t<\/div>\n\t\t\t\t<div class=\"elementor-element elementor-element-7ec511c5 elementor-align-center elementor-widget elementor-widget-button\" data-id=\"7ec511c5\" data-element_type=\"widget\" data-e-type=\"widget\" data-widget_type=\"button.default\">\n\t\t\t\t<div class=\"elementor-widget-container\">\n\t\t\t\t\t\t\t\t\t<div class=\"elementor-button-wrapper\">\n\t\t\t\t\t<a class=\"elementor-button elementor-button-link elementor-size-sm elementor-animation-bob\" href=\"https:\/\/smart-solutions.pl\/en\/contact\/\">\n\t\t\t\t\t\t<span class=\"elementor-button-content-wrapper\">\n\t\t\t\t\t\t\t\t\t<span class=\"elementor-button-text\">Contact<\/span>\n\t\t\t\t\t<\/span>\n\t\t\t\t\t<\/a>\n\t\t\t\t<\/div>\n\t\t\t\t\t\t\t\t<\/div>\n\t\t\t\t<\/div>\n\t\t\t\t\t<\/div>\n\t\t<\/div>\n\t\t\t\t\t<\/div>\n\t\t<\/section>\n\t\t\t\t<\/div>\n\t\t","protected":false},"excerpt":{"rendered":"<p>Measuring arms The measuring arm is the best solution wherever mobility and the availability of the measuring device in various locations are key. They work well not only in laboratories, but also in production conditions, on the line or on the production floor. Technologically advanced measuring arms allow simple and fast 3D inspection of any [&hellip;]<\/p>\n","protected":false},"author":1,"featured_media":0,"parent":0,"menu_order":0,"comment_status":"closed","ping_status":"closed","template":"","meta":{"footnotes":""},"class_list":["post-4016","page","type-page","status-publish","hentry"],"yoast_head":"<!-- This site is optimized with the Yoast SEO plugin v27.2 - https:\/\/yoast.com\/product\/yoast-seo-wordpress\/ -->\n<title>Measuring arms - smart-solutions<\/title>\n<meta name=\"description\" content=\"Sale of FREEDOM ARM measuring arms by LK Metrology, MCAx by Nikon Metrology and Smart Arm by RPS Metrology.\" \/>\n<meta name=\"robots\" content=\"index, follow, max-snippet:-1, max-image-preview:large, max-video-preview:-1\" \/>\n<link rel=\"canonical\" href=\"https:\/\/smart-solutions.pl\/en\/measuring-arms\/\" \/>\n<meta property=\"og:locale\" content=\"en_US\" \/>\n<meta property=\"og:type\" content=\"article\" \/>\n<meta property=\"og:title\" content=\"Measuring arms - smart-solutions\" \/>\n<meta property=\"og:description\" content=\"Sale of FREEDOM ARM measuring arms by LK Metrology, MCAx by Nikon Metrology and Smart Arm by RPS Metrology.\" \/>\n<meta property=\"og:url\" content=\"https:\/\/smart-solutions.pl\/en\/measuring-arms\/\" \/>\n<meta property=\"og:site_name\" content=\"smart-solutions\" \/>\n<meta property=\"article:publisher\" content=\"https:\/\/www.facebook.com\/SmartSolutions3DMetrology\" \/>\n<meta property=\"article:modified_time\" content=\"2025-07-28T12:44:57+00:00\" \/>\n<meta property=\"og:image\" content=\"https:\/\/smart-solutions.pl\/wp-content\/uploads\/2022\/06\/freedom-arm-LK-1.png\" \/>\n\t<meta property=\"og:image:width\" content=\"600\" \/>\n\t<meta property=\"og:image:height\" content=\"400\" \/>\n\t<meta property=\"og:image:type\" content=\"image\/png\" \/>\n<meta name=\"twitter:card\" content=\"summary_large_image\" \/>\n<meta name=\"twitter:label1\" content=\"Est. reading time\" \/>\n\t<meta name=\"twitter:data1\" content=\"3 minutes\" \/>\n<script type=\"application\/ld+json\" class=\"yoast-schema-graph\">{\"@context\":\"https:\/\/schema.org\",\"@graph\":[{\"@type\":\"WebPage\",\"@id\":\"https:\/\/smart-solutions.pl\/en\/measuring-arms\/\",\"url\":\"https:\/\/smart-solutions.pl\/en\/measuring-arms\/\",\"name\":\"Measuring arms - smart-solutions\",\"isPartOf\":{\"@id\":\"https:\/\/smart-solutions.pl\/en\/#website\"},\"primaryImageOfPage\":{\"@id\":\"https:\/\/smart-solutions.pl\/en\/measuring-arms\/#primaryimage\"},\"image\":{\"@id\":\"https:\/\/smart-solutions.pl\/en\/measuring-arms\/#primaryimage\"},\"thumbnailUrl\":\"https:\/\/smart-solutions.pl\/wp-content\/uploads\/2022\/06\/freedom-arm-LK-1.png\",\"datePublished\":\"2022-08-07T12:41:19+00:00\",\"dateModified\":\"2025-07-28T12:44:57+00:00\",\"description\":\"Sale of FREEDOM ARM measuring arms by LK Metrology, MCAx by Nikon Metrology and Smart Arm by RPS Metrology.\",\"breadcrumb\":{\"@id\":\"https:\/\/smart-solutions.pl\/en\/measuring-arms\/#breadcrumb\"},\"inLanguage\":\"en-US\",\"potentialAction\":[{\"@type\":\"ReadAction\",\"target\":[\"https:\/\/smart-solutions.pl\/en\/measuring-arms\/\"]}]},{\"@type\":\"ImageObject\",\"inLanguage\":\"en-US\",\"@id\":\"https:\/\/smart-solutions.pl\/en\/measuring-arms\/#primaryimage\",\"url\":\"https:\/\/smart-solutions.pl\/wp-content\/uploads\/2022\/06\/freedom-arm-LK-1.png\",\"contentUrl\":\"https:\/\/smart-solutions.pl\/wp-content\/uploads\/2022\/06\/freedom-arm-LK-1.png\"},{\"@type\":\"BreadcrumbList\",\"@id\":\"https:\/\/smart-solutions.pl\/en\/measuring-arms\/#breadcrumb\",\"itemListElement\":[{\"@type\":\"ListItem\",\"position\":1,\"name\":\"Strona g\u0142\u00f3wna\",\"item\":\"https:\/\/smart-solutions.pl\/en\/\"},{\"@type\":\"ListItem\",\"position\":2,\"name\":\"Measuring arms\"}]},{\"@type\":\"WebSite\",\"@id\":\"https:\/\/smart-solutions.pl\/en\/#website\",\"url\":\"https:\/\/smart-solutions.pl\/en\/\",\"name\":\"smart-solutions\",\"description\":\"Sprzeda\u017c system\u00f3w i realizacja us\u0142ug, doradztwo w zakresie precyzyjnych pomiar\u00f3w metrologicznych i bada\u0144 nieniszcz\u0105cych CT\",\"publisher\":{\"@id\":\"https:\/\/smart-solutions.pl\/en\/#organization\"},\"potentialAction\":[{\"@type\":\"SearchAction\",\"target\":{\"@type\":\"EntryPoint\",\"urlTemplate\":\"https:\/\/smart-solutions.pl\/en\/?s={search_term_string}\"},\"query-input\":{\"@type\":\"PropertyValueSpecification\",\"valueRequired\":true,\"valueName\":\"search_term_string\"}}],\"inLanguage\":\"en-US\"},{\"@type\":\"Organization\",\"@id\":\"https:\/\/smart-solutions.pl\/en\/#organization\",\"name\":\"Smart Solutions sp. z o.o.\",\"url\":\"https:\/\/smart-solutions.pl\/en\/\",\"logo\":{\"@type\":\"ImageObject\",\"inLanguage\":\"en-US\",\"@id\":\"https:\/\/smart-solutions.pl\/en\/#\/schema\/logo\/image\/\",\"url\":\"https:\/\/smart-solutions.pl\/wp-content\/uploads\/2021\/10\/smart_solutions_logo.png\",\"contentUrl\":\"https:\/\/smart-solutions.pl\/wp-content\/uploads\/2021\/10\/smart_solutions_logo.png\",\"width\":500,\"height\":200,\"caption\":\"Smart Solutions sp. z o.o.\"},\"image\":{\"@id\":\"https:\/\/smart-solutions.pl\/en\/#\/schema\/logo\/image\/\"},\"sameAs\":[\"https:\/\/www.facebook.com\/SmartSolutions3DMetrology\",\"https:\/\/www.linkedin.com\/company\/smart-metrology\/\",\"https:\/\/www.instagram.com\/smart_metrology_\/\",\"https:\/\/www.youtube.com\/channel\/UCuvAShwl3fMnucOW1hcGi4g\/featured\"]}]}<\/script>\n<!-- \/ Yoast SEO plugin. -->","yoast_head_json":{"title":"Measuring arms - smart-solutions","description":"Sale of FREEDOM ARM measuring arms by LK Metrology, MCAx by Nikon Metrology and Smart Arm by RPS Metrology.","robots":{"index":"index","follow":"follow","max-snippet":"max-snippet:-1","max-image-preview":"max-image-preview:large","max-video-preview":"max-video-preview:-1"},"canonical":"https:\/\/smart-solutions.pl\/en\/measuring-arms\/","og_locale":"en_US","og_type":"article","og_title":"Measuring arms - smart-solutions","og_description":"Sale of FREEDOM ARM measuring arms by LK Metrology, MCAx by Nikon Metrology and Smart Arm by RPS Metrology.","og_url":"https:\/\/smart-solutions.pl\/en\/measuring-arms\/","og_site_name":"smart-solutions","article_publisher":"https:\/\/www.facebook.com\/SmartSolutions3DMetrology","article_modified_time":"2025-07-28T12:44:57+00:00","og_image":[{"width":600,"height":400,"url":"https:\/\/smart-solutions.pl\/wp-content\/uploads\/2022\/06\/freedom-arm-LK-1.png","type":"image\/png"}],"twitter_card":"summary_large_image","twitter_misc":{"Est. reading time":"3 minutes"},"schema":{"@context":"https:\/\/schema.org","@graph":[{"@type":"WebPage","@id":"https:\/\/smart-solutions.pl\/en\/measuring-arms\/","url":"https:\/\/smart-solutions.pl\/en\/measuring-arms\/","name":"Measuring arms - smart-solutions","isPartOf":{"@id":"https:\/\/smart-solutions.pl\/en\/#website"},"primaryImageOfPage":{"@id":"https:\/\/smart-solutions.pl\/en\/measuring-arms\/#primaryimage"},"image":{"@id":"https:\/\/smart-solutions.pl\/en\/measuring-arms\/#primaryimage"},"thumbnailUrl":"https:\/\/smart-solutions.pl\/wp-content\/uploads\/2022\/06\/freedom-arm-LK-1.png","datePublished":"2022-08-07T12:41:19+00:00","dateModified":"2025-07-28T12:44:57+00:00","description":"Sale of FREEDOM ARM measuring arms by LK Metrology, MCAx by Nikon Metrology and Smart Arm by RPS Metrology.","breadcrumb":{"@id":"https:\/\/smart-solutions.pl\/en\/measuring-arms\/#breadcrumb"},"inLanguage":"en-US","potentialAction":[{"@type":"ReadAction","target":["https:\/\/smart-solutions.pl\/en\/measuring-arms\/"]}]},{"@type":"ImageObject","inLanguage":"en-US","@id":"https:\/\/smart-solutions.pl\/en\/measuring-arms\/#primaryimage","url":"https:\/\/smart-solutions.pl\/wp-content\/uploads\/2022\/06\/freedom-arm-LK-1.png","contentUrl":"https:\/\/smart-solutions.pl\/wp-content\/uploads\/2022\/06\/freedom-arm-LK-1.png"},{"@type":"BreadcrumbList","@id":"https:\/\/smart-solutions.pl\/en\/measuring-arms\/#breadcrumb","itemListElement":[{"@type":"ListItem","position":1,"name":"Strona g\u0142\u00f3wna","item":"https:\/\/smart-solutions.pl\/en\/"},{"@type":"ListItem","position":2,"name":"Measuring arms"}]},{"@type":"WebSite","@id":"https:\/\/smart-solutions.pl\/en\/#website","url":"https:\/\/smart-solutions.pl\/en\/","name":"smart-solutions","description":"Sprzeda\u017c system\u00f3w i realizacja us\u0142ug, doradztwo w zakresie precyzyjnych pomiar\u00f3w metrologicznych i bada\u0144 nieniszcz\u0105cych CT","publisher":{"@id":"https:\/\/smart-solutions.pl\/en\/#organization"},"potentialAction":[{"@type":"SearchAction","target":{"@type":"EntryPoint","urlTemplate":"https:\/\/smart-solutions.pl\/en\/?s={search_term_string}"},"query-input":{"@type":"PropertyValueSpecification","valueRequired":true,"valueName":"search_term_string"}}],"inLanguage":"en-US"},{"@type":"Organization","@id":"https:\/\/smart-solutions.pl\/en\/#organization","name":"Smart Solutions sp. z o.o.","url":"https:\/\/smart-solutions.pl\/en\/","logo":{"@type":"ImageObject","inLanguage":"en-US","@id":"https:\/\/smart-solutions.pl\/en\/#\/schema\/logo\/image\/","url":"https:\/\/smart-solutions.pl\/wp-content\/uploads\/2021\/10\/smart_solutions_logo.png","contentUrl":"https:\/\/smart-solutions.pl\/wp-content\/uploads\/2021\/10\/smart_solutions_logo.png","width":500,"height":200,"caption":"Smart Solutions sp. z o.o."},"image":{"@id":"https:\/\/smart-solutions.pl\/en\/#\/schema\/logo\/image\/"},"sameAs":["https:\/\/www.facebook.com\/SmartSolutions3DMetrology","https:\/\/www.linkedin.com\/company\/smart-metrology\/","https:\/\/www.instagram.com\/smart_metrology_\/","https:\/\/www.youtube.com\/channel\/UCuvAShwl3fMnucOW1hcGi4g\/featured"]}]}},"_links":{"self":[{"href":"https:\/\/smart-solutions.pl\/en\/wp-json\/wp\/v2\/pages\/4016","targetHints":{"allow":["GET"]}}],"collection":[{"href":"https:\/\/smart-solutions.pl\/en\/wp-json\/wp\/v2\/pages"}],"about":[{"href":"https:\/\/smart-solutions.pl\/en\/wp-json\/wp\/v2\/types\/page"}],"author":[{"embeddable":true,"href":"https:\/\/smart-solutions.pl\/en\/wp-json\/wp\/v2\/users\/1"}],"replies":[{"embeddable":true,"href":"https:\/\/smart-solutions.pl\/en\/wp-json\/wp\/v2\/comments?post=4016"}],"version-history":[{"count":5,"href":"https:\/\/smart-solutions.pl\/en\/wp-json\/wp\/v2\/pages\/4016\/revisions"}],"predecessor-version":[{"id":14959,"href":"https:\/\/smart-solutions.pl\/en\/wp-json\/wp\/v2\/pages\/4016\/revisions\/14959"}],"wp:attachment":[{"href":"https:\/\/smart-solutions.pl\/en\/wp-json\/wp\/v2\/media?parent=4016"}],"curies":[{"name":"wp","href":"https:\/\/api.w.org\/{rel}","templated":true}]}}