{"id":15969,"date":"2026-02-20T10:56:02","date_gmt":"2026-02-20T09:56:02","guid":{"rendered":"https:\/\/smart-solutions.pl\/unicomp\/"},"modified":"2026-02-20T10:57:38","modified_gmt":"2026-02-20T09:57:38","slug":"unicomp","status":"publish","type":"page","link":"https:\/\/smart-solutions.pl\/en\/unicomp\/","title":{"rendered":"Unicomp"},"content":{"rendered":"\t\t<div data-elementor-type=\"wp-page\" data-elementor-id=\"15969\" class=\"elementor elementor-15969 elementor-12116\" data-elementor-post-type=\"page\">\n\t\t\t\t\t\t<section class=\"elementor-section elementor-top-section elementor-element elementor-element-9b7707e elementor-section-boxed elementor-section-height-default elementor-section-height-default\" data-id=\"9b7707e\" data-element_type=\"section\" data-e-type=\"section\">\n\t\t\t\t\t\t<div class=\"elementor-container elementor-column-gap-default\">\n\t\t\t\t\t<div class=\"elementor-column elementor-col-50 elementor-top-column elementor-element elementor-element-78703f9\" data-id=\"78703f9\" data-element_type=\"column\" data-e-type=\"column\">\n\t\t\t<div class=\"elementor-widget-wrap elementor-element-populated\">\n\t\t\t\t\t\t<div class=\"elementor-element elementor-element-daa2188 elementor-widget elementor-widget-image\" data-id=\"daa2188\" data-element_type=\"widget\" data-e-type=\"widget\" data-widget_type=\"image.default\">\n\t\t\t\t<div class=\"elementor-widget-container\">\n\t\t\t\t\t\t\t\t\t\t\t\t\t\t\t<img fetchpriority=\"high\" decoding=\"async\" width=\"500\" height=\"500\" src=\"https:\/\/smart-solutions.pl\/wp-content\/uploads\/2024\/02\/Unicomp-logo.png\" class=\"attachment-full size-full wp-image-8708\" alt=\"Unicomp - logo\" srcset=\"https:\/\/smart-solutions.pl\/wp-content\/uploads\/2024\/02\/Unicomp-logo.png 500w, https:\/\/smart-solutions.pl\/wp-content\/uploads\/2024\/02\/Unicomp-logo-300x300.png 300w, https:\/\/smart-solutions.pl\/wp-content\/uploads\/2024\/02\/Unicomp-logo-150x150.png 150w\" sizes=\"(max-width: 500px) 100vw, 500px\" \/>\t\t\t\t\t\t\t\t\t\t\t\t\t\t\t<\/div>\n\t\t\t\t<\/div>\n\t\t\t\t\t<\/div>\n\t\t<\/div>\n\t\t\t\t<div class=\"elementor-column elementor-col-50 elementor-top-column elementor-element elementor-element-6b02b64\" data-id=\"6b02b64\" data-element_type=\"column\" data-e-type=\"column\">\n\t\t\t<div class=\"elementor-widget-wrap elementor-element-populated\">\n\t\t\t\t\t\t<div class=\"elementor-element elementor-element-c190612 elementor-widget elementor-widget-heading\" data-id=\"c190612\" data-element_type=\"widget\" data-e-type=\"widget\" data-widget_type=\"heading.default\">\n\t\t\t\t<div class=\"elementor-widget-container\">\n\t\t\t\t\t<h2 class=\"elementor-heading-title elementor-size-default\">Unicomp - CT and X-Ray systems<\/h2>\t\t\t\t<\/div>\n\t\t\t\t<\/div>\n\t\t\t\t<div class=\"elementor-element elementor-element-7146055 elementor-widget elementor-widget-text-editor\" data-id=\"7146055\" data-element_type=\"widget\" data-e-type=\"widget\" data-widget_type=\"text-editor.default\">\n\t\t\t\t<div class=\"elementor-widget-container\">\n\t\t\t\t\t\t\t\t\t<p>We are the only company in Poland <strong>offering <\/strong><strong>CT and X-Ray systems from Unicomp<\/strong> <strong>Technology<\/strong>. This manufacturer&#8217;s CT and X-ray systems have been used for over 20 years by leading manufacturers in numerous industries worldwide, including in Europe. Thanks to us, these reliable, high-quality systems are now available to Polish companies. Besides the price, another advantage of Unicomp&#8217;s offering is the enormous flexibility in configuring the system to meet customer needs.  <\/p><p>Our offer includes a wide range of systems for various purposes: X-Ray systems for electronics testing, X-Ray solutions for on-line electronics testing, non-contact X-Ray electronic component counters, X-Ray systems for casting testing, and versatile CT industrial tomography systems.<\/p>\t\t\t\t\t\t\t\t<\/div>\n\t\t\t\t<\/div>\n\t\t\t\t\t<\/div>\n\t\t<\/div>\n\t\t\t\t\t<\/div>\n\t\t<\/section>\n\t\t\t\t<section class=\"elementor-section elementor-top-section elementor-element elementor-element-75a6dee elementor-section-boxed elementor-section-height-default elementor-section-height-default\" data-id=\"75a6dee\" data-element_type=\"section\" data-e-type=\"section\">\n\t\t\t\t\t\t<div class=\"elementor-container elementor-column-gap-default\">\n\t\t\t\t\t<div class=\"elementor-column elementor-col-33 elementor-top-column elementor-element elementor-element-27243a1\" data-id=\"27243a1\" data-element_type=\"column\" data-e-type=\"column\">\n\t\t\t<div class=\"elementor-widget-wrap elementor-element-populated\">\n\t\t\t\t\t\t<div class=\"elementor-element elementor-element-e3d0dd4 elementor-widget elementor-widget-image\" data-id=\"e3d0dd4\" data-element_type=\"widget\" data-e-type=\"widget\" data-widget_type=\"image.default\">\n\t\t\t\t<div class=\"elementor-widget-container\">\n\t\t\t\t\t\t\t\t\t\t\t\t\t\t\t\t<a href=\"https:\/\/smart-solutions.pl\/unicomp\/unicomp-systemy-x-ray-do-badania-elektroniki\/\">\n\t\t\t\t\t\t\t<img decoding=\"async\" width=\"500\" height=\"500\" src=\"https:\/\/smart-solutions.pl\/wp-content\/uploads\/2024\/02\/Unicomp-AX9100-max.png\" class=\"elementor-animation-grow attachment-full size-full wp-image-8468\" alt=\"smart-solutions.pl -Unicomp - AX9100 max\" srcset=\"https:\/\/smart-solutions.pl\/wp-content\/uploads\/2024\/02\/Unicomp-AX9100-max.png 500w, https:\/\/smart-solutions.pl\/wp-content\/uploads\/2024\/02\/Unicomp-AX9100-max-300x300.png 300w, https:\/\/smart-solutions.pl\/wp-content\/uploads\/2024\/02\/Unicomp-AX9100-max-150x150.png 150w\" sizes=\"(max-width: 500px) 100vw, 500px\" \/>\t\t\t\t\t\t\t\t<\/a>\n\t\t\t\t\t\t\t\t\t\t\t\t\t\t\t<\/div>\n\t\t\t\t<\/div>\n\t\t\t\t<div class=\"elementor-element elementor-element-9f3c7ab elementor-widget elementor-widget-text-editor\" data-id=\"9f3c7ab\" data-element_type=\"widget\" data-e-type=\"widget\" data-widget_type=\"text-editor.default\">\n\t\t\t\t<div class=\"elementor-widget-container\">\n\t\t\t\t\t\t\t\t\t<p style=\"text-align: center;\"><a href=\"https:\/\/smart-solutions.pl\/unicomp\/unicomp-systemy-x-ray-do-badania-elektroniki\/\">X-Ray systems for electronics testing<\/a><\/p>\t\t\t\t\t\t\t\t<\/div>\n\t\t\t\t<\/div>\n\t\t\t\t\t<\/div>\n\t\t<\/div>\n\t\t\t\t<div class=\"elementor-column elementor-col-33 elementor-top-column elementor-element elementor-element-55ab6c5\" data-id=\"55ab6c5\" data-element_type=\"column\" data-e-type=\"column\">\n\t\t\t<div class=\"elementor-widget-wrap elementor-element-populated\">\n\t\t\t\t\t\t<div class=\"elementor-element elementor-element-86beba9 elementor-widget elementor-widget-image\" data-id=\"86beba9\" data-element_type=\"widget\" data-e-type=\"widget\" data-widget_type=\"image.default\">\n\t\t\t\t<div class=\"elementor-widget-container\">\n\t\t\t\t\t\t\t\t\t\t\t\t\t\t\t\t<a href=\"https:\/\/smart-solutions.pl\/unicomp\/unicomp-rozwiazania-x-ray-do-badania-elektroniki-na-linii-produkcyjnej\/\">\n\t\t\t\t\t\t\t<img decoding=\"async\" width=\"500\" height=\"500\" src=\"https:\/\/smart-solutions.pl\/wp-content\/uploads\/2024\/02\/smart-solutions.pl-Unicomp-LX9200-1.png\" class=\"elementor-animation-grow attachment-full size-full wp-image-8606\" alt=\"smart-solutions.pl Unicomp - LX9200\" srcset=\"https:\/\/smart-solutions.pl\/wp-content\/uploads\/2024\/02\/smart-solutions.pl-Unicomp-LX9200-1.png 500w, https:\/\/smart-solutions.pl\/wp-content\/uploads\/2024\/02\/smart-solutions.pl-Unicomp-LX9200-1-300x300.png 300w, https:\/\/smart-solutions.pl\/wp-content\/uploads\/2024\/02\/smart-solutions.pl-Unicomp-LX9200-1-150x150.png 150w\" sizes=\"(max-width: 500px) 100vw, 500px\" \/>\t\t\t\t\t\t\t\t<\/a>\n\t\t\t\t\t\t\t\t\t\t\t\t\t\t\t<\/div>\n\t\t\t\t<\/div>\n\t\t\t\t<div class=\"elementor-element elementor-element-942b8c8 elementor-widget elementor-widget-text-editor\" data-id=\"942b8c8\" data-element_type=\"widget\" data-e-type=\"widget\" data-widget_type=\"text-editor.default\">\n\t\t\t\t<div class=\"elementor-widget-container\">\n\t\t\t\t\t\t\t\t\t<p style=\"text-align: center;\"><a href=\"https:\/\/smart-solutions.pl\/unicomp\/unicomp-rozwiazania-x-ray-do-badania-elektroniki-na-linii-produkcyjnej\/\">X-Ray solutions for examining electronics on the production line<\/a><\/p>\t\t\t\t\t\t\t\t<\/div>\n\t\t\t\t<\/div>\n\t\t\t\t\t<\/div>\n\t\t<\/div>\n\t\t\t\t<div class=\"elementor-column elementor-col-33 elementor-top-column elementor-element elementor-element-37ddaa4\" data-id=\"37ddaa4\" data-element_type=\"column\" data-e-type=\"column\">\n\t\t\t<div class=\"elementor-widget-wrap elementor-element-populated\">\n\t\t\t\t\t\t<div class=\"elementor-element elementor-element-b405a82 elementor-widget elementor-widget-image\" data-id=\"b405a82\" data-element_type=\"widget\" data-e-type=\"widget\" data-widget_type=\"image.default\">\n\t\t\t\t<div class=\"elementor-widget-container\">\n\t\t\t\t\t\t\t\t\t\t\t\t\t\t\t\t<a href=\"https:\/\/smart-solutions.pl\/en\/unicomp-x-ray-chip-counters\/\">\n\t\t\t\t\t\t\t<img loading=\"lazy\" decoding=\"async\" width=\"500\" height=\"500\" src=\"https:\/\/smart-solutions.pl\/wp-content\/uploads\/2024\/02\/smart-solutions.pl-Unicomp-CX7000-1.png\" class=\"elementor-animation-grow attachment-full size-full wp-image-8875\" alt=\"smart-solutions.pl - Unicomp CX7000\" srcset=\"https:\/\/smart-solutions.pl\/wp-content\/uploads\/2024\/02\/smart-solutions.pl-Unicomp-CX7000-1.png 500w, https:\/\/smart-solutions.pl\/wp-content\/uploads\/2024\/02\/smart-solutions.pl-Unicomp-CX7000-1-300x300.png 300w, https:\/\/smart-solutions.pl\/wp-content\/uploads\/2024\/02\/smart-solutions.pl-Unicomp-CX7000-1-150x150.png 150w\" sizes=\"(max-width: 500px) 100vw, 500px\" \/>\t\t\t\t\t\t\t\t<\/a>\n\t\t\t\t\t\t\t\t\t\t\t\t\t\t\t<\/div>\n\t\t\t\t<\/div>\n\t\t\t\t<div class=\"elementor-element elementor-element-4ebe559 elementor-widget elementor-widget-text-editor\" data-id=\"4ebe559\" data-element_type=\"widget\" data-e-type=\"widget\" data-widget_type=\"text-editor.default\">\n\t\t\t\t<div class=\"elementor-widget-container\">\n\t\t\t\t\t\t\t\t\t<p style=\"text-align: center;\"><a href=\"https:\/\/smart-solutions.pl\/en\/unicomp-x-ray-chip-counters\/\">X-Ray non-contact electronic component counters<\/a><\/p>\t\t\t\t\t\t\t\t<\/div>\n\t\t\t\t<\/div>\n\t\t\t\t\t<\/div>\n\t\t<\/div>\n\t\t\t\t\t<\/div>\n\t\t<\/section>\n\t\t\t\t<section class=\"elementor-section elementor-top-section elementor-element elementor-element-a8e0731 elementor-section-boxed elementor-section-height-default elementor-section-height-default\" data-id=\"a8e0731\" data-element_type=\"section\" data-e-type=\"section\">\n\t\t\t\t\t\t<div class=\"elementor-container elementor-column-gap-default\">\n\t\t\t\t\t<div class=\"elementor-column elementor-col-33 elementor-top-column elementor-element elementor-element-352c2c3\" data-id=\"352c2c3\" data-element_type=\"column\" data-e-type=\"column\">\n\t\t\t<div class=\"elementor-widget-wrap elementor-element-populated\">\n\t\t\t\t\t\t<div class=\"elementor-element elementor-element-5e73bf9 elementor-widget elementor-widget-image\" data-id=\"5e73bf9\" data-element_type=\"widget\" data-e-type=\"widget\" data-widget_type=\"image.default\">\n\t\t\t\t<div class=\"elementor-widget-container\">\n\t\t\t\t\t\t\t\t\t\t\t\t\t\t\t\t<a href=\"https:\/\/smart-solutions.pl\/unicomp\/unicomp-systemy-x-ray-do-badan-ndt-2d\/\">\n\t\t\t\t\t\t\t<img loading=\"lazy\" decoding=\"async\" width=\"500\" height=\"500\" src=\"https:\/\/smart-solutions.pl\/wp-content\/uploads\/2024\/04\/smart-solutions.pl-NDT-UNC-1.png\" class=\"elementor-animation-grow attachment-full size-full wp-image-9301\" alt=\"\" srcset=\"https:\/\/smart-solutions.pl\/wp-content\/uploads\/2024\/04\/smart-solutions.pl-NDT-UNC-1.png 500w, https:\/\/smart-solutions.pl\/wp-content\/uploads\/2024\/04\/smart-solutions.pl-NDT-UNC-1-300x300.png 300w, https:\/\/smart-solutions.pl\/wp-content\/uploads\/2024\/04\/smart-solutions.pl-NDT-UNC-1-150x150.png 150w\" sizes=\"(max-width: 500px) 100vw, 500px\" \/>\t\t\t\t\t\t\t\t<\/a>\n\t\t\t\t\t\t\t\t\t\t\t\t\t\t\t<\/div>\n\t\t\t\t<\/div>\n\t\t\t\t<div class=\"elementor-element elementor-element-c784363 elementor-widget elementor-widget-text-editor\" data-id=\"c784363\" data-element_type=\"widget\" data-e-type=\"widget\" data-widget_type=\"text-editor.default\">\n\t\t\t\t<div class=\"elementor-widget-container\">\n\t\t\t\t\t\t\t\t\t<p style=\"text-align: center;\"><a href=\"https:\/\/smart-solutions.pl\/unicomp\/unicomp-systemy-x-ray-do-badan-ndt-2d\/\">X-Ray Systems for NDT-2D Testing<\/a><\/p><p style=\"text-align: center;\"> <\/p>\t\t\t\t\t\t\t\t<\/div>\n\t\t\t\t<\/div>\n\t\t\t\t\t<\/div>\n\t\t<\/div>\n\t\t\t\t<div class=\"elementor-column elementor-col-33 elementor-top-column elementor-element elementor-element-9da13f7\" data-id=\"9da13f7\" data-element_type=\"column\" data-e-type=\"column\">\n\t\t\t<div class=\"elementor-widget-wrap elementor-element-populated\">\n\t\t\t\t\t\t<div class=\"elementor-element elementor-element-288590e elementor-widget elementor-widget-image\" data-id=\"288590e\" data-element_type=\"widget\" data-e-type=\"widget\" data-widget_type=\"image.default\">\n\t\t\t\t<div class=\"elementor-widget-container\">\n\t\t\t\t\t\t\t\t\t\t\t\t\t\t\t\t<a href=\"https:\/\/smart-solutions.pl\/en\/unicomp-versatile-industrial-ct-systems\/\">\n\t\t\t\t\t\t\t<img loading=\"lazy\" decoding=\"async\" width=\"993\" height=\"904\" src=\"https:\/\/smart-solutions.pl\/wp-content\/uploads\/2024\/11\/smart-solutions.pl-UNCT3100-1.png\" class=\"elementor-animation-grow attachment-full size-full wp-image-12724\" alt=\"Unicomp - UNCT-3100\" srcset=\"https:\/\/smart-solutions.pl\/wp-content\/uploads\/2024\/11\/smart-solutions.pl-UNCT3100-1.png 993w, https:\/\/smart-solutions.pl\/wp-content\/uploads\/2024\/11\/smart-solutions.pl-UNCT3100-1-300x273.png 300w, https:\/\/smart-solutions.pl\/wp-content\/uploads\/2024\/11\/smart-solutions.pl-UNCT3100-1-768x699.png 768w\" sizes=\"(max-width: 993px) 100vw, 993px\" \/>\t\t\t\t\t\t\t\t<\/a>\n\t\t\t\t\t\t\t\t\t\t\t\t\t\t\t<\/div>\n\t\t\t\t<\/div>\n\t\t\t\t<div class=\"elementor-element elementor-element-05ffd4e elementor-widget elementor-widget-text-editor\" data-id=\"05ffd4e\" data-element_type=\"widget\" data-e-type=\"widget\" data-widget_type=\"text-editor.default\">\n\t\t\t\t<div class=\"elementor-widget-container\">\n\t\t\t\t\t\t\t\t\t<p style=\"text-align: center;\"><a href=\"https:\/\/smart-solutions.pl\/en\/?page_id=12702\">Versatile industrial CT systems<\/a><\/p>\t\t\t\t\t\t\t\t<\/div>\n\t\t\t\t<\/div>\n\t\t\t\t\t<\/div>\n\t\t<\/div>\n\t\t\t\t<div class=\"elementor-column elementor-col-33 elementor-top-column elementor-element elementor-element-cc82b09\" data-id=\"cc82b09\" data-element_type=\"column\" data-e-type=\"column\">\n\t\t\t<div class=\"elementor-widget-wrap elementor-element-populated\">\n\t\t\t\t\t\t<div class=\"elementor-element elementor-element-a78e0f8 elementor-widget elementor-widget-image\" data-id=\"a78e0f8\" data-element_type=\"widget\" data-e-type=\"widget\" data-widget_type=\"image.default\">\n\t\t\t\t<div class=\"elementor-widget-container\">\n\t\t\t\t\t\t\t\t\t\t\t\t\t\t\t\t<a href=\"https:\/\/smart-solutions.pl\/en\/unicomp-systems-dedicated-to-the-food-industry\/\">\n\t\t\t\t\t\t\t<img loading=\"lazy\" decoding=\"async\" width=\"610\" height=\"467\" src=\"https:\/\/smart-solutions.pl\/wp-content\/uploads\/2026\/02\/UNX4010-B-\u2013-ze-zmianami.png\" class=\"elementor-animation-grow attachment-full size-full wp-image-15938\" alt=\"\" srcset=\"https:\/\/smart-solutions.pl\/wp-content\/uploads\/2026\/02\/UNX4010-B-\u2013-ze-zmianami.png 610w, https:\/\/smart-solutions.pl\/wp-content\/uploads\/2026\/02\/UNX4010-B-\u2013-ze-zmianami-300x230.png 300w\" sizes=\"(max-width: 610px) 100vw, 610px\" \/>\t\t\t\t\t\t\t\t<\/a>\n\t\t\t\t\t\t\t\t\t\t\t\t\t\t\t<\/div>\n\t\t\t\t<\/div>\n\t\t\t\t<div class=\"elementor-element elementor-element-a301b38 elementor-widget elementor-widget-text-editor\" data-id=\"a301b38\" data-element_type=\"widget\" data-e-type=\"widget\" data-widget_type=\"text-editor.default\">\n\t\t\t\t<div class=\"elementor-widget-container\">\n\t\t\t\t\t\t\t\t\t<p style=\"text-align: center;\"><a href=\"https:\/\/smart-solutions.pl\/en\/unicomp-systems-dedicated-to-the-food-industry\/\">Systems dedicated to the food industry<\/a><\/p>\t\t\t\t\t\t\t\t<\/div>\n\t\t\t\t<\/div>\n\t\t\t\t\t<\/div>\n\t\t<\/div>\n\t\t\t\t\t<\/div>\n\t\t<\/section>\n\t\t\t\t<\/div>\n\t\t","protected":false},"excerpt":{"rendered":"<p>Unicomp &#8211; CT and X-Ray systems We are the only company in Poland offering CT and X-Ray systems from Unicomp Technology. This manufacturer&#8217;s CT and X-ray systems have been used for over 20 years by leading manufacturers in numerous industries worldwide, including in Europe. Thanks to us, these reliable, high-quality systems are now available to [&hellip;]<\/p>\n","protected":false},"author":1,"featured_media":0,"parent":0,"menu_order":0,"comment_status":"closed","ping_status":"closed","template":"","meta":{"footnotes":""},"class_list":["post-15969","page","type-page","status-publish","hentry"],"yoast_head":"<!-- This site is optimized with the Yoast SEO plugin v27.4 - https:\/\/yoast.com\/product\/yoast-seo-wordpress\/ -->\n<title>Unicomp - smart-solutions<\/title>\n<meta name=\"robots\" content=\"index, follow, max-snippet:-1, max-image-preview:large, max-video-preview:-1\" \/>\n<link rel=\"canonical\" href=\"https:\/\/smart-solutions.pl\/en\/unicomp\/\" \/>\n<meta property=\"og:locale\" content=\"en_US\" \/>\n<meta property=\"og:type\" content=\"article\" \/>\n<meta property=\"og:title\" content=\"Unicomp - smart-solutions\" \/>\n<meta property=\"og:description\" content=\"Unicomp &#8211; CT and X-Ray systems We are the only company in Poland offering CT and X-Ray systems from Unicomp Technology. This manufacturer&#8217;s CT and X-ray systems have been used for over 20 years by leading manufacturers in numerous industries worldwide, including in Europe. Thanks to us, these reliable, high-quality systems are now available to [&hellip;]\" \/>\n<meta property=\"og:url\" content=\"https:\/\/smart-solutions.pl\/en\/unicomp\/\" \/>\n<meta property=\"og:site_name\" content=\"smart-solutions\" \/>\n<meta property=\"article:publisher\" content=\"https:\/\/www.facebook.com\/SmartSolutions3DMetrology\" \/>\n<meta property=\"article:modified_time\" content=\"2026-02-20T09:57:38+00:00\" \/>\n<meta property=\"og:image\" content=\"https:\/\/smart-solutions.pl\/wp-content\/uploads\/2024\/02\/Unicomp-logo.png\" \/>\n\t<meta property=\"og:image:width\" content=\"500\" \/>\n\t<meta property=\"og:image:height\" content=\"500\" \/>\n\t<meta property=\"og:image:type\" content=\"image\/png\" \/>\n<meta name=\"twitter:card\" content=\"summary_large_image\" \/>\n<meta name=\"twitter:label1\" content=\"Est. reading time\" \/>\n\t<meta name=\"twitter:data1\" content=\"1 minute\" \/>\n<script type=\"application\/ld+json\" class=\"yoast-schema-graph\">{\"@context\":\"https:\\\/\\\/schema.org\",\"@graph\":[{\"@type\":\"WebPage\",\"@id\":\"https:\\\/\\\/smart-solutions.pl\\\/en\\\/unicomp\\\/\",\"url\":\"https:\\\/\\\/smart-solutions.pl\\\/en\\\/unicomp\\\/\",\"name\":\"Unicomp - smart-solutions\",\"isPartOf\":{\"@id\":\"https:\\\/\\\/smart-solutions.pl\\\/en\\\/#website\"},\"primaryImageOfPage\":{\"@id\":\"https:\\\/\\\/smart-solutions.pl\\\/en\\\/unicomp\\\/#primaryimage\"},\"image\":{\"@id\":\"https:\\\/\\\/smart-solutions.pl\\\/en\\\/unicomp\\\/#primaryimage\"},\"thumbnailUrl\":\"https:\\\/\\\/smart-solutions.pl\\\/wp-content\\\/uploads\\\/2024\\\/02\\\/Unicomp-logo.png\",\"datePublished\":\"2026-02-20T09:56:02+00:00\",\"dateModified\":\"2026-02-20T09:57:38+00:00\",\"breadcrumb\":{\"@id\":\"https:\\\/\\\/smart-solutions.pl\\\/en\\\/unicomp\\\/#breadcrumb\"},\"inLanguage\":\"en-US\",\"potentialAction\":[{\"@type\":\"ReadAction\",\"target\":[\"https:\\\/\\\/smart-solutions.pl\\\/en\\\/unicomp\\\/\"]}]},{\"@type\":\"ImageObject\",\"inLanguage\":\"en-US\",\"@id\":\"https:\\\/\\\/smart-solutions.pl\\\/en\\\/unicomp\\\/#primaryimage\",\"url\":\"https:\\\/\\\/smart-solutions.pl\\\/wp-content\\\/uploads\\\/2024\\\/02\\\/Unicomp-logo.png\",\"contentUrl\":\"https:\\\/\\\/smart-solutions.pl\\\/wp-content\\\/uploads\\\/2024\\\/02\\\/Unicomp-logo.png\"},{\"@type\":\"BreadcrumbList\",\"@id\":\"https:\\\/\\\/smart-solutions.pl\\\/en\\\/unicomp\\\/#breadcrumb\",\"itemListElement\":[{\"@type\":\"ListItem\",\"position\":1,\"name\":\"Strona g\u0142\u00f3wna\",\"item\":\"https:\\\/\\\/smart-solutions.pl\\\/en\\\/\"},{\"@type\":\"ListItem\",\"position\":2,\"name\":\"Unicomp\"}]},{\"@type\":\"WebSite\",\"@id\":\"https:\\\/\\\/smart-solutions.pl\\\/en\\\/#website\",\"url\":\"https:\\\/\\\/smart-solutions.pl\\\/en\\\/\",\"name\":\"smart-solutions\",\"description\":\"Sprzeda\u017c system\u00f3w i realizacja us\u0142ug, doradztwo w zakresie precyzyjnych pomiar\u00f3w metrologicznych i bada\u0144 nieniszcz\u0105cych CT\",\"publisher\":{\"@id\":\"https:\\\/\\\/smart-solutions.pl\\\/en\\\/#organization\"},\"potentialAction\":[{\"@type\":\"SearchAction\",\"target\":{\"@type\":\"EntryPoint\",\"urlTemplate\":\"https:\\\/\\\/smart-solutions.pl\\\/en\\\/?s={search_term_string}\"},\"query-input\":{\"@type\":\"PropertyValueSpecification\",\"valueRequired\":true,\"valueName\":\"search_term_string\"}}],\"inLanguage\":\"en-US\"},{\"@type\":\"Organization\",\"@id\":\"https:\\\/\\\/smart-solutions.pl\\\/en\\\/#organization\",\"name\":\"Smart Solutions sp. z o.o.\",\"url\":\"https:\\\/\\\/smart-solutions.pl\\\/en\\\/\",\"logo\":{\"@type\":\"ImageObject\",\"inLanguage\":\"en-US\",\"@id\":\"https:\\\/\\\/smart-solutions.pl\\\/en\\\/#\\\/schema\\\/logo\\\/image\\\/\",\"url\":\"https:\\\/\\\/smart-solutions.pl\\\/wp-content\\\/uploads\\\/2021\\\/10\\\/smart_solutions_logo.png\",\"contentUrl\":\"https:\\\/\\\/smart-solutions.pl\\\/wp-content\\\/uploads\\\/2021\\\/10\\\/smart_solutions_logo.png\",\"width\":500,\"height\":200,\"caption\":\"Smart Solutions sp. z o.o.\"},\"image\":{\"@id\":\"https:\\\/\\\/smart-solutions.pl\\\/en\\\/#\\\/schema\\\/logo\\\/image\\\/\"},\"sameAs\":[\"https:\\\/\\\/www.facebook.com\\\/SmartSolutions3DMetrology\",\"https:\\\/\\\/www.linkedin.com\\\/company\\\/smart-metrology\\\/\",\"https:\\\/\\\/www.instagram.com\\\/smart_metrology_\\\/\",\"https:\\\/\\\/www.youtube.com\\\/channel\\\/UCuvAShwl3fMnucOW1hcGi4g\\\/featured\"]}]}<\/script>\n<!-- \/ Yoast SEO plugin. -->","yoast_head_json":{"title":"Unicomp - smart-solutions","robots":{"index":"index","follow":"follow","max-snippet":"max-snippet:-1","max-image-preview":"max-image-preview:large","max-video-preview":"max-video-preview:-1"},"canonical":"https:\/\/smart-solutions.pl\/en\/unicomp\/","og_locale":"en_US","og_type":"article","og_title":"Unicomp - smart-solutions","og_description":"Unicomp &#8211; CT and X-Ray systems We are the only company in Poland offering CT and X-Ray systems from Unicomp Technology. This manufacturer&#8217;s CT and X-ray systems have been used for over 20 years by leading manufacturers in numerous industries worldwide, including in Europe. Thanks to us, these reliable, high-quality systems are now available to [&hellip;]","og_url":"https:\/\/smart-solutions.pl\/en\/unicomp\/","og_site_name":"smart-solutions","article_publisher":"https:\/\/www.facebook.com\/SmartSolutions3DMetrology","article_modified_time":"2026-02-20T09:57:38+00:00","og_image":[{"width":500,"height":500,"url":"https:\/\/smart-solutions.pl\/wp-content\/uploads\/2024\/02\/Unicomp-logo.png","type":"image\/png"}],"twitter_card":"summary_large_image","twitter_misc":{"Est. reading time":"1 minute"},"schema":{"@context":"https:\/\/schema.org","@graph":[{"@type":"WebPage","@id":"https:\/\/smart-solutions.pl\/en\/unicomp\/","url":"https:\/\/smart-solutions.pl\/en\/unicomp\/","name":"Unicomp - smart-solutions","isPartOf":{"@id":"https:\/\/smart-solutions.pl\/en\/#website"},"primaryImageOfPage":{"@id":"https:\/\/smart-solutions.pl\/en\/unicomp\/#primaryimage"},"image":{"@id":"https:\/\/smart-solutions.pl\/en\/unicomp\/#primaryimage"},"thumbnailUrl":"https:\/\/smart-solutions.pl\/wp-content\/uploads\/2024\/02\/Unicomp-logo.png","datePublished":"2026-02-20T09:56:02+00:00","dateModified":"2026-02-20T09:57:38+00:00","breadcrumb":{"@id":"https:\/\/smart-solutions.pl\/en\/unicomp\/#breadcrumb"},"inLanguage":"en-US","potentialAction":[{"@type":"ReadAction","target":["https:\/\/smart-solutions.pl\/en\/unicomp\/"]}]},{"@type":"ImageObject","inLanguage":"en-US","@id":"https:\/\/smart-solutions.pl\/en\/unicomp\/#primaryimage","url":"https:\/\/smart-solutions.pl\/wp-content\/uploads\/2024\/02\/Unicomp-logo.png","contentUrl":"https:\/\/smart-solutions.pl\/wp-content\/uploads\/2024\/02\/Unicomp-logo.png"},{"@type":"BreadcrumbList","@id":"https:\/\/smart-solutions.pl\/en\/unicomp\/#breadcrumb","itemListElement":[{"@type":"ListItem","position":1,"name":"Strona g\u0142\u00f3wna","item":"https:\/\/smart-solutions.pl\/en\/"},{"@type":"ListItem","position":2,"name":"Unicomp"}]},{"@type":"WebSite","@id":"https:\/\/smart-solutions.pl\/en\/#website","url":"https:\/\/smart-solutions.pl\/en\/","name":"smart-solutions","description":"Sprzeda\u017c system\u00f3w i realizacja us\u0142ug, doradztwo w zakresie precyzyjnych pomiar\u00f3w metrologicznych i bada\u0144 nieniszcz\u0105cych CT","publisher":{"@id":"https:\/\/smart-solutions.pl\/en\/#organization"},"potentialAction":[{"@type":"SearchAction","target":{"@type":"EntryPoint","urlTemplate":"https:\/\/smart-solutions.pl\/en\/?s={search_term_string}"},"query-input":{"@type":"PropertyValueSpecification","valueRequired":true,"valueName":"search_term_string"}}],"inLanguage":"en-US"},{"@type":"Organization","@id":"https:\/\/smart-solutions.pl\/en\/#organization","name":"Smart Solutions sp. z o.o.","url":"https:\/\/smart-solutions.pl\/en\/","logo":{"@type":"ImageObject","inLanguage":"en-US","@id":"https:\/\/smart-solutions.pl\/en\/#\/schema\/logo\/image\/","url":"https:\/\/smart-solutions.pl\/wp-content\/uploads\/2021\/10\/smart_solutions_logo.png","contentUrl":"https:\/\/smart-solutions.pl\/wp-content\/uploads\/2021\/10\/smart_solutions_logo.png","width":500,"height":200,"caption":"Smart Solutions sp. z o.o."},"image":{"@id":"https:\/\/smart-solutions.pl\/en\/#\/schema\/logo\/image\/"},"sameAs":["https:\/\/www.facebook.com\/SmartSolutions3DMetrology","https:\/\/www.linkedin.com\/company\/smart-metrology\/","https:\/\/www.instagram.com\/smart_metrology_\/","https:\/\/www.youtube.com\/channel\/UCuvAShwl3fMnucOW1hcGi4g\/featured"]}]}},"_links":{"self":[{"href":"https:\/\/smart-solutions.pl\/en\/wp-json\/wp\/v2\/pages\/15969","targetHints":{"allow":["GET"]}}],"collection":[{"href":"https:\/\/smart-solutions.pl\/en\/wp-json\/wp\/v2\/pages"}],"about":[{"href":"https:\/\/smart-solutions.pl\/en\/wp-json\/wp\/v2\/types\/page"}],"author":[{"embeddable":true,"href":"https:\/\/smart-solutions.pl\/en\/wp-json\/wp\/v2\/users\/1"}],"replies":[{"embeddable":true,"href":"https:\/\/smart-solutions.pl\/en\/wp-json\/wp\/v2\/comments?post=15969"}],"version-history":[{"count":3,"href":"https:\/\/smart-solutions.pl\/en\/wp-json\/wp\/v2\/pages\/15969\/revisions"}],"predecessor-version":[{"id":15972,"href":"https:\/\/smart-solutions.pl\/en\/wp-json\/wp\/v2\/pages\/15969\/revisions\/15972"}],"wp:attachment":[{"href":"https:\/\/smart-solutions.pl\/en\/wp-json\/wp\/v2\/media?parent=15969"}],"curies":[{"name":"wp","href":"https:\/\/api.w.org\/{rel}","templated":true}]}}